{"id":6247,"date":"2021-07-08T08:35:35","date_gmt":"2021-07-08T06:35:35","guid":{"rendered":"https:\/\/rtp-radom.eu\/kosik\/"},"modified":"2026-04-01T10:44:43","modified_gmt":"2026-04-01T08:44:43","slug":"kosik","status":"publish","type":"page","link":"https:\/\/rtp-radom.eu\/cs\/kosik\/","title":{"rendered":"Ko\u0161\u00edk"},"content":{"rendered":"\n<div data-block-name=\"woocommerce\/cart\" class=\"wp-block-woocommerce-cart alignwide is-loading\">\n<div data-block-name=\"woocommerce\/filled-cart-block\" class=\"wp-block-woocommerce-filled-cart-block\">\n<div data-block-name=\"woocommerce\/cart-items-block\" class=\"wp-block-woocommerce-cart-items-block\">\n<div data-block-name=\"woocommerce\/cart-line-items-block\" class=\"wp-block-woocommerce-cart-line-items-block\"><\/div>\n\n\n<\/div>\n\n\n\n\n<div data-block-name=\"woocommerce\/cart-totals-block\" class=\"wp-block-woocommerce-cart-totals-block\">\n<div data-block-name=\"woocommerce\/cart-order-summary-block\" class=\"wp-block-woocommerce-cart-order-summary-block\">\n<div data-block-name=\"woocommerce\/cart-order-summary-heading-block\" class=\"wp-block-woocommerce-cart-order-summary-heading-block\"><\/div><div data-block-name=\"woocommerce\/cart-order-summary-coupon-form-block\" class=\"wp-block-woocommerce-cart-order-summary-coupon-form-block\"><\/div><div data-block-name=\"woocommerce\/cart-order-summary-totals-block\" class=\"wp-block-woocommerce-cart-order-summary-totals-block\">\n<div data-block-name=\"woocommerce\/cart-order-summary-subtotal-block\" class=\"wp-block-woocommerce-cart-order-summary-subtotal-block\"><\/div>\n<div data-block-name=\"woocommerce\/cart-order-summary-discount-block\" class=\"wp-block-woocommerce-cart-order-summary-discount-block\"><\/div>\n<div data-block-name=\"woocommerce\/cart-order-summary-fee-block\" class=\"wp-block-woocommerce-cart-order-summary-fee-block\"><\/div>\n<div data-block-name=\"woocommerce\/cart-order-summary-shipping-block\" class=\"wp-block-woocommerce-cart-order-summary-shipping-block\"><\/div>\n<div data-block-name=\"woocommerce\/cart-order-summary-taxes-block\" class=\"wp-block-woocommerce-cart-order-summary-taxes-block\"><\/div><\/div>\n<\/div>\n\n\n\n<div data-block-name=\"woocommerce\/cart-express-payment-block\" class=\"wp-block-woocommerce-cart-express-payment-block\"><\/div>\n\n\n\n<div data-block-name=\"woocommerce\/proceed-to-checkout-block\" class=\"wp-block-woocommerce-proceed-to-checkout-block\"><\/div>\n\n\n\n<div data-block-name=\"woocommerce\/cart-accepted-payment-methods-block\" class=\"wp-block-woocommerce-cart-accepted-payment-methods-block\"><\/div>\n<\/div>\n<\/div>\n\n\n\n<div data-block-name=\"woocommerce\/empty-cart-block\" class=\"wp-block-woocommerce-empty-cart-block\">\n<h2 class=\"wp-block-heading has-text-align-center with-empty-cart-icon wc-block-cart__empty-cart__title\">V\u00e1\u0161 ko\u0161\u00edk je aktu\u00e1ln\u011b pr\u00e1zdn\u00fd!<\/h2>\n\n\n\n<hr class=\"wp-block-separator has-alpha-channel-opacity is-style-dots\"\/>\n\n\n\n<h2 class=\"wp-block-heading has-text-align-center\">Novinka<\/h2>\n\n\n<div data-block-name=\"woocommerce\/product-new\" data-columns=\"4\" data-rows=\"1\" class=\"wc-block-grid wp-block-product-new wp-block-woocommerce-product-new wc-block-product-new has-4-columns\"><ul class=\"wc-block-grid__products\"><li class=\"wc-block-grid__product\"><span class=\"gtm4wp_productdata\" style=\"display:none; visibility:hidden;\" data-gtm4wp_product_data=\"{&quot;internal_id&quot;:12093,&quot;item_id&quot;:12093,&quot;item_name&quot;:&quot;Pytle pro pneumatickou p\\u0159epravu&quot;,&quot;sku&quot;:12093,&quot;price&quot;:0,&quot;stocklevel&quot;:null,&quot;stockstatus&quot;:&quot;onbackorder&quot;,&quot;google_business_vertical&quot;:&quot;retail&quot;,&quot;item_category&quot;:&quot;Pytle pro pneumatickou p\\u0159epravu&quot;,&quot;id&quot;:12093,&quot;productlink&quot;:&quot;https:\\\/\\\/rtp-radom.eu\\\/cs\\\/produkt\\\/vnejsi-obal-na-prepravni-voziky-kopia\\\/&quot;,&quot;item_list_name&quot;:&quot;General Product List&quot;,&quot;index&quot;:0,&quot;product_type&quot;:&quot;simple&quot;,&quot;item_brand&quot;:&quot;&quot;}\"><\/span>\n\t\t\t\t<a href=\"https:\/\/rtp-radom.eu\/cs\/produkt\/vnejsi-obal-na-prepravni-voziky-kopia\/\" class=\"wc-block-grid__product-link\">\n\t\t\t\t\t\n\t\t\t\t\t<div class=\"wc-block-grid__product-image\"><img fetchpriority=\"high\" decoding=\"async\" width=\"300\" height=\"300\" src=\"https:\/\/rtp-radom.eu\/wp-content\/uploads\/2026\/04\/rtp-monorail-system-dla-pralni-przemyslowych-300x300.jpg\" class=\"attachment-woocommerce_thumbnail size-woocommerce_thumbnail\" alt=\"Pytle pro pneumatickou p\u0159epravu\" srcset=\"https:\/\/rtp-radom.eu\/wp-content\/uploads\/2026\/04\/rtp-monorail-system-dla-pralni-przemyslowych-300x300.jpg 300w, https:\/\/rtp-radom.eu\/wp-content\/uploads\/2026\/04\/rtp-monorail-system-dla-pralni-przemyslowych-1024x1024.jpg 1024w, https:\/\/rtp-radom.eu\/wp-content\/uploads\/2026\/04\/rtp-monorail-system-dla-pralni-przemyslowych-150x150.jpg 150w, https:\/\/rtp-radom.eu\/wp-content\/uploads\/2026\/04\/rtp-monorail-system-dla-pralni-przemyslowych-768x768.jpg 768w, https:\/\/rtp-radom.eu\/wp-content\/uploads\/2026\/04\/rtp-monorail-system-dla-pralni-przemyslowych-600x600.jpg 600w, https:\/\/rtp-radom.eu\/wp-content\/uploads\/2026\/04\/rtp-monorail-system-dla-pralni-przemyslowych-100x100.jpg 100w, https:\/\/rtp-radom.eu\/wp-content\/uploads\/2026\/04\/rtp-monorail-system-dla-pralni-przemyslowych-50x50.jpg 50w, https:\/\/rtp-radom.eu\/wp-content\/uploads\/2026\/04\/rtp-monorail-system-dla-pralni-przemyslowych.jpg 1080w\" sizes=\"(max-width: 300px) 100vw, 300px\" \/><\/div>\n\t\t\t\t\t<div class=\"wc-block-grid__product-title\">Pytle pro pneumatickou p\u0159epravu<\/div>\n\t\t\t\t<\/a>\n\t\t\t\t<div class=\"wc-block-grid__product-price price\"><\/div>\n\t\t\t\t\n\t\t\t\t<div class=\"wp-block-button wc-block-grid__product-add-to-cart\"><a href=\"\/cs\/wp-json\/wp\/v2\/pages\/6247?add-to-cart=12093\" aria-label=\"P\u0159idat do ko\u0161\u00edku: &ldquo;Pytle pro pneumatickou p\u0159epravu&rdquo;\" data-quantity=\"1\" data-product_id=\"12093\" data-product_sku=\"\" data-price=\"0\" rel=\"nofollow\" class=\"wp-block-button__link  add_to_cart_button ajax_add_to_cart\">P\u0159idat do ko\u0161\u00edku<\/a><\/div>\n\t\t\t<\/li><li class=\"wc-block-grid__product\"><span class=\"gtm4wp_productdata\" style=\"display:none; visibility:hidden;\" data-gtm4wp_product_data=\"{&quot;internal_id&quot;:8312,&quot;item_id&quot;:8312,&quot;item_name&quot;:&quot;Reklamn\\u00ed ta\\u0161ka z upcyklovan\\u00e9ho polyesteru&quot;,&quot;sku&quot;:8312,&quot;price&quot;:15,&quot;stocklevel&quot;:null,&quot;stockstatus&quot;:&quot;instock&quot;,&quot;google_business_vertical&quot;:&quot;retail&quot;,&quot;item_category&quot;:&quot;Pr\\u00e1delensk\\u00e9 p\\u0159\\u00edslu\\u0161enstv\\u00ed&quot;,&quot;id&quot;:8312,&quot;productlink&quot;:&quot;https:\\\/\\\/rtp-radom.eu\\\/cs\\\/produkt\\\/reklamni-taska-z-upcyklovaneho-polyesteru\\\/&quot;,&quot;item_list_name&quot;:&quot;General Product List&quot;,&quot;index&quot;:0,&quot;product_type&quot;:&quot;simple&quot;,&quot;item_brand&quot;:&quot;&quot;}\"><\/span>\n\t\t\t\t<a href=\"https:\/\/rtp-radom.eu\/cs\/produkt\/reklamni-taska-z-upcyklovaneho-polyesteru\/\" class=\"wc-block-grid__product-link\">\n\t\t\t\t\t\n\t\t\t\t\t<div class=\"wc-block-grid__product-image\"><img decoding=\"async\" width=\"300\" height=\"300\" src=\"https:\/\/rtp-radom.eu\/wp-content\/uploads\/2026\/03\/rtp-poliestrowa-torba-wykonana-z-odpadu-trwalosc-i-funkcjonalnosc-3-1-300x300.jpg\" class=\"attachment-woocommerce_thumbnail size-woocommerce_thumbnail\" alt=\"Reklamn\u00ed ta\u0161ka z upcyklovan\u00e9ho polyesteru\" srcset=\"https:\/\/rtp-radom.eu\/wp-content\/uploads\/2026\/03\/rtp-poliestrowa-torba-wykonana-z-odpadu-trwalosc-i-funkcjonalnosc-3-1-300x300.jpg 300w, https:\/\/rtp-radom.eu\/wp-content\/uploads\/2026\/03\/rtp-poliestrowa-torba-wykonana-z-odpadu-trwalosc-i-funkcjonalnosc-3-1-1024x1024.jpg 1024w, https:\/\/rtp-radom.eu\/wp-content\/uploads\/2026\/03\/rtp-poliestrowa-torba-wykonana-z-odpadu-trwalosc-i-funkcjonalnosc-3-1-150x150.jpg 150w, https:\/\/rtp-radom.eu\/wp-content\/uploads\/2026\/03\/rtp-poliestrowa-torba-wykonana-z-odpadu-trwalosc-i-funkcjonalnosc-3-1-768x768.jpg 768w, https:\/\/rtp-radom.eu\/wp-content\/uploads\/2026\/03\/rtp-poliestrowa-torba-wykonana-z-odpadu-trwalosc-i-funkcjonalnosc-3-1-600x600.jpg 600w, https:\/\/rtp-radom.eu\/wp-content\/uploads\/2026\/03\/rtp-poliestrowa-torba-wykonana-z-odpadu-trwalosc-i-funkcjonalnosc-3-1-100x100.jpg 100w, https:\/\/rtp-radom.eu\/wp-content\/uploads\/2026\/03\/rtp-poliestrowa-torba-wykonana-z-odpadu-trwalosc-i-funkcjonalnosc-3-1-50x50.jpg 50w, https:\/\/rtp-radom.eu\/wp-content\/uploads\/2026\/03\/rtp-poliestrowa-torba-wykonana-z-odpadu-trwalosc-i-funkcjonalnosc-3-1.jpg 1080w\" sizes=\"(max-width: 300px) 100vw, 300px\" \/><\/div>\n\t\t\t\t\t<div class=\"wc-block-grid__product-title\">Reklamn\u00ed ta\u0161ka z upcyklovan\u00e9ho polyesteru<\/div>\n\t\t\t\t<\/a>\n\t\t\t\t<div class=\"wc-block-grid__product-price price\"><span class=\"woocommerce-Price-amount amount\">15,00&nbsp;<span class=\"woocommerce-Price-currencySymbol\">&#122;&#322;<\/span><\/span><\/div>\n\t\t\t\t\n\t\t\t\t<div class=\"wp-block-button wc-block-grid__product-add-to-cart\"><a href=\"\/cs\/wp-json\/wp\/v2\/pages\/6247?add-to-cart=8312\" aria-label=\"P\u0159idat do ko\u0161\u00edku: &ldquo;Reklamn\u00ed ta\u0161ka z upcyklovan\u00e9ho polyesteru&rdquo;\" data-quantity=\"1\" data-product_id=\"8312\" data-product_sku=\"\" data-price=\"15\" rel=\"nofollow\" class=\"wp-block-button__link  add_to_cart_button ajax_add_to_cart\">P\u0159idat do ko\u0161\u00edku<\/a><\/div>\n\t\t\t<\/li><li class=\"wc-block-grid__product\"><span class=\"gtm4wp_productdata\" style=\"display:none; visibility:hidden;\" data-gtm4wp_product_data=\"{&quot;internal_id&quot;:8322,&quot;item_id&quot;:8322,&quot;item_name&quot;:&quot;Potah na \\u017eehlic\\u00ed prkno | Polyester | Kr\\u00e1lovsk\\u00e1 modr\\u00e1&quot;,&quot;sku&quot;:8322,&quot;price&quot;:17,&quot;stocklevel&quot;:100,&quot;stockstatus&quot;:&quot;instock&quot;,&quot;google_business_vertical&quot;:&quot;retail&quot;,&quot;item_category&quot;:&quot;Posledn\\u00ed kusy&quot;,&quot;id&quot;:8322,&quot;productlink&quot;:&quot;https:\\\/\\\/rtp-radom.eu\\\/cs\\\/produkt\\\/potah-na-zehlici-prkno-polyester-kralovska-modra\\\/&quot;,&quot;item_list_name&quot;:&quot;General Product List&quot;,&quot;index&quot;:0,&quot;product_type&quot;:&quot;simple&quot;,&quot;item_brand&quot;:&quot;&quot;}\"><\/span>\n\t\t\t\t<a href=\"https:\/\/rtp-radom.eu\/cs\/produkt\/potah-na-zehlici-prkno-polyester-kralovska-modra\/\" class=\"wc-block-grid__product-link\">\n\t\t\t\t\t<div class=\"wc-block-grid__product-onsale\">\n\t\t\t<span aria-hidden=\"true\">Sleva<\/span>\n\t\t\t<span class=\"screen-reader-text\">Produkt za ak\u010dn\u00ed cenu<\/span>\n\t\t<\/div>\n\t\t\t\t\t<div class=\"wc-block-grid__product-image\"><img decoding=\"async\" width=\"300\" height=\"300\" src=\"https:\/\/rtp-radom.eu\/wp-content\/uploads\/2026\/03\/rtp-pokrowiec-na-deske-do-prasowania-1-300x300.jpg\" class=\"attachment-woocommerce_thumbnail size-woocommerce_thumbnail\" alt=\"Potah na \u017eehlic\u00ed prkno | Polyester | Kr\u00e1lovsk\u00e1 modr\u00e1\" srcset=\"https:\/\/rtp-radom.eu\/wp-content\/uploads\/2026\/03\/rtp-pokrowiec-na-deske-do-prasowania-1-300x300.jpg 300w, https:\/\/rtp-radom.eu\/wp-content\/uploads\/2026\/03\/rtp-pokrowiec-na-deske-do-prasowania-1-1024x1024.jpg 1024w, https:\/\/rtp-radom.eu\/wp-content\/uploads\/2026\/03\/rtp-pokrowiec-na-deske-do-prasowania-1-150x150.jpg 150w, https:\/\/rtp-radom.eu\/wp-content\/uploads\/2026\/03\/rtp-pokrowiec-na-deske-do-prasowania-1-768x768.jpg 768w, https:\/\/rtp-radom.eu\/wp-content\/uploads\/2026\/03\/rtp-pokrowiec-na-deske-do-prasowania-1-600x600.jpg 600w, https:\/\/rtp-radom.eu\/wp-content\/uploads\/2026\/03\/rtp-pokrowiec-na-deske-do-prasowania-1-100x100.jpg 100w, https:\/\/rtp-radom.eu\/wp-content\/uploads\/2026\/03\/rtp-pokrowiec-na-deske-do-prasowania-1-50x50.jpg 50w, https:\/\/rtp-radom.eu\/wp-content\/uploads\/2026\/03\/rtp-pokrowiec-na-deske-do-prasowania-1.jpg 1080w\" sizes=\"(max-width: 300px) 100vw, 300px\" \/><\/div>\n\t\t\t\t\t<div class=\"wc-block-grid__product-title\">Potah na \u017eehlic\u00ed prkno | Polyester | Kr\u00e1lovsk\u00e1 modr\u00e1<\/div>\n\t\t\t\t<\/a>\n\t\t\t\t<div class=\"wc-block-grid__product-price price\"><del aria-hidden=\"true\"><span class=\"woocommerce-Price-amount amount\">25,00&nbsp;<span class=\"woocommerce-Price-currencySymbol\">&#122;&#322;<\/span><\/span><\/del> <span class=\"screen-reader-text\">P\u016fvodn\u00ed cena byla: 25,00&nbsp;&#122;&#322;.<\/span><ins aria-hidden=\"true\"><span class=\"woocommerce-Price-amount amount\">17,00&nbsp;<span class=\"woocommerce-Price-currencySymbol\">&#122;&#322;<\/span><\/span><\/ins><span class=\"screen-reader-text\">Aktu\u00e1ln\u00ed cena je: 17,00&nbsp;&#122;&#322;.<\/span><\/div>\n\t\t\t\t\n\t\t\t\t<div class=\"wp-block-button wc-block-grid__product-add-to-cart\"><a href=\"\/cs\/wp-json\/wp\/v2\/pages\/6247?add-to-cart=8322\" aria-label=\"P\u0159idat do ko\u0161\u00edku: &ldquo;Potah na \u017eehlic\u00ed prkno | Polyester | Kr\u00e1lovsk\u00e1 modr\u00e1&rdquo;\" data-quantity=\"1\" data-product_id=\"8322\" data-product_sku=\"\" data-price=\"17\" rel=\"nofollow\" class=\"wp-block-button__link  add_to_cart_button ajax_add_to_cart\">P\u0159idat do ko\u0161\u00edku<\/a><\/div>\n\t\t\t<\/li><li class=\"wc-block-grid__product\"><span class=\"gtm4wp_productdata\" style=\"display:none; visibility:hidden;\" data-gtm4wp_product_data=\"{&quot;internal_id&quot;:9559,&quot;item_id&quot;:9559,&quot;item_name&quot;:&quot;Obal na od\\u011bv na ram\\u00ednko | 130x58 cm |&quot;,&quot;sku&quot;:9559,&quot;price&quot;:35,&quot;stocklevel&quot;:null,&quot;stockstatus&quot;:&quot;onbackorder&quot;,&quot;google_business_vertical&quot;:&quot;retail&quot;,&quot;item_category&quot;:&quot;Pr\\u00e1delensk\\u00e9 p\\u0159\\u00edslu\\u0161enstv\\u00ed&quot;,&quot;id&quot;:9559,&quot;productlink&quot;:&quot;https:\\\/\\\/rtp-radom.eu\\\/cs\\\/produkt\\\/obal-na-odev-na-raminko-130x58-cm\\\/&quot;,&quot;item_list_name&quot;:&quot;General Product List&quot;,&quot;index&quot;:0,&quot;product_type&quot;:&quot;simple&quot;,&quot;item_brand&quot;:&quot;&quot;}\"><\/span>\n\t\t\t\t<a href=\"https:\/\/rtp-radom.eu\/cs\/produkt\/obal-na-odev-na-raminko-130x58-cm\/\" class=\"wc-block-grid__product-link\">\n\t\t\t\t\t\n\t\t\t\t\t<div class=\"wc-block-grid__product-image\"><img loading=\"lazy\" decoding=\"async\" width=\"300\" height=\"300\" src=\"https:\/\/rtp-radom.eu\/wp-content\/uploads\/2026\/03\/rtp-pokrowiec-na-wieszak-na-ubrania-130x58cm-1-300x300.jpg\" class=\"attachment-woocommerce_thumbnail size-woocommerce_thumbnail\" alt=\"Obal na od\u011bv na ram\u00ednko | 130x58 cm |\" srcset=\"https:\/\/rtp-radom.eu\/wp-content\/uploads\/2026\/03\/rtp-pokrowiec-na-wieszak-na-ubrania-130x58cm-1-300x300.jpg 300w, https:\/\/rtp-radom.eu\/wp-content\/uploads\/2026\/03\/rtp-pokrowiec-na-wieszak-na-ubrania-130x58cm-1-1024x1024.jpg 1024w, https:\/\/rtp-radom.eu\/wp-content\/uploads\/2026\/03\/rtp-pokrowiec-na-wieszak-na-ubrania-130x58cm-1-150x150.jpg 150w, https:\/\/rtp-radom.eu\/wp-content\/uploads\/2026\/03\/rtp-pokrowiec-na-wieszak-na-ubrania-130x58cm-1-768x768.jpg 768w, https:\/\/rtp-radom.eu\/wp-content\/uploads\/2026\/03\/rtp-pokrowiec-na-wieszak-na-ubrania-130x58cm-1-600x600.jpg 600w, https:\/\/rtp-radom.eu\/wp-content\/uploads\/2026\/03\/rtp-pokrowiec-na-wieszak-na-ubrania-130x58cm-1-100x100.jpg 100w, https:\/\/rtp-radom.eu\/wp-content\/uploads\/2026\/03\/rtp-pokrowiec-na-wieszak-na-ubrania-130x58cm-1-50x50.jpg 50w, https:\/\/rtp-radom.eu\/wp-content\/uploads\/2026\/03\/rtp-pokrowiec-na-wieszak-na-ubrania-130x58cm-1.jpg 1080w\" sizes=\"(max-width: 300px) 100vw, 300px\" \/><\/div>\n\t\t\t\t\t<div class=\"wc-block-grid__product-title\">Obal na od\u011bv na ram\u00ednko | 130&#215;58 cm |<\/div>\n\t\t\t\t<\/a>\n\t\t\t\t<div class=\"wc-block-grid__product-price price\"><span class=\"woocommerce-Price-amount amount\">35,00&nbsp;<span class=\"woocommerce-Price-currencySymbol\">&#122;&#322;<\/span><\/span><\/div>\n\t\t\t\t\n\t\t\t\t<div class=\"wp-block-button wc-block-grid__product-add-to-cart\"><a href=\"\/cs\/wp-json\/wp\/v2\/pages\/6247?add-to-cart=9559\" aria-label=\"P\u0159idat do ko\u0161\u00edku: &ldquo;Obal na od\u011bv na ram\u00ednko | 130x58 cm |&rdquo;\" data-quantity=\"1\" data-product_id=\"9559\" data-product_sku=\"\" data-price=\"35\" rel=\"nofollow\" class=\"wp-block-button__link  add_to_cart_button ajax_add_to_cart\">P\u0159idat do ko\u0161\u00edku<\/a><\/div>\n\t\t\t<\/li><\/ul><\/div><\/div>\n<\/div>\n","protected":false},"excerpt":{"rendered":"","protected":false},"author":82,"featured_media":0,"parent":0,"menu_order":0,"comment_status":"closed","ping_status":"closed","template":"","meta":{"inline_featured_image":false,"footnotes":""},"class_list":["post-6247","page","type-page","status-publish","hentry"],"_links":{"self":[{"href":"https:\/\/rtp-radom.eu\/cs\/wp-json\/wp\/v2\/pages\/6247","targetHints":{"allow":["GET"]}}],"collection":[{"href":"https:\/\/rtp-radom.eu\/cs\/wp-json\/wp\/v2\/pages"}],"about":[{"href":"https:\/\/rtp-radom.eu\/cs\/wp-json\/wp\/v2\/types\/page"}],"author":[{"embeddable":true,"href":"https:\/\/rtp-radom.eu\/cs\/wp-json\/wp\/v2\/users\/82"}],"replies":[{"embeddable":true,"href":"https:\/\/rtp-radom.eu\/cs\/wp-json\/wp\/v2\/comments?post=6247"}],"version-history":[{"count":0,"href":"https:\/\/rtp-radom.eu\/cs\/wp-json\/wp\/v2\/pages\/6247\/revisions"}],"wp:attachment":[{"href":"https:\/\/rtp-radom.eu\/cs\/wp-json\/wp\/v2\/media?parent=6247"}],"curies":[{"name":"wp","href":"https:\/\/api.w.org\/{rel}","templated":true}]}}