{"id":6625,"date":"2025-11-05T11:08:21","date_gmt":"2025-11-05T10:08:21","guid":{"rendered":"https:\/\/rtp-radom.eu\/zasady-ochrany-osobnich-udaju-rtp-radom\/"},"modified":"2026-04-02T13:59:29","modified_gmt":"2026-04-02T11:59:29","slug":"zasady-ochrany-osobnich-udaju-rtp-radom","status":"publish","type":"page","link":"https:\/\/rtp-radom.eu\/cs\/zasady-ochrany-osobnich-udaju-rtp-radom\/","title":{"rendered":"Z\u00e1sady ochrany osobn\u00edch \u00fadaj\u016f RTP Radom"},"content":{"rendered":"\t\t<div data-elementor-type=\"wp-page\" data-elementor-id=\"6625\" class=\"elementor elementor-6625 elementor-3552\" data-elementor-post-type=\"page\">\n\t\t\t\t<div class=\"elementor-element elementor-element-804d6ca e-flex e-con-boxed e-con e-parent\" data-id=\"804d6ca\" data-element_type=\"container\" data-e-type=\"container\">\n\t\t\t\t\t<div class=\"e-con-inner\">\n\t\t\t\t<div class=\"elementor-element elementor-element-73fe2e5c elementor-widget elementor-widget-text-editor\" data-id=\"73fe2e5c\" data-element_type=\"widget\" data-e-type=\"widget\" data-widget_type=\"text-editor.default\">\n\t\t\t\t\t\t\t\t\t\n<p>Adresa na\u0161ich webov\u00fdch str\u00e1nek je: <a href=\"https:\/\/rtp-radom.eu\"><strong>https:\/\/rtp-radom.eu<\/strong><\/a>.<\/p>\n\n<p>V souladu s \u010dl. 13 odst. 1 a odst. 2 obecn\u00e9ho na\u0159\u00edzen\u00ed o ochran\u011b osobn\u00edch \u00fadaj\u016f ze dne 27.dubna 2016   <br>(GDPR) informujeme, \u017ee:<\/p>\n\n<p>1) spr\u00e1vcem Va\u0161ich osobn\u00edch \u00fadaj\u016f je Radomskie Tekstylia Przemys\u0142owe Sp. z o.o., ul. Chorzowska 17, 26-600 Radom <\/p>\n\n<p>2) Va\u0161e osobn\u00ed \u00fadaje jsou zpracov\u00e1v\u00e1ny za \u00fa\u010delem:<br>a. pln\u011bn\u00ed smlouvy po dobu trv\u00e1n\u00ed smlouvy a vypo\u0159\u00e1d\u00e1n\u00ed po jej\u00edm ukon\u010den\u00ed (pr\u00e1vn\u00ed z\u00e1klad: \u010dl. 6 odst. 1 p\u00edsm. b),<br>b. pln\u011bn\u00ed na\u0161ich z\u00e1konn\u00fdch povinnost\u00ed (pr\u00e1vn\u00ed z\u00e1klad: \u010dl. 6 odst. 1 p\u00edsm. c), nap\u0159.<br>\u00b7 vystavov\u00e1n\u00ed a uchov\u00e1v\u00e1n\u00ed faktur a \u00fa\u010detn\u00edch doklad\u016f po dobu stanovenou z\u00e1konem o \u00fa\u010detnictv\u00ed,<br>\u00b7 vy\u0159\u00edzen\u00ed reklamac\u00ed v term\u00ednu a form\u011b stanoven\u00e9 p\u0159edpisy,<br>c. ur\u010den\u00ed, obrany a vym\u00e1h\u00e1n\u00ed n\u00e1rok\u016f, co\u017e zahrnuje mimo jin\u00e9 vym\u00e1h\u00e1n\u00ed na\u0161ich pohled\u00e1vek ze smlouvy po dobu, po kterou se tyto n\u00e1roky proml\u010d\u00ed (\u010dl. 6 odst. 1 p\u00edsm. f);<br>d. N\u00e1\u0161 internetov\u00fd obchod vyu\u017e\u00edv\u00e1 marketingov\u00e9 n\u00e1stroje, jako je Google ADS, za \u00fa\u010delem optimalizace reklamn\u00edch kampan\u00ed. V r\u00e1mci tohoto procesu mohou b\u00fdt shroma\u017e\u010fov\u00e1ny a zpracov\u00e1v\u00e1ny osobn\u00ed \u00fadaje, jako je e-mailov\u00e1 adresa nebo IP adresa. Tyto \u00fadaje jsou vyu\u017e\u00edv\u00e1ny v\u00fdhradn\u011b za \u00fa\u010delem zlep\u0161en\u00ed kvality na\u0161ich reklam a jejich p\u0159izp\u016fsoben\u00ed Va\u0161im pot\u0159eb\u00e1m.       <\/p>\n\n<p>3) P\u0159\u00edjemci Va\u0161ich osobn\u00edch \u00fadaj\u016f budou po\u0161tovn\u00ed a kur\u00fdrn\u00ed spole\u010dnosti zaji\u0161\u0165uj\u00edc\u00ed v\u00fdm\u011bnu korespondence mezi V\u00e1mi a n\u00e1mi, bezpe\u010dnostn\u00ed agentura zaji\u0161\u0165uj\u00edc\u00ed bezpe\u010dnost na\u0161ich objekt\u016f a banky a finan\u010dn\u00ed instituce prov\u00e1d\u011bj\u00edc\u00ed finan\u010dn\u00ed vypo\u0159\u00e1d\u00e1n\u00ed transakc\u00ed vypl\u00fdvaj\u00edc\u00edch ze smlouvy;<br>Spolupracujeme s extern\u00edmi poskytovateli slu\u017eeb, jako je Google, za \u00fa\u010delem realizace reklamn\u00edch kampan\u00ed. Osobn\u00ed \u00fadaje mohou b\u00fdt t\u011bmto poskytovatel\u016fm p\u0159ed\u00e1v\u00e1ny, av\u0161ak jsou vyu\u017e\u00edv\u00e1ny v souladu s platn\u00fdmi p\u0159edpisy o ochran\u011b osobn\u00edch \u00fadaj\u016f. Va\u0161e osobn\u00ed \u00fadaje nebudeme sd\u00edlet ani prod\u00e1vat jin\u00fdm t\u0159et\u00edm stran\u00e1m. Vyu\u017eijeme je pouze a v\u00fdhradn\u011b pro v\u00fd\u0161e uveden\u00e9 \u00fa\u010dely.   <\/p>\n\n<p>4) Va\u0161e osobn\u00ed \u00fadaje nebudou p\u0159ed\u00e1v\u00e1ny do t\u0159et\u00edch zem\u00ed ani mezin\u00e1rodn\u00edm organizac\u00edm mimo Evropsk\u00fd hospod\u00e1\u0159sk\u00fd prostor;<\/p>\n\n<p>5) m\u00e1te pr\u00e1vo na p\u0159\u00edstup k obsahu sv\u00fdch \u00fadaj\u016f a pr\u00e1vo na jejich opravu, v\u00fdmaz, omezen\u00ed zpracov\u00e1n\u00ed, pr\u00e1vo na p\u0159enositelnost \u00fadaj\u016f, pr\u00e1vo vzn\u00e9st n\u00e1mitku.<\/p>\n\n<p>6) Pokud je zpracov\u00e1n\u00ed zalo\u017eeno na souhlasu, m\u00e1te pr\u00e1vo souhlas kdykoli odvolat, ani\u017e by to ovlivnilo z\u00e1konnost zpracov\u00e1n\u00ed p\u0159ed odvol\u00e1n\u00edm;<\/p>\n\n<p>7) m\u00e1te pr\u00e1vo podat st\u00ed\u017enost p\u0159edsedovi \u00da\u0159adu pro ochranu osobn\u00edch \u00fadaj\u016f, pokud se domn\u00edv\u00e1te, \u017ee zpracov\u00e1n\u00ed Va\u0161ich osobn\u00edch \u00fadaj\u016f poru\u0161uje pr\u00e1vn\u00ed p\u0159edpisy; Ve\u0161ker\u00e9 dal\u0161\u00ed informace t\u00fdkaj\u00edc\u00ed se ochrany osobn\u00edch \u00fadaj\u016f v Radomskie Tekstylia Przemys\u0142owe Sp. z o.o. m\u016f\u017eete z\u00edskat na adrese: <a href=\"mailto:info@rtp-radom.eu\">info@rtp-radom.eu<\/a>. <\/p>\n\n<p><strong>VR\u00c1CEN\u00cd ZBO\u017d\u00cd<\/strong><\/p>\n\n<ol class=\"wp-block-list\">\n<li>Z\u00e1kazn\u00edk, kter\u00fd je spot\u0159ebitelem ve smyslu ob\u010dansk\u00e9ho z\u00e1kon\u00edku, m\u00e1 pr\u00e1vo odstoupit od smlouvy uzav\u0159en\u00e9 mimo obchodn\u00ed prostory za podm\u00ednek stanoven\u00fdch z\u00e1konem ze dne 30.kv\u011btna 2014 o pr\u00e1vech spot\u0159ebitel\u016f, s p\u0159ihl\u00e9dnut\u00edm k n\u00ed\u017ee uveden\u00fdm podm\u00ednk\u00e1m.<\/li>\n\n<li>Odstoupen\u00ed od smlouvy se prov\u00e1d\u00ed pod\u00e1n\u00edm prohl\u00e1\u0161en\u00ed o odstoupen\u00ed Prod\u00e1vaj\u00edc\u00edmu.<\/li>\n\n<li>Vr\u00e1cen\u00e9 zbo\u017e\u00ed je t\u0159eba zas\u00edlat na adresu: Radomskie Tekstylia Przemys\u0142owe Sp. z o.o., ul. Chorzowska 17, 26-600 Radom  <\/li>\n\n<li>Z\u00e1silky na dob\u00edrku nebudou p\u0159ijaty.<\/li>\n\n<li>Z\u00e1kazn\u00edk m\u016f\u017ee odstoupit od smlouvy do 14 dn\u016f od data obdr\u017een\u00ed p\u0159edm\u011btu, za p\u0159edpokladu, \u017ee zbo\u017e\u00ed bude vr\u00e1ceno v neporu\u0161en\u00e9m stavu.<\/li>\n\n<li>V p\u0159\u00edpad\u011b zn\u00e1mek pou\u017e\u00edv\u00e1n\u00ed si Prod\u00e1vaj\u00edc\u00ed vyhrazuje pr\u00e1vo na pom\u011brn\u00e9 sn\u00ed\u017een\u00ed vr\u00e1cen\u00e9 \u010d\u00e1stky.<\/li>\n\n<li>Zbo\u017e\u00ed mus\u00ed b\u00fdt vr\u00e1ceno v neporu\u0161en\u00e9m stavu, umo\u017e\u0148uj\u00edc\u00edm dal\u0161\u00ed prodej. To znamen\u00e1, \u017ee Z\u00e1kazn\u00edk by m\u011bl produkt odeslat v origin\u00e1ln\u00edm obalu, zaji\u0161t\u011bn\u00e9m ochrannou f\u00f3li\u00ed. V p\u0159\u00edpad\u011b absence origin\u00e1ln\u00edho zaji\u0161t\u011bn\u00ed m\u00e1 Prod\u00e1vaj\u00edc\u00ed pr\u00e1vo uplatnit sn\u00ed\u017een\u00ed vr\u00e1cen\u00e9 \u010d\u00e1stky.  <\/li>\n\n<li>Z\u00e1kazn\u00edk m\u00e1 pr\u00e1vo na vr\u00e1cen\u00ed n\u00e1klad\u016f na doru\u010den\u00ed ve v\u00fd\u0161i nejlevn\u011bj\u0161\u00ed dostupn\u00e9 mo\u017enosti nab\u00edzen\u00e9 Prod\u00e1vaj\u00edc\u00edm v okam\u017eiku objedn\u00e1vky.<\/li>\n\n<li>Pr\u00e1vo na odstoupen\u00ed od smlouvy se nevztahuje na personalizovan\u00e9 (neprefabrikovan\u00e9) zbo\u017e\u00ed.<\/li>\n\n<li>Produkty, jako jsou p\u00e1sov\u00e9 z\u00e1v\u011bsy, kter\u00e9 se skl\u00e1daj\u00ed z individu\u00e1ln\u011b p\u0159izp\u016fsoben\u00fdch prvk\u016f (nap\u0159. na\u0159ezan\u00e9 p\u00e1sy, n\u00fdtovan\u00e9 plechy, mont\u00e1\u017en\u00ed li\u0161ty), nepodl\u00e9haj\u00ed vr\u00e1cen\u00ed.<\/li>\n\n<li>Pr\u00e1vo na odstoupen\u00ed od smlouvy nen\u00e1le\u017e\u00ed v p\u0159\u00edpad\u011b objedn\u00e1vek, u nich\u017e je zbo\u017e\u00ed vyrobeno podle specifikace z\u00e1kazn\u00edka nebo p\u0159izp\u016fsobeno jeho individu\u00e1ln\u00edm pot\u0159eb\u00e1m.<\/li>\n\n<li>Prod\u00e1vaj\u00edc\u00ed doporu\u010duje d\u00e9lky p\u00e1s\u016f v souladu s doporu\u010den\u00edmi v\u00fdrobce, av\u0161ak m\u016f\u017ee vyrobit p\u00e1sy o rozm\u011brech uveden\u00fdch Z\u00e1kazn\u00edkem. V p\u0159\u00edpad\u011b objedn\u00e1vky p\u00e1s\u016f, kter\u00e9 nejsou v souladu s doporu\u010den\u00edmi v\u00fdrobce, Prod\u00e1vaj\u00edc\u00ed nenese odpov\u011bdnost za z toho vypl\u00fdvaj\u00edc\u00ed d\u016fsledky. <\/li>\n<\/ol>\n\n<p><strong>REKLAMACE<\/strong><\/p>\n\n<ol class=\"wp-block-list\">\n<li>Prod\u00e1vaj\u00edc\u00ed zaru\u010duje, \u017ee v\u0161echny nab\u00edzen\u00e9 produkty jsou bez vad.<\/li>\n\n<li>Vyd\u00e1n\u00ed zbo\u017e\u00ed nast\u00e1v\u00e1 v okam\u017eiku jeho p\u0159ed\u00e1n\u00ed p\u0159epravn\u00ed spole\u010dnosti. Od tohoto okam\u017eiku nese riziko po\u0161kozen\u00ed nebo ztr\u00e1ty zbo\u017e\u00ed Z\u00e1kazn\u00edk. <\/li>\n\n<li>Prod\u00e1vaj\u00edc\u00ed dod\u00e1v\u00e1 n\u00e1vody k obsluze poskytnut\u00e9 v\u00fdrobcem a v p\u0159\u00edpad\u011b pot\u0159eby dopl\u0148uj\u00edc\u00ed informace o produktu.<\/li>\n\n<li>Prod\u00e1vaj\u00edc\u00ed nep\u0159ij\u00edm\u00e1 z\u00e1silky na dob\u00edrku.<\/li>\n<\/ol>\n\t\t\t\t\t\t\t\t<\/div>\n\t\t\t\t\t<\/div>\n\t\t\t\t<\/div>\n\t\t\t\t<\/div>\n\t\t","protected":false},"excerpt":{"rendered":"<p>Adresa na\u0161ich webov\u00fdch str\u00e1nek je: https:\/\/rtp-radom.eu. V souladu s \u010dl. 13 odst. 1 a odst. 2 obecn\u00e9ho na\u0159\u00edzen\u00ed o ochran\u011b osobn\u00edch \u00fadaj\u016f ze dne 27.dubna&hellip;<\/p>\n","protected":false},"author":82,"featured_media":0,"parent":0,"menu_order":0,"comment_status":"closed","ping_status":"closed","template":"elementor_canvas","meta":{"inline_featured_image":false,"footnotes":""},"class_list":["post-6625","page","type-page","status-publish","hentry"],"_links":{"self":[{"href":"https:\/\/rtp-radom.eu\/cs\/wp-json\/wp\/v2\/pages\/6625","targetHints":{"allow":["GET"]}}],"collection":[{"href":"https:\/\/rtp-radom.eu\/cs\/wp-json\/wp\/v2\/pages"}],"about":[{"href":"https:\/\/rtp-radom.eu\/cs\/wp-json\/wp\/v2\/types\/page"}],"author":[{"embeddable":true,"href":"https:\/\/rtp-radom.eu\/cs\/wp-json\/wp\/v2\/users\/82"}],"replies":[{"embeddable":true,"href":"https:\/\/rtp-radom.eu\/cs\/wp-json\/wp\/v2\/comments?post=6625"}],"version-history":[{"count":0,"href":"https:\/\/rtp-radom.eu\/cs\/wp-json\/wp\/v2\/pages\/6625\/revisions"}],"wp:attachment":[{"href":"https:\/\/rtp-radom.eu\/cs\/wp-json\/wp\/v2\/media?parent=6625"}],"curies":[{"name":"wp","href":"https:\/\/api.w.org\/{rel}","templated":true}]}}