{"id":6866,"date":"2021-06-09T13:04:41","date_gmt":"2021-06-09T11:04:41","guid":{"rendered":"https:\/\/rtp-radom.eu\/informacni-dolozka-gdpr\/"},"modified":"2026-04-02T14:08:21","modified_gmt":"2026-04-02T12:08:21","slug":"informacni-dolozka-gdpr","status":"publish","type":"page","link":"https:\/\/rtp-radom.eu\/cs\/informacni-dolozka-gdpr\/","title":{"rendered":"Informa\u010dn\u00ed dolo\u017eka GDPR"},"content":{"rendered":"\t\t<div data-elementor-type=\"wp-page\" data-elementor-id=\"6866\" class=\"elementor elementor-6866 elementor-814\" data-elementor-post-type=\"page\">\n\t\t\t\t<div class=\"elementor-element elementor-element-706255f e-flex e-con-boxed e-con e-parent\" data-id=\"706255f\" data-element_type=\"container\" data-e-type=\"container\">\n\t\t\t\t\t<div class=\"e-con-inner\">\n\t\t<div class=\"elementor-element elementor-element-91a8235 e-con-full e-flex e-con e-child\" data-id=\"91a8235\" data-element_type=\"container\" data-e-type=\"container\">\n\t\t\t\t<div class=\"elementor-element elementor-element-8b6938f elementor-widget elementor-widget-heading\" data-id=\"8b6938f\" data-element_type=\"widget\" data-e-type=\"widget\" data-widget_type=\"heading.default\">\n\t\t\t\t\t<h2 class=\"elementor-heading-title elementor-size-default\">Informa\u010dn\u00ed dolo\u017eka GDPR \u2013 Obecn\u00e9 na\u0159\u00edzen\u00ed o ochran\u011b osobn\u00edch \u00fadaj\u016f\n\n<\/h2>\t\t\t\t<\/div>\n\t\t\t\t<div class=\"elementor-element elementor-element-e7c0164 elementor-widget elementor-widget-text-editor\" data-id=\"e7c0164\" data-element_type=\"widget\" data-e-type=\"widget\" data-widget_type=\"text-editor.default\">\n\t\t\t\t\t\t\t\t\t<p>Na\u0159\u00edzen\u00ed Evropsk\u00e9ho parlamentu a Rady (EU) 2016\/679 ze dne 27.dubna 2016 o ochran\u011b fyzick\u00fdch osob v souvislosti se zpracov\u00e1n\u00edm osobn\u00edch \u00fadaj\u016f a o voln\u00e9m pohybu t\u011bchto \u00fadaj\u016f a o zru\u0161en\u00ed sm\u011brnice 95\/46\/ES (obecn\u00e9 na\u0159\u00edzen\u00ed o ochran\u011b osobn\u00edch \u00fadaj\u016f \u201eGDPR\u201c). <\/p><p>Na\u0159\u00edzen\u00ed GDPR zav\u00e1d\u00ed nov\u00e1 pr\u00e1vn\u00ed \u0159e\u0161en\u00ed t\u00fdkaj\u00edc\u00ed se z\u00e1sad zpracov\u00e1n\u00ed osobn\u00edch \u00fadaj\u016f. Hlavn\u00edm c\u00edlem GDPR je pos\u00edlit ochranu osobn\u00edch \u00fadaj\u016f fyzick\u00fdch osob, kter\u00e9 jsou shroma\u017e\u010fov\u00e1ny a zpracov\u00e1v\u00e1ny spole\u010dnostmi a institucemi p\u016fsob\u00edc\u00edmi na \u00fazem\u00ed Evropsk\u00e9 unie. <\/p><p>V souladu s \u010dl.13 obecn\u00e9ho na\u0159\u00edzen\u00ed o ochran\u011b osobn\u00edch \u00fadaj\u016f ze dne 27.dubna 2016 (\u00da\u0159. v\u011bst. EU L 119 ze dne 4.5.2016) informuji: <\/p><ol><li><strong>\u00dadaje o spr\u00e1vci:<\/strong><br>Radomskie Tekstylia Przemys\u0142owe Sp. z o. o., Chorzowska 17, 26-600 Radom, jednaj\u00edc\u00ed na z\u00e1klad\u011b z\u00e1pisu do Centr\u00e1ln\u00ed evidence a informac\u00ed o hospod\u00e1\u0159sk\u00e9 \u010dinnosti (CEIDG), DI\u010c 7962640120.<\/li><li><strong>Va\u0161e osobn\u00ed \u00fadaje budou zpracov\u00e1v\u00e1ny za \u00fa\u010delem: <\/strong>Odpov\u011bdi na dotazy z\u00e1kazn\u00edk\u016f, kte\u0159\u00ed maj\u00ed z\u00e1jem o nab\u00eddku spole\u010dnosti, p\u0159\u00edpravy nab\u00eddek a obsluhy prodejn\u00edho procesu.<\/li><li><strong>P\u0159edm\u011btem zpracov\u00e1n\u00ed Va\u0161ich osobn\u00edch \u00fadaj\u016f jsou:<br><\/strong>N\u00e1zev zam\u011bstnavatele, jm\u00e9no, p\u0159\u00edjmen\u00ed, telefonn\u00ed \u010d\u00edslo, e-mailov\u00e1 adresa.<\/li><li><strong>P\u0159\u00edjemci Va\u0161ich osobn\u00edch \u00fadaj\u016f jsou: <\/strong>Spr\u00e1vce a subjekty poskytuj\u00edc\u00ed spr\u00e1vci poradensk\u00e9, konzulta\u010dn\u00ed, auditorsk\u00e9, IT, program\u00e1torsk\u00e9, po\u0161tovn\u00ed a kur\u00fdrn\u00ed slu\u017eby a pr\u00e1vn\u00ed a da\u0148ovou pomoc.<\/li><li><strong>Osobn\u00ed \u00fadaje, v p\u0159\u00edpad\u011b vystaven\u00ed prodejn\u00edch doklad\u016f, budou uchov\u00e1v\u00e1ny po z\u00e1konem po\u017eadovanou dobu,<\/strong> v ostatn\u00edch p\u0159\u00edpadech \u2013 po dobu pot\u0159ebnou k vy\u0159\u00edzen\u00ed dotazu.<\/li><li><strong>V souvislosti s osobn\u00edmi \u00fadaji m\u00e1te pr\u00e1vo na:<\/strong><ul><li>po\u017eadovat od spr\u00e1vce p\u0159\u00edstup k osobn\u00edm \u00fadaj\u016fm,<\/li><li>po\u017eadovat od spr\u00e1vce opravu osobn\u00edch \u00fadaj\u016f,<\/li><li>po\u017eadovat vymaz\u00e1n\u00ed neopr\u00e1vn\u011bn\u011b zpracov\u00e1van\u00fdch \u00fadaj\u016f,<\/li><li>po\u017eadovat omezen\u00ed zpracov\u00e1n\u00ed \u00fadaj\u016f,<\/li><li>vzn\u00e9st n\u00e1mitku proti zpracov\u00e1n\u00ed osobn\u00edch \u00fadaj\u016f,<\/li><li>podat st\u00ed\u017enost u dozorov\u00e9ho \u00fa\u0159adu v p\u0159\u00edpad\u011b, \u017ee se domn\u00edv\u00e1te, \u017ee zpracov\u00e1n\u00ed Va\u0161ich osobn\u00edch \u00fadaj\u016f poru\u0161uje p\u0159edpisy o ochran\u011b osobn\u00edch \u00fadaj\u016f.<\/li><\/ul><\/li><\/ol><p><strong>Poskytnut\u00ed \u00fadaj\u016f je dobrovoln\u00e9, av\u0161ak odm\u00edtnut\u00ed poskytnut\u00ed \u00fadaj\u016f m\u016f\u017ee znemo\u017enit odpov\u011b\u010f na dotaz a realizaci objedn\u00e1vky.<\/strong><\/p><p><strong>Spr\u00e1vce<\/strong><\/p>\t\t\t\t\t\t\t\t<\/div>\n\t\t\t\t<\/div>\n\t\t\t\t\t<\/div>\n\t\t\t\t<\/div>\n\t\t\t\t<\/div>\n\t\t","protected":false},"excerpt":{"rendered":"<p>Informa\u010dn\u00ed dolo\u017eka GDPR \u2013 Obecn\u00e9 na\u0159\u00edzen\u00ed o ochran\u011b osobn\u00edch \u00fadaj\u016f Na\u0159\u00edzen\u00ed Evropsk\u00e9ho parlamentu a Rady (EU) 2016\/679 ze dne 27.dubna 2016 o ochran\u011b fyzick\u00fdch osob&hellip;<\/p>\n","protected":false},"author":82,"featured_media":0,"parent":0,"menu_order":0,"comment_status":"closed","ping_status":"closed","template":"elementor_canvas","meta":{"inline_featured_image":false,"footnotes":""},"class_list":["post-6866","page","type-page","status-publish","hentry"],"_links":{"self":[{"href":"https:\/\/rtp-radom.eu\/cs\/wp-json\/wp\/v2\/pages\/6866","targetHints":{"allow":["GET"]}}],"collection":[{"href":"https:\/\/rtp-radom.eu\/cs\/wp-json\/wp\/v2\/pages"}],"about":[{"href":"https:\/\/rtp-radom.eu\/cs\/wp-json\/wp\/v2\/types\/page"}],"author":[{"embeddable":true,"href":"https:\/\/rtp-radom.eu\/cs\/wp-json\/wp\/v2\/users\/82"}],"replies":[{"embeddable":true,"href":"https:\/\/rtp-radom.eu\/cs\/wp-json\/wp\/v2\/comments?post=6866"}],"version-history":[{"count":0,"href":"https:\/\/rtp-radom.eu\/cs\/wp-json\/wp\/v2\/pages\/6866\/revisions"}],"wp:attachment":[{"href":"https:\/\/rtp-radom.eu\/cs\/wp-json\/wp\/v2\/media?parent=6866"}],"curies":[{"name":"wp","href":"https:\/\/api.w.org\/{rel}","templated":true}]}}