{"id":8366,"date":"2026-03-24T09:37:20","date_gmt":"2026-03-24T08:37:20","guid":{"rendered":"https:\/\/rtp-radom.eu\/produkt\/taska-na-prepravu-rucniku\/"},"modified":"2026-03-24T09:37:20","modified_gmt":"2026-03-24T08:37:20","slug":"taska-na-prepravu-rucniku","status":"publish","type":"product","link":"https:\/\/rtp-radom.eu\/cs\/produkt\/taska-na-prepravu-rucniku\/","title":{"rendered":"Ta\u0161ka na p\u0159epravu ru\u010dn\u00edk\u016f"},"content":{"rendered":"","protected":false},"excerpt":{"rendered":"<p>Profesion\u00e1ln\u00ed logistick\u00e9 \u0159e\u0161en\u00ed vytvo\u0159en\u00e9 pro rozm\u011brn\u00e9 dod\u00e1vky, ide\u00e1ln\u00ed pro p\u0159epravu ru\u010dn\u00edk\u016f p\u0159\u00edmo ke klientovi, i do pater.<\/p>\n<h3 style=\"color: #1d389f;\">Specifikace produktu<\/h3>\n<p>&#x1f4cf; <strong>Rozm\u011br:<\/strong> 69 cm \u0161\u00ed\u0159ka x 46 cm hloubka x 46 cm v\u00fd\u0161ka  <\/p>\n<p>&#x1f512; <strong>Uzav\u0159en\u00ed:<\/strong> Klopa s p\u00e1skami a sponami; k dispozici tak\u00e9 \u017eeb\u0159\u00ed\u010dkov\u00e9 spony, zasouvac\u00ed nebo zipy<\/p>\n<p>&#x1f321;&#xfe0f; <strong>Vlastnosti \/ Pran\u00ed:<\/strong> Struktura \u017eebrovan\u00e9ho p\u00e1sku zabra\u0148uj\u00edc\u00ed uvoln\u011bn\u00ed zapnut\u00ed po p\u0159ehozen\u00ed p\u0159es rameno<\/p>\n<p>&#x1f455; <strong>Materi\u00e1l \/ Gram\u00e1\u017e:<\/strong> 100% odoln\u00e1 polyesterov\u00e1 tkanina<\/p>\n<p>&#x1f91d; <strong>\u00dachyty \/ Dopl\u0148ky:<\/strong> Mo\u017enost objedn\u00e1n\u00ed dedikovan\u00e9ho voz\u00edku pro usnadn\u011bn\u00ed balen\u00ed a p\u0159epravy<\/p>\n<p>&#x1f4e6; <strong>Minim\u00e1ln\u00ed objedn\u00e1vka:<\/strong> 50 ks<\/p>\n<h3 style=\"color: #1d389f;\">Unik\u00e1tn\u00ed vlastnosti produktu<\/h3>\n<ul>\n<li><strong>Syst\u00e9m stabilizace n\u00e1kladu:<\/strong> Speci\u00e1ln\u00ed struktura p\u00e1sk\u016f se \u017eeb\u0159\u00ed\u010dkovou sponou se automaticky blokuje vlivem v\u00e1hy, co\u017e zabra\u0148uje rozepnut\u00ed ta\u0161ky b\u011bhem no\u0161en\u00ed na rameni.<\/li>\n<li><strong>Maxim\u00e1ln\u00ed ochrana obsahu:<\/strong> Pou\u017eit\u00ed klopky a syst\u00e9mu spon k uta\u017een\u00ed n\u00e1pln\u011b zaru\u010duje, \u017ee p\u0159epravovan\u00e9 ru\u010dn\u00edky z\u016fst\u00e1vaj\u00ed t\u011bsn\u011b zabezpe\u010deny p\u0159ed zne\u010di\u0161t\u011bn\u00edm a vypadnut\u00edm.<\/li>\n<li><strong>Vysok\u00e1 ergonomie dod\u00e1vek:<\/strong> Konstrukce ta\u0161ky byla optimalizov\u00e1na pro vn\u00e1\u0161en\u00ed pr\u00e1dla do pater, nab\u00edz\u00ed pohodlnou alternativu k tuh\u00fdm ko\u0161\u016fm \u010di neohraban\u00fdm voz\u00edk\u016fm v t\u011b\u017eko p\u0159\u00edstupn\u00fdch m\u00edstech.<\/li>\n<\/ul>\n","protected":false},"featured_media":7191,"template":"","meta":{"inline_featured_image":false},"product_brand":[],"product_cat":[253],"product_tag":[],"class_list":{"0":"post-8366","1":"product","2":"type-product","3":"status-publish","4":"has-post-thumbnail","6":"product_cat-potahy-na-voziky","8":"first","9":"onbackorder","10":"taxable","11":"shipping-taxable","12":"purchasable","13":"product-type-simple","14":"customify-col"},"_links":{"self":[{"href":"https:\/\/rtp-radom.eu\/cs\/wp-json\/wp\/v2\/product\/8366","targetHints":{"allow":["GET"]}}],"collection":[{"href":"https:\/\/rtp-radom.eu\/cs\/wp-json\/wp\/v2\/product"}],"about":[{"href":"https:\/\/rtp-radom.eu\/cs\/wp-json\/wp\/v2\/types\/product"}],"version-history":[{"count":0,"href":"https:\/\/rtp-radom.eu\/cs\/wp-json\/wp\/v2\/product\/8366\/revisions"}],"wp:featuredmedia":[{"embeddable":true,"href":"https:\/\/rtp-radom.eu\/cs\/wp-json\/wp\/v2\/media\/7191"}],"wp:attachment":[{"href":"https:\/\/rtp-radom.eu\/cs\/wp-json\/wp\/v2\/media?parent=8366"}],"wp:term":[{"taxonomy":"product_brand","embeddable":true,"href":"https:\/\/rtp-radom.eu\/cs\/wp-json\/wp\/v2\/product_brand?post=8366"},{"taxonomy":"product_cat","embeddable":true,"href":"https:\/\/rtp-radom.eu\/cs\/wp-json\/wp\/v2\/product_cat?post=8366"},{"taxonomy":"product_tag","embeddable":true,"href":"https:\/\/rtp-radom.eu\/cs\/wp-json\/wp\/v2\/product_tag?post=8366"}],"curies":[{"name":"wp","href":"https:\/\/api.w.org\/{rel}","templated":true}]}}