{"id":6753,"date":"2021-06-08T10:10:42","date_gmt":"2021-06-08T08:10:42","guid":{"rendered":"https:\/\/rtp-radom.eu\/ueber-uns\/"},"modified":"2026-04-17T07:46:49","modified_gmt":"2026-04-17T05:46:49","slug":"ueber-uns","status":"publish","type":"page","link":"https:\/\/rtp-radom.eu\/de\/ueber-uns\/","title":{"rendered":"\u00dcber uns"},"content":{"rendered":"\t\t<div data-elementor-type=\"wp-page\" data-elementor-id=\"6753\" class=\"elementor elementor-6753 elementor-18\" data-elementor-post-type=\"page\">\n\t\t\t\t<div class=\"elementor-element elementor-element-a57d6bc e-flex e-con-boxed e-con e-parent\" data-id=\"a57d6bc\" data-element_type=\"container\" data-e-type=\"container\">\n\t\t\t\t\t<div class=\"e-con-inner\">\n\t\t<div class=\"elementor-element elementor-element-63d6039 e-con-full e-flex e-con e-child\" data-id=\"63d6039\" data-element_type=\"container\" data-e-type=\"container\">\n\t\t\t\t<div class=\"elementor-element elementor-element-5c69c54 elementor-widget elementor-widget-heading\" data-id=\"5c69c54\" data-element_type=\"widget\" data-e-type=\"widget\" data-widget_type=\"heading.default\">\n\t\t\t\t\t<h1 class=\"elementor-heading-title elementor-size-default\">\u00dcber uns - RTP Radom<\/h1>\t\t\t\t<\/div>\n\t\t\t\t<\/div>\n\t\t\t\t\t<\/div>\n\t\t\t\t<\/div>\n\t\t<div class=\"elementor-element elementor-element-13cc072 e-con-full e-flex e-con e-parent\" data-id=\"13cc072\" data-element_type=\"container\" data-e-type=\"container\">\n\t\t<div class=\"elementor-element elementor-element-e2092b8 e-con-full e-flex e-con e-child\" data-id=\"e2092b8\" data-element_type=\"container\" data-e-type=\"container\">\n\t\t\t\t<div class=\"elementor-element elementor-element-5425450 elementor-widget elementor-widget-image\" data-id=\"5425450\" data-element_type=\"widget\" data-e-type=\"widget\" data-widget_type=\"image.default\">\n\t\t\t\t\t\t\t\t\t\t\t\t\t\t\t<img fetchpriority=\"high\" decoding=\"async\" width=\"650\" height=\"520\" src=\"https:\/\/rtp-radom.eu\/wp-content\/uploads\/2021\/06\/radomskie_tekstylia_przemyslowe.jpg\" class=\"attachment-large size-large wp-image-6754\" alt=\"\" srcset=\"https:\/\/rtp-radom.eu\/wp-content\/uploads\/2021\/06\/radomskie_tekstylia_przemyslowe.jpg 650w, https:\/\/rtp-radom.eu\/wp-content\/uploads\/2021\/06\/radomskie_tekstylia_przemyslowe-600x480.jpg 600w, https:\/\/rtp-radom.eu\/wp-content\/uploads\/2021\/06\/radomskie_tekstylia_przemyslowe-300x240.jpg 300w\" sizes=\"(max-width: 650px) 100vw, 650px\" \/>\t\t\t\t\t\t\t\t\t\t\t\t\t\t\t<\/div>\n\t\t\t\t<\/div>\n\t\t<div class=\"elementor-element elementor-element-7fddae2 e-con-full e-flex e-con e-child\" data-id=\"7fddae2\" data-element_type=\"container\" data-e-type=\"container\">\n\t\t\t\t<div class=\"elementor-element elementor-element-029cf30 elementor-widget elementor-widget-heading\" data-id=\"029cf30\" data-element_type=\"widget\" data-e-type=\"widget\" data-widget_type=\"heading.default\">\n\t\t\t\t\t<h2 class=\"elementor-heading-title elementor-size-default\">Wir schaffen Standards f\u00fcr moderne W\u00e4schereilogistik<\/h2>\t\t\t\t<\/div>\n\t\t\t\t<div class=\"elementor-element elementor-element-1156fbb elementor-widget elementor-widget-text-editor\" data-id=\"1156fbb\" data-element_type=\"widget\" data-e-type=\"widget\" data-widget_type=\"text-editor.default\">\n\t\t\t\t\t\t\t\t\t<p><b>Radomskie Tekstylia Przemys\u0142owe <\/b>ist eine Marke, die seit 2004 den Markt f\u00fcr professionelle L\u00f6sungen f\u00fcr die gesamte <b>W\u00e4schereibranche in Polen und Europa<\/b> kontinuierlich pr\u00e4gt. Unsere Mission ist es, Produkte zu liefern, die nicht nur die t\u00e4gliche Arbeit erleichtern, sondern auch die Grundlage f\u00fcr einen <b>effizienten und \u00f6kologischen Textilkreislauf<\/b> bilden. Wir sind spezialisiert auf die Herstellung robuster <b>W\u00e4sches\u00e4cke<\/b>, <b>Container und Logistiksysteme,<\/b> die Tausenden von Zyklen intensiver Nutzung erfolgreich standhalten. Jedes Produkt, das unsere N\u00e4herei in Radom verl\u00e4sst, ist das direkte Ergebnis einer Kombination aus Leidenschaft, Wissen und modernen Materialtechnologien. Wir verstehen die Besonderheiten gro\u00dfer Industrieanlagen genau, weshalb unsere L\u00f6sungen auf maximale Haltbarkeit und Ergonomie ausgelegt sind. Wir <b>investieren kontinuierlich in unseren Maschinenpark<\/b>, um selbst den anspruchsvollsten personalisierten Auftr\u00e4gen gerecht zu werden. Unser Engagement f\u00fcr h\u00f6chste Qualit\u00e4t wird durch das Vertrauen Hunderter Kunden und eine langj\u00e4hrige, stabile Pr\u00e4senz auf dem Markt best\u00e4tigt. Wenn Sie sich f\u00fcr RTP Radom entscheiden, setzen Sie auf polnische Produktion, Zuverl\u00e4ssigkeit und absolute Termintreue. Wir sind stolz darauf, dass unsere Textilien die Logistik in den gr\u00f6\u00dften <b>Hotels, Krankenh\u00e4usern und gewerblichen W\u00e4schereien<\/b> aktiv unterst\u00fctzen. Wir laden Sie ein, das vollst\u00e4ndige Angebot unserer einzigartigen Produkte kennenzulernen, die wir mit Blick auf die Zukunft der modernen Textilindustrie und die Bed\u00fcrfnisse unserer Gesch\u00e4ftspartner in jeder Phase der Zusammenarbeit entwickeln.         <\/p>\t\t\t\t\t\t\t\t<\/div>\n\t\t\t\t<\/div>\n\t\t\t\t<\/div>\n\t\t<div class=\"elementor-element elementor-element-998abe4 e-flex e-con-boxed e-con e-parent\" data-id=\"998abe4\" data-element_type=\"container\" data-e-type=\"container\">\n\t\t\t\t\t<div class=\"e-con-inner\">\n\t\t\t\t<div class=\"elementor-element elementor-element-ec9563c elementor-widget elementor-widget-heading\" data-id=\"ec9563c\" data-element_type=\"widget\" data-e-type=\"widget\" data-widget_type=\"heading.default\">\n\t\t\t\t\t<h2 class=\"elementor-heading-title elementor-size-default\">Warum RTP Radom?<\/h2>\t\t\t\t<\/div>\n\t\t\t\t<div class=\"elementor-element elementor-element-6bf9def elementor-widget elementor-widget-text-editor\" data-id=\"6bf9def\" data-element_type=\"widget\" data-e-type=\"widget\" data-widget_type=\"text-editor.default\">\n\t\t\t\t\t\t\t\t\t<p data-path-to-node=\"7\">Wir sind spezialisiert auf die <strong>Ausstattung von Industriew\u00e4schereien, Krankenh\u00e4usern, Hotels und Lebensmittelverarbeitungsbetrieben<\/strong>. Unser Portfolio umfasst: <\/p>\t\t\t\t\t\t\t\t<\/div>\n\t\t\t\t\t<\/div>\n\t\t\t\t<\/div>\n\t\t<div class=\"elementor-element elementor-element-590e2275 e-flex e-con-boxed e-con e-parent\" data-id=\"590e2275\" data-element_type=\"container\" data-e-type=\"container\">\n\t\t\t\t\t<div class=\"e-con-inner\">\n\t\t<div class=\"elementor-element elementor-element-3690afab e-flex e-con-boxed e-con e-child\" data-id=\"3690afab\" data-element_type=\"container\" data-e-type=\"container\">\n\t\t\t\t\t<div class=\"e-con-inner\">\n\t\t\t\t<div class=\"elementor-element elementor-element-7f9c86bc elementor-view-framed animated-slow elementor-shape-circle elementor-position-block-start elementor-mobile-position-block-start elementor-widget elementor-widget-icon-box\" data-id=\"7f9c86bc\" data-element_type=\"widget\" data-e-type=\"widget\" data-settings=\"{&quot;_animation&quot;:&quot;none&quot;}\" data-widget_type=\"icon-box.default\">\n\t\t\t\t\t\t\t<div class=\"elementor-icon-box-wrapper\">\n\n\t\t\t\t\t\t<div class=\"elementor-icon-box-icon\">\n\t\t\t\t<span  class=\"elementor-icon elementor-animation-bob\">\n\t\t\t\t<i aria-hidden=\"true\" class=\"fas fa-check\"><\/i>\t\t\t\t<\/span>\n\t\t\t<\/div>\n\t\t\t\n\t\t\t\t\t\t<div class=\"elementor-icon-box-content\">\n\n\t\t\t\t\t\t\t\t\t<h4 class=\"elementor-icon-box-title\">\n\t\t\t\t\t\t<span  >\n\t\t\t\t\t\t\tSpezielle W\u00e4sches\u00e4cke\t\t\t\t\t\t<\/span>\n\t\t\t\t\t<\/h4>\n\t\t\t\t\n\t\t\t\t\t\t\t\t\t<p class=\"elementor-icon-box-description\">\n\t\t\t\t\t\tBest\u00e4ndig gegen hohe Temperaturen und intensive Nutzung.\t\t\t\t\t<\/p>\n\t\t\t\t\n\t\t\t<\/div>\n\t\t\t\n\t\t<\/div>\n\t\t\t\t\t\t<\/div>\n\t\t\t\t\t<\/div>\n\t\t\t\t<\/div>\n\t\t<div class=\"elementor-element elementor-element-45f1c494 e-flex e-con-boxed e-con e-child\" data-id=\"45f1c494\" data-element_type=\"container\" data-e-type=\"container\">\n\t\t\t\t\t<div class=\"e-con-inner\">\n\t\t\t\t<div class=\"elementor-element elementor-element-47c3f8a6 elementor-view-framed animated-slow elementor-shape-circle elementor-position-block-start elementor-mobile-position-block-start elementor-widget elementor-widget-icon-box\" data-id=\"47c3f8a6\" data-element_type=\"widget\" data-e-type=\"widget\" data-settings=\"{&quot;_animation&quot;:&quot;none&quot;}\" data-widget_type=\"icon-box.default\">\n\t\t\t\t\t\t\t<div class=\"elementor-icon-box-wrapper\">\n\n\t\t\t\t\t\t<div class=\"elementor-icon-box-icon\">\n\t\t\t\t<span  class=\"elementor-icon elementor-animation-bob\">\n\t\t\t\t<i aria-hidden=\"true\" class=\"fas fa-check\"><\/i>\t\t\t\t<\/span>\n\t\t\t<\/div>\n\t\t\t\n\t\t\t\t\t\t<div class=\"elementor-icon-box-content\">\n\n\t\t\t\t\t\t\t\t\t<h4 class=\"elementor-icon-box-title\">\n\t\t\t\t\t\t<span  >\n\t\t\t\t\t\t\tLufttransportsysteme\t\t\t\t\t\t<\/span>\n\t\t\t\t\t<\/h4>\n\t\t\t\t\n\t\t\t\t\t\t\t\t\t<p class=\"elementor-icon-box-description\">\n\t\t\t\t\t\tEigene Textill\u00f6sungen, die f\u00fcr automatische F\u00f6rdersysteme entwickelt wurden.\t\t\t\t\t<\/p>\n\t\t\t\t\n\t\t\t<\/div>\n\t\t\t\n\t\t<\/div>\n\t\t\t\t\t\t<\/div>\n\t\t\t\t\t<\/div>\n\t\t\t\t<\/div>\n\t\t<div class=\"elementor-element elementor-element-5dc5745b e-flex e-con-boxed e-con e-child\" data-id=\"5dc5745b\" data-element_type=\"container\" data-e-type=\"container\">\n\t\t\t\t\t<div class=\"e-con-inner\">\n\t\t\t\t<div class=\"elementor-element elementor-element-3a37dfd7 elementor-view-framed animated-slow elementor-shape-circle elementor-position-block-start elementor-mobile-position-block-start elementor-widget elementor-widget-icon-box\" data-id=\"3a37dfd7\" data-element_type=\"widget\" data-e-type=\"widget\" data-settings=\"{&quot;_animation&quot;:&quot;none&quot;}\" data-widget_type=\"icon-box.default\">\n\t\t\t\t\t\t\t<div class=\"elementor-icon-box-wrapper\">\n\n\t\t\t\t\t\t<div class=\"elementor-icon-box-icon\">\n\t\t\t\t<span  class=\"elementor-icon elementor-animation-bob\">\n\t\t\t\t<i aria-hidden=\"true\" class=\"fas fa-check\"><\/i>\t\t\t\t<\/span>\n\t\t\t<\/div>\n\t\t\t\n\t\t\t\t\t\t<div class=\"elementor-icon-box-content\">\n\n\t\t\t\t\t\t\t\t\t<h4 class=\"elementor-icon-box-title\">\n\t\t\t\t\t\t<span  >\n\t\t\t\t\t\t\tAbdeckungen f\u00fcr Transportwagen\t\t\t\t\t\t<\/span>\n\t\t\t\t\t<\/h4>\n\t\t\t\t\n\t\t\t\t\t\t\t\t\t<p class=\"elementor-icon-box-description\">\n\t\t\t\t\t\tGew\u00e4hrleistung h\u00f6chster Hygiene und Schutz sauberer Artikel vor externen Verunreinigungen.\t\t\t\t\t<\/p>\n\t\t\t\t\n\t\t\t<\/div>\n\t\t\t\n\t\t<\/div>\n\t\t\t\t\t\t<\/div>\n\t\t\t\t\t<\/div>\n\t\t\t\t<\/div>\n\t\t\t\t\t<\/div>\n\t\t\t\t<\/div>\n\t\t<div class=\"elementor-element elementor-element-43294bb e-flex e-con-boxed e-con e-parent\" data-id=\"43294bb\" data-element_type=\"container\" data-e-type=\"container\">\n\t\t\t\t\t<div class=\"e-con-inner\">\n\t\t\t\t<div class=\"elementor-element elementor-element-d5abb4f elementor-widget elementor-widget-video\" data-id=\"d5abb4f\" data-element_type=\"widget\" data-e-type=\"widget\" data-settings=\"{&quot;youtube_url&quot;:&quot;https:\\\/\\\/youtu.be\\\/RxV1ZUydlx4&quot;,&quot;autoplay&quot;:&quot;yes&quot;,&quot;mute&quot;:&quot;yes&quot;,&quot;video_type&quot;:&quot;youtube&quot;,&quot;controls&quot;:&quot;yes&quot;}\" data-widget_type=\"video.default\">\n\t\t\t\t\t\t\t<div class=\"elementor-wrapper elementor-open-inline\">\n\t\t\t<div class=\"elementor-video\"><\/div>\t\t<\/div>\n\t\t\t\t\t\t<\/div>\n\t\t\t\t\t<\/div>\n\t\t\t\t<\/div>\n\t\t<div class=\"elementor-element elementor-element-561fbdd e-flex e-con-boxed e-con e-parent\" data-id=\"561fbdd\" data-element_type=\"container\" data-e-type=\"container\">\n\t\t\t\t\t<div class=\"e-con-inner\">\n\t\t<div class=\"elementor-element elementor-element-8299047 e-con-full e-flex e-con e-child\" data-id=\"8299047\" data-element_type=\"container\" data-e-type=\"container\">\n\t\t\t\t<div class=\"elementor-element elementor-element-8b99f66 elementor-widget elementor-widget-heading\" data-id=\"8b99f66\" data-element_type=\"widget\" data-e-type=\"widget\" data-widget_type=\"heading.default\">\n\t\t\t\t\t<h2 class=\"elementor-heading-title elementor-size-default\">Unsere Reichweite und nachhaltige Entwicklung<\/h2>\t\t\t\t<\/div>\n\t\t\t\t<div class=\"elementor-element elementor-element-a6fecc7 elementor-widget elementor-widget-text-editor\" data-id=\"a6fecc7\" data-element_type=\"widget\" data-e-type=\"widget\" data-widget_type=\"text-editor.default\">\n\t\t\t\t\t\t\t\t\t<p>Das Vertrauen, das uns Hunderte von W\u00e4schereien in ganz Europa entgegenbringen, motiviert uns zu st\u00e4ndiger Weiterentwicklung. Wir konzentrieren uns auf die Implementierung von Kreislaufsystemen, um unseren Kunden zu helfen, den Verbrauch von Einwegfolien und den CO2-Fu\u00dfabdruck tats\u00e4chlich zu reduzieren. Unsere Kunden sch\u00e4tzen uns vor allem f\u00fcr:  <\/p>\t\t\t\t\t\t\t\t<\/div>\n\t\t\t\t<\/div>\n\t\t<div class=\"elementor-element elementor-element-d7a9742 e-con-full e-flex e-con e-child\" data-id=\"d7a9742\" data-element_type=\"container\" data-e-type=\"container\">\n\t\t\t\t<div class=\"elementor-element elementor-element-fd1f407 animated-slow elementor-view-default elementor-position-block-start elementor-mobile-position-block-start elementor-invisible elementor-widget elementor-widget-icon-box\" data-id=\"fd1f407\" data-element_type=\"widget\" data-e-type=\"widget\" data-settings=\"{&quot;_animation&quot;:&quot;zoomInRight&quot;}\" data-widget_type=\"icon-box.default\">\n\t\t\t\t\t\t\t<div class=\"elementor-icon-box-wrapper\">\n\n\t\t\t\t\t\t<div class=\"elementor-icon-box-icon\">\n\t\t\t\t<span  class=\"elementor-icon elementor-animation-bob\">\n\t\t\t\t<i aria-hidden=\"true\" class=\"fas fa-check-double\"><\/i>\t\t\t\t<\/span>\n\t\t\t<\/div>\n\t\t\t\n\t\t\t\t\t\t<div class=\"elementor-icon-box-content\">\n\n\t\t\t\t\t\t\t\t\t<h3 class=\"elementor-icon-box-title\">\n\t\t\t\t\t\t<span  >\n\t\t\t\t\t\t\tZuverl\u00e4ssigkeit\t\t\t\t\t\t<\/span>\n\t\t\t\t\t<\/h3>\n\t\t\t\t\n\t\t\t\t\t\t\t\t\t<p class=\"elementor-icon-box-description\">\n\t\t\t\t\t\tSolide Verarbeitung geht Hand in Hand mit termingerechter Lieferung.\t\t\t\t\t<\/p>\n\t\t\t\t\n\t\t\t<\/div>\n\t\t\t\n\t\t<\/div>\n\t\t\t\t\t\t<\/div>\n\t\t\t\t<\/div>\n\t\t<div class=\"elementor-element elementor-element-7b8eba3 e-con-full e-flex e-con e-child\" data-id=\"7b8eba3\" data-element_type=\"container\" data-e-type=\"container\">\n\t\t\t\t<div class=\"elementor-element elementor-element-732b1d7 animated-slow elementor-view-default elementor-position-block-start elementor-mobile-position-block-start elementor-invisible elementor-widget elementor-widget-icon-box\" data-id=\"732b1d7\" data-element_type=\"widget\" data-e-type=\"widget\" data-settings=\"{&quot;_animation&quot;:&quot;zoomInRight&quot;}\" data-widget_type=\"icon-box.default\">\n\t\t\t\t\t\t\t<div class=\"elementor-icon-box-wrapper\">\n\n\t\t\t\t\t\t<div class=\"elementor-icon-box-icon\">\n\t\t\t\t<span  class=\"elementor-icon elementor-animation-bob\">\n\t\t\t\t<i aria-hidden=\"true\" class=\"fas fa-check-double\"><\/i>\t\t\t\t<\/span>\n\t\t\t<\/div>\n\t\t\t\n\t\t\t\t\t\t<div class=\"elementor-icon-box-content\">\n\n\t\t\t\t\t\t\t\t\t<h3 class=\"elementor-icon-box-title\">\n\t\t\t\t\t\t<span  >\n\t\t\t\t\t\t\tWirtschaftlichkeit\t\t\t\t\t\t<\/span>\n\t\t\t\t\t<\/h3>\n\t\t\t\t\n\t\t\t\t\t\t\t\t\t<p class=\"elementor-icon-box-description\">\n\t\t\t\t\t\tWir bieten das beste Preis-Leistungs-Verh\u00e4ltnis auf dem Markt.\t\t\t\t\t<\/p>\n\t\t\t\t\n\t\t\t<\/div>\n\t\t\t\n\t\t<\/div>\n\t\t\t\t\t\t<\/div>\n\t\t\t\t<\/div>\n\t\t<div class=\"elementor-element elementor-element-49c50be e-con-full e-flex e-con e-child\" data-id=\"49c50be\" data-element_type=\"container\" data-e-type=\"container\">\n\t\t\t\t<div class=\"elementor-element elementor-element-1436777 animated-slow elementor-view-default elementor-position-block-start elementor-mobile-position-block-start elementor-invisible elementor-widget elementor-widget-icon-box\" data-id=\"1436777\" data-element_type=\"widget\" data-e-type=\"widget\" data-settings=\"{&quot;_animation&quot;:&quot;zoomInRight&quot;}\" data-widget_type=\"icon-box.default\">\n\t\t\t\t\t\t\t<div class=\"elementor-icon-box-wrapper\">\n\n\t\t\t\t\t\t<div class=\"elementor-icon-box-icon\">\n\t\t\t\t<span  class=\"elementor-icon elementor-animation-bob\">\n\t\t\t\t<i aria-hidden=\"true\" class=\"fas fa-check-double\"><\/i>\t\t\t\t<\/span>\n\t\t\t<\/div>\n\t\t\t\n\t\t\t\t\t\t<div class=\"elementor-icon-box-content\">\n\n\t\t\t\t\t\t\t\t\t<h3 class=\"elementor-icon-box-title\">\n\t\t\t\t\t\t<span  >\n\t\t\t\t\t\t\tUnterst\u00fctzung\t\t\t\t\t\t<\/span>\n\t\t\t\t\t<\/h3>\n\t\t\t\t\n\t\t\t\t\t\t\t\t\t<p class=\"elementor-icon-box-description\">\n\t\t\t\t\t\tKompetente Beratung in jeder Phase \u2013 von der Stoffauswahl bis zur finalen Implementierung.\t\t\t\t\t<\/p>\n\t\t\t\t\n\t\t\t<\/div>\n\t\t\t\n\t\t<\/div>\n\t\t\t\t\t\t<\/div>\n\t\t\t\t<\/div>\n\t\t\t\t\t<\/div>\n\t\t\t\t<\/div>\n\t\t<div class=\"elementor-element elementor-element-6dc87ac8 e-con-full e-flex e-con e-parent\" data-id=\"6dc87ac8\" data-element_type=\"container\" data-e-type=\"container\">\n\t\t<div class=\"elementor-element elementor-element-3c068e60 e-con-full e-flex e-con e-child\" data-id=\"3c068e60\" data-element_type=\"container\" data-e-type=\"container\">\n\t\t\t\t<div class=\"elementor-element elementor-element-6435da68 elementor-widget elementor-widget-heading\" data-id=\"6435da68\" data-element_type=\"widget\" data-e-type=\"widget\" data-widget_type=\"heading.default\">\n\t\t\t\t\t<h4 class=\"elementor-heading-title elementor-size-default\">Werden Sie Teil der zufriedenen Partner von RTP Radom.<\/h4>\t\t\t\t<\/div>\n\t\t\t\t<div class=\"elementor-element elementor-element-20860b67 elementor-widget elementor-widget-text-editor\" data-id=\"20860b67\" data-element_type=\"widget\" data-e-type=\"widget\" data-widget_type=\"text-editor.default\">\n\t\t\t\t\t\t\t\t\t<p>Werden Sie Teil der zufriedenen Partner von RTP Radom und \u00fcberzeugen Sie sich, wie unsere langj\u00e4hrige Erfahrung in der Textilbranche die t\u00e4glichen Prozesse in Ihrem Unternehmen optimieren kann. Wir laden Sie ein, direkten Kontakt mit unserer spezialisierten Vertriebsabteilung aufzunehmen, die Ihnen hilft, L\u00f6sungen zu finden, die perfekt auf Ihre Bed\u00fcrfnisse zugeschnitten sind, und unseren modernen Online-Shop f\u00fcr W\u00e4schereibedarf zu besuchen. <\/p>\t\t\t\t\t\t\t\t<\/div>\n\t\t\t\t<div class=\"elementor-element elementor-element-1cead9c elementor-align-center elementor-mobile-align-center elementor-widget elementor-widget-button\" data-id=\"1cead9c\" data-element_type=\"widget\" data-e-type=\"widget\" data-widget_type=\"button.default\">\n\t\t\t\t\t\t\t\t\t\t<a class=\"elementor-button elementor-button-link elementor-size-sm\" href=\"https:\/\/www.rtp-radom.eu\/sklep\/\">\n\t\t\t\t\t\t<span class=\"elementor-button-content-wrapper\">\n\t\t\t\t\t\t\t\t\t<span class=\"elementor-button-text\">Zum Shop<\/span>\n\t\t\t\t\t<\/span>\n\t\t\t\t\t<\/a>\n\t\t\t\t\t\t\t\t<\/div>\n\t\t\t\t<div class=\"elementor-element elementor-element-144fc440 elementor-align-center elementor-mobile-align-center elementor-widget elementor-widget-button\" data-id=\"144fc440\" data-element_type=\"widget\" data-e-type=\"widget\" data-widget_type=\"button.default\">\n\t\t\t\t\t\t\t\t\t\t<a class=\"elementor-button elementor-button-link elementor-size-sm\" href=\"https:\/\/rtp-radom.eu\/de\/kontakt\/\">\n\t\t\t\t\t\t<span class=\"elementor-button-content-wrapper\">\n\t\t\t\t\t\t\t\t\t<span class=\"elementor-button-text\">Kontakt<\/span>\n\t\t\t\t\t<\/span>\n\t\t\t\t\t<\/a>\n\t\t\t\t\t\t\t\t<\/div>\n\t\t\t\t<\/div>\n\t\t\t\t<\/div>\n\t\t<div class=\"elementor-element elementor-element-289aa8e e-con-full e-flex e-con e-parent\" data-id=\"289aa8e\" data-element_type=\"container\" data-e-type=\"container\">\n\t\t<div class=\"elementor-element elementor-element-7664ab0 e-con-full e-flex e-con e-child\" data-id=\"7664ab0\" data-element_type=\"container\" data-e-type=\"container\">\n\t\t\t\t<div class=\"elementor-element elementor-element-efc0bcc elementor-widget elementor-widget-heading\" data-id=\"efc0bcc\" data-element_type=\"widget\" data-e-type=\"widget\" data-widget_type=\"heading.default\">\n\t\t\t\t\t<h2 class=\"elementor-heading-title elementor-size-default\">Unsere Partner<\/h2>\t\t\t\t<\/div>\n\t\t\t\t<div class=\"elementor-element elementor-element-89d8261 loga elementor-arrows-position-inside elementor-widget elementor-widget-image-carousel\" data-id=\"89d8261\" data-element_type=\"widget\" data-e-type=\"widget\" data-settings=\"{&quot;slides_to_show&quot;:&quot;3&quot;,&quot;slides_to_scroll&quot;:&quot;1&quot;,&quot;navigation&quot;:&quot;arrows&quot;,&quot;autoplay&quot;:&quot;yes&quot;,&quot;pause_on_hover&quot;:&quot;yes&quot;,&quot;pause_on_interaction&quot;:&quot;yes&quot;,&quot;autoplay_speed&quot;:5000,&quot;infinite&quot;:&quot;yes&quot;,&quot;speed&quot;:500}\" data-widget_type=\"image-carousel.default\">\n\t\t\t\t\t\t\t<div class=\"elementor-image-carousel-wrapper swiper\" role=\"region\" aria-roledescription=\"carousel\" aria-label=\"Karuzela obrazk\u00f3w\" dir=\"ltr\">\n\t\t\t<div class=\"elementor-image-carousel swiper-wrapper\" aria-live=\"off\">\n\t\t\t\t\t\t\t\t<div class=\"swiper-slide\" role=\"group\" aria-roledescription=\"slide\" aria-label=\"1 von 7\"><figure class=\"swiper-slide-inner\"><img decoding=\"async\" class=\"swiper-slide-image\" src=\"https:\/\/rtp-radom.eu\/wp-content\/uploads\/2026\/04\/rtp-partnerzy-1.jpg\" alt=\"rtp-partner (1)\" \/><\/figure><\/div><div class=\"swiper-slide\" role=\"group\" aria-roledescription=\"slide\" aria-label=\"2 von 7\"><figure class=\"swiper-slide-inner\"><img decoding=\"async\" class=\"swiper-slide-image\" src=\"https:\/\/rtp-radom.eu\/wp-content\/uploads\/2026\/04\/rtp-partnerzy-2.jpg\" alt=\"rtp-partner (2)\" \/><\/figure><\/div><div class=\"swiper-slide\" role=\"group\" aria-roledescription=\"slide\" aria-label=\"3 von 7\"><figure class=\"swiper-slide-inner\"><img decoding=\"async\" class=\"swiper-slide-image\" src=\"https:\/\/rtp-radom.eu\/wp-content\/uploads\/2026\/04\/rtp-partnerzy-5.jpg\" alt=\"rtp-partner (5)\" \/><\/figure><\/div><div class=\"swiper-slide\" role=\"group\" aria-roledescription=\"slide\" aria-label=\"4 von 7\"><figure class=\"swiper-slide-inner\"><img decoding=\"async\" class=\"swiper-slide-image\" src=\"https:\/\/rtp-radom.eu\/wp-content\/uploads\/2026\/04\/wspolpraca-rtp-1.jpg\" alt=\"zusammenarbeit-rtp\" \/><\/figure><\/div><div class=\"swiper-slide\" role=\"group\" aria-roledescription=\"slide\" aria-label=\"5 von 7\"><figure class=\"swiper-slide-inner\"><img decoding=\"async\" class=\"swiper-slide-image\" src=\"https:\/\/rtp-radom.eu\/wp-content\/uploads\/2026\/04\/rtp-partnerzy-3.jpg\" alt=\"rtp-partner (3)\" \/><\/figure><\/div><div class=\"swiper-slide\" role=\"group\" aria-roledescription=\"slide\" aria-label=\"6 von 7\"><figure class=\"swiper-slide-inner\"><img decoding=\"async\" class=\"swiper-slide-image\" src=\"https:\/\/rtp-radom.eu\/wp-content\/uploads\/2026\/04\/rtp-partnerzy-4.jpg\" alt=\"rtp-partner (4)\" \/><\/figure><\/div><div class=\"swiper-slide\" role=\"group\" aria-roledescription=\"slide\" aria-label=\"7 von 7\"><figure class=\"swiper-slide-inner\"><img decoding=\"async\" class=\"swiper-slide-image\" src=\"https:\/\/rtp-radom.eu\/wp-content\/uploads\/2026\/04\/wspolpraca-rtp.jpg\" alt=\"zusammenarbeit-rtp\" \/><\/figure><\/div>\t\t\t<\/div>\n\t\t\t\t\t\t\t\t\t\t\t\t<div class=\"elementor-swiper-button elementor-swiper-button-prev\" role=\"button\" tabindex=\"0\">\n\t\t\t\t\t\t<i aria-hidden=\"true\" class=\"eicon-chevron-left\"><\/i>\t\t\t\t\t<\/div>\n\t\t\t\t\t<div class=\"elementor-swiper-button elementor-swiper-button-next\" role=\"button\" tabindex=\"0\">\n\t\t\t\t\t\t<i aria-hidden=\"true\" class=\"eicon-chevron-right\"><\/i>\t\t\t\t\t<\/div>\n\t\t\t\t\n\t\t\t\t\t\t\t\t\t<\/div>\n\t\t\t\t\t\t<\/div>\n\t\t\t\t<\/div>\n\t\t\t\t<\/div>\n\t\t<div class=\"elementor-element elementor-element-6e29a23 e-con-full e-flex e-con e-parent\" data-id=\"6e29a23\" data-element_type=\"container\" data-e-type=\"container\">\n\t\t<div class=\"elementor-element elementor-element-1dbeebd e-con-full e-flex e-con e-child\" data-id=\"1dbeebd\" data-element_type=\"container\" data-e-type=\"container\">\n\t\t\t\t<div class=\"elementor-element elementor-element-349794e elementor-widget elementor-widget-shortcode\" data-id=\"349794e\" data-element_type=\"widget\" data-e-type=\"widget\" data-widget_type=\"shortcode.default\">\n\t\t\t\t\t\t\t<div class=\"elementor-shortcode\">\t\t<div data-elementor-type=\"section\" data-elementor-id=\"422\" class=\"elementor elementor-422\" data-elementor-post-type=\"elementor_library\">\n\t\t\t<div class=\"elementor-element elementor-element-0ebc8da e-flex e-con-boxed e-con e-parent\" data-id=\"0ebc8da\" data-element_type=\"container\" data-e-type=\"container\" id=\"katalog\" data-settings=\"{&quot;background_background&quot;:&quot;classic&quot;}\">\n\t\t\t\t\t<div class=\"e-con-inner\">\n\t\t<div class=\"elementor-element elementor-element-56a2fde e-con-full e-flex e-con e-child\" data-id=\"56a2fde\" data-element_type=\"container\" data-e-type=\"container\">\n\t\t\t\t<div class=\"elementor-element elementor-element-23cd19b elementor-align-center elementor-widget elementor-widget-button\" data-id=\"23cd19b\" data-element_type=\"widget\" data-e-type=\"widget\" data-widget_type=\"button.default\">\n\t\t\t\t\t\t\t\t\t\t<a class=\"elementor-button elementor-button-link elementor-size-sm\" href=\"https:\/\/rtp-radom.eu\/wp-content\/uploads\/2026\/04\/RTP-katalog-PL.pdf\" target=\"_blank\">\n\t\t\t\t\t\t<span class=\"elementor-button-content-wrapper\">\n\t\t\t\t\t\t\t\t\t<span class=\"elementor-button-text\">Zobacz katalog on-line<\/span>\n\t\t\t\t\t<\/span>\n\t\t\t\t\t<\/a>\n\t\t\t\t\t\t\t\t<\/div>\n\t\t\t\t<\/div>\n\t\t\t\t\t<\/div>\n\t\t\t\t<\/div>\n\t\t\t\t<\/div>\n\t\t<\/div>\n\t\t\t\t\t\t<\/div>\n\t\t\t\t<\/div>\n\t\t\t\t<\/div>\n\t\t\t\t<\/div>\n\t\t","protected":false},"excerpt":{"rendered":"<p>\u00dcber uns &#8211; RTP Radom Wir schaffen Standards f\u00fcr moderne W\u00e4schereilogistik Radomskie Tekstylia Przemys\u0142owe ist eine Marke, die seit 2004 den Markt f\u00fcr professionelle L\u00f6sungen&hellip;<\/p>\n","protected":false},"author":82,"featured_media":0,"parent":0,"menu_order":0,"comment_status":"closed","ping_status":"closed","template":"elementor_header_footer","meta":{"inline_featured_image":false,"footnotes":""},"class_list":["post-6753","page","type-page","status-publish","hentry"],"_links":{"self":[{"href":"https:\/\/rtp-radom.eu\/de\/wp-json\/wp\/v2\/pages\/6753","targetHints":{"allow":["GET"]}}],"collection":[{"href":"https:\/\/rtp-radom.eu\/de\/wp-json\/wp\/v2\/pages"}],"about":[{"href":"https:\/\/rtp-radom.eu\/de\/wp-json\/wp\/v2\/types\/page"}],"author":[{"embeddable":true,"href":"https:\/\/rtp-radom.eu\/de\/wp-json\/wp\/v2\/users\/82"}],"replies":[{"embeddable":true,"href":"https:\/\/rtp-radom.eu\/de\/wp-json\/wp\/v2\/comments?post=6753"}],"version-history":[{"count":0,"href":"https:\/\/rtp-radom.eu\/de\/wp-json\/wp\/v2\/pages\/6753\/revisions"}],"wp:attachment":[{"href":"https:\/\/rtp-radom.eu\/de\/wp-json\/wp\/v2\/media?parent=6753"}],"curies":[{"name":"wp","href":"https:\/\/api.w.org\/{rel}","templated":true}]}}