{"id":6868,"date":"2021-06-09T13:04:41","date_gmt":"2021-06-09T11:04:41","guid":{"rendered":"https:\/\/rtp-radom.eu\/dsgvo-informationsklausel\/"},"modified":"2026-04-22T11:32:24","modified_gmt":"2026-04-22T09:32:24","slug":"dsgvo-informationsklausel","status":"publish","type":"page","link":"https:\/\/rtp-radom.eu\/de\/dsgvo-informationsklausel\/","title":{"rendered":"DSGVO-Informationsklausel"},"content":{"rendered":"\t\t<div data-elementor-type=\"wp-page\" data-elementor-id=\"6868\" class=\"elementor elementor-6868 elementor-814\" data-elementor-post-type=\"page\">\n\t\t\t\t<div class=\"elementor-element elementor-element-706255f e-flex e-con-boxed e-con e-parent\" data-id=\"706255f\" data-element_type=\"container\" data-e-type=\"container\">\n\t\t\t\t\t<div class=\"e-con-inner\">\n\t\t<div class=\"elementor-element elementor-element-91a8235 e-con-full e-flex e-con e-child\" data-id=\"91a8235\" data-element_type=\"container\" data-e-type=\"container\">\n\t\t\t\t<div class=\"elementor-element elementor-element-8b6938f elementor-widget elementor-widget-heading\" data-id=\"8b6938f\" data-element_type=\"widget\" data-e-type=\"widget\" data-widget_type=\"heading.default\">\n\t\t\t\t\t<h2 class=\"elementor-heading-title elementor-size-default\">DSGVO-Informationsklausel \u2013 Datenschutz-Grundverordnung<\/h2>\t\t\t\t<\/div>\n\t\t\t\t<div class=\"elementor-element elementor-element-e7c0164 elementor-widget elementor-widget-text-editor\" data-id=\"e7c0164\" data-element_type=\"widget\" data-e-type=\"widget\" data-widget_type=\"text-editor.default\">\n\t\t\t\t\t\t\t\t\t<p>Verordnung (EU) 2016\/679 des Europ\u00e4ischen Parlaments und des Rates vom 27. April 2016 zum Schutz nat\u00fcrlicher Personen bei der Verarbeitung personenbezogener Daten, zum freien Datenverkehr und zur Aufhebung der Richtlinie 95\/46\/EG (Datenschutz-Grundverordnung \u201eDSGVO\u201c). <\/p><p>Die DSGVO-Verordnung f\u00fchrt neue rechtliche L\u00f6sungen f\u00fcr die Grunds\u00e4tze der Verarbeitung personenbezogener Daten ein. Das Hauptziel der DSGVO ist die St\u00e4rkung des Schutzes personenbezogener Daten von nat\u00fcrlichen Personen, die von Unternehmen und Institutionen, die in der Europ\u00e4ischen Union t\u00e4tig sind, gesammelt und verarbeitet werden. <\/p><p>Gem\u00e4\u00df Artikel 13 der Datenschutz-Grundverordnung vom 27. April 2016 (Amtsblatt der EU L 119 vom 04.05.2016) informiere ich Sie: <\/p><ol><li><strong>Angaben zum Administrator:<\/strong><br>Radomskie Tekstylia Przemys\u0142owe Sp. z o. o., 26-600 Radom, ul. Chorzowska 17, t\u00e4tig auf der Grundlage des Eintrags im Zentralen Register und Informationen \u00fcber die Wirtschaftst\u00e4tigkeit (CEIDG), NIP 7962640120.<\/li><li><strong>Ihre personenbezogenen Daten werden verarbeitet zum Zweck: <\/strong>Beantwortung von Anfragen von Kunden, die an dem Firmenangebot interessiert sind, Erstellung von Angeboten und Abwicklung des Verkaufsprozesses<\/li><li><strong>Gegenstand der Verarbeitung Ihrer personenbezogenen Daten sind:<br><\/strong>Name des Arbeitgebers, Vorname, Nachname, Telefonnummer, E-Mail-Adresse.<\/li><li><strong>Empf\u00e4nger Ihrer personenbezogenen Daten sind: <\/strong>Der Administrator sowie Unternehmen, die dem Administrator Beratungs-, Konsultations-, Audit-, IT-, Programmier-, Post- und Kurierdienste sowie rechtliche und steuerliche Unterst\u00fctzung anbieten.<\/li><li><strong>Personenbezogene Daten werden im Falle der Ausstellung von Verkaufsdokumenten f\u00fcr die gesetzlich vorgeschriebene Dauer gespeichert,<\/strong> in anderen F\u00e4llen \u2013 f\u00fcr den Zeitraum, der zur Bearbeitung der Anfrage erforderlich ist.<\/li><li><strong>Sie haben in Bezug auf personenbezogene Daten das Recht auf:<\/strong><ul><li>Auskunft \u00fcber die personenbezogenen Daten vom Administrator zu verlangen,<\/li><li>Berichtigung der personenbezogenen Daten vom Administrator zu verlangen,<\/li><li>L\u00f6schung unrechtm\u00e4\u00dfig verarbeiteter Daten zu verlangen,<\/li><li>Einschr\u00e4nkung der Datenverarbeitung zu verlangen,<\/li><li>Widerspruch gegen die Verarbeitung personenbezogener Daten einzulegen,<\/li><li>Beschwerde bei der Aufsichtsbeh\u00f6rde einzulegen, falls Sie der Ansicht sind, dass die Verarbeitung Ihrer personenbezogenen Daten gegen die Datenschutzbestimmungen verst\u00f6\u00dft.<\/li><\/ul><\/li><\/ol><p><strong>Die Angabe der Daten ist freiwillig, jedoch kann die Verweigerung der Datenangabe die Beantwortung der Anfrage und die Ausf\u00fchrung der Bestellung unm\u00f6glich machen.<\/strong><\/p><p><strong>Administrator<\/strong><\/p>\t\t\t\t\t\t\t\t<\/div>\n\t\t\t\t<\/div>\n\t\t\t\t\t<\/div>\n\t\t\t\t<\/div>\n\t\t\t\t<\/div>\n\t\t","protected":false},"excerpt":{"rendered":"<p>DSGVO-Informationsklausel \u2013 Datenschutz-Grundverordnung Verordnung (EU) 2016\/679 des Europ\u00e4ischen Parlaments und des Rates vom 27. April 2016 zum Schutz nat\u00fcrlicher Personen bei der Verarbeitung personenbezogener Daten,&hellip;<\/p>\n","protected":false},"author":82,"featured_media":0,"parent":0,"menu_order":0,"comment_status":"closed","ping_status":"closed","template":"elementor_canvas","meta":{"inline_featured_image":false,"footnotes":""},"class_list":["post-6868","page","type-page","status-publish","hentry"],"_links":{"self":[{"href":"https:\/\/rtp-radom.eu\/de\/wp-json\/wp\/v2\/pages\/6868","targetHints":{"allow":["GET"]}}],"collection":[{"href":"https:\/\/rtp-radom.eu\/de\/wp-json\/wp\/v2\/pages"}],"about":[{"href":"https:\/\/rtp-radom.eu\/de\/wp-json\/wp\/v2\/types\/page"}],"author":[{"embeddable":true,"href":"https:\/\/rtp-radom.eu\/de\/wp-json\/wp\/v2\/users\/82"}],"replies":[{"embeddable":true,"href":"https:\/\/rtp-radom.eu\/de\/wp-json\/wp\/v2\/comments?post=6868"}],"version-history":[{"count":2,"href":"https:\/\/rtp-radom.eu\/de\/wp-json\/wp\/v2\/pages\/6868\/revisions"}],"predecessor-version":[{"id":13213,"href":"https:\/\/rtp-radom.eu\/de\/wp-json\/wp\/v2\/pages\/6868\/revisions\/13213"}],"wp:attachment":[{"href":"https:\/\/rtp-radom.eu\/de\/wp-json\/wp\/v2\/media?parent=6868"}],"curies":[{"name":"wp","href":"https:\/\/api.w.org\/{rel}","templated":true}]}}