{"id":7040,"date":"2025-11-05T11:08:21","date_gmt":"2025-11-05T10:08:21","guid":{"rendered":"https:\/\/rtp-radom.eu\/datenschutzerklaerung-rtp-radom\/"},"modified":"2026-04-02T15:16:55","modified_gmt":"2026-04-02T13:16:55","slug":"datenschutzerklaerung-rtp-radom","status":"publish","type":"page","link":"https:\/\/rtp-radom.eu\/de\/datenschutzerklaerung-rtp-radom\/","title":{"rendered":"Datenschutzerkl\u00e4rung RTP Radom"},"content":{"rendered":"\t\t<div data-elementor-type=\"wp-page\" data-elementor-id=\"7040\" class=\"elementor elementor-7040 elementor-3552\" data-elementor-post-type=\"page\">\n\t\t\t\t<div class=\"elementor-element elementor-element-804d6ca e-flex e-con-boxed e-con e-parent\" data-id=\"804d6ca\" data-element_type=\"container\" data-e-type=\"container\">\n\t\t\t\t\t<div class=\"e-con-inner\">\n\t\t\t\t<div class=\"elementor-element elementor-element-73fe2e5c elementor-widget elementor-widget-text-editor\" data-id=\"73fe2e5c\" data-element_type=\"widget\" data-e-type=\"widget\" data-widget_type=\"text-editor.default\">\n\t\t\t\t\t\t\t\t\t\n<p>Die Adresse unserer Website lautet: <a href=\"https:\/\/rtp-radom.eu\"><strong>https:\/\/rtp-radom.eu<\/strong><\/a>.<\/p>\n\n<p>Gem\u00e4\u00df Artikel 13 Absatz 1 und Absatz 2 der Datenschutz-Grundverordnung vom 27. April 2016   <br>(DSGVO) informieren wir Sie hiermit, dass:<\/p>\n\n<p>1) Der Verantwortliche f\u00fcr Ihre personenbezogenen Daten ist Radomskie Tekstylia Przemys\u0142owe Sp. z o.o. ul Chorzowska 17 26-600 Radom <\/p>\n\n<p>2) Ihre personenbezogenen Daten werden zu folgenden Zwecken verarbeitet:<br>a. zur Vertragserf\u00fcllung f\u00fcr die Dauer des Vertrages und zur Abrechnung nach dessen Beendigung (Rechtsgrundlage: Art. 6 Abs. 1 lit. b),<br>b. zur Erf\u00fcllung unserer gesetzlichen Pflichten (Rechtsgrundlage: Art. 6 Abs. 1 lit. c), z.B.<br>\u00b7 Ausstellung und Aufbewahrung von Rechnungen und Buchhaltungsunterlagen f\u00fcr die im Rechnungslegungsgesetz festgelegte Dauer,<br>\u00b7 Beantwortung von Beschwerden innerhalb der gesetzlich vorgeschriebenen Frist und Form,<br>c. zur Geltendmachung, Aus\u00fcbung oder Verteidigung von Rechtsanspr\u00fcchen, was u.a. die Geltendmachung unserer Forderungen aus dem Vertrag f\u00fcr den Zeitraum umfasst, nach dem diese Anspr\u00fcche verj\u00e4hren (Art. 6 Abs. 1 lit. f);<br>d. Unser Online-Shop nutzt Marketing-Tools wie Google ADS zur Optimierung von Werbekampagnen. Im Rahmen dieses Prozesses k\u00f6nnen personenbezogene Daten wie E-Mail-Adresse oder IP-Adresse erhoben und verarbeitet werden. Diese Daten werden ausschlie\u00dflich zur Verbesserung der Qualit\u00e4t unserer Werbung und deren Anpassung an Ihre Bed\u00fcrfnisse verwendet.       <\/p>\n\n<p>3) Empf\u00e4nger Ihrer personenbezogenen Daten sind Post- und Kurierunternehmen, die den Schriftwechsel zwischen Ihnen und uns sicherstellen, Sicherheitsdienste, die die Sicherheit unserer Einrichtungen gew\u00e4hrleisten, sowie Banken und Finanzinstitute, die finanzielle Transaktionen aus dem Vertrag abwickeln;<br>Wir arbeiten mit externen Dienstleistern wie Google zusammen, um Werbekampagnen durchzuf\u00fchren. Personenbezogene Daten k\u00f6nnen an diese Dienstleister weitergegeben werden, werden jedoch gem\u00e4\u00df den geltenden Datenschutzbestimmungen verwendet. Wir werden Ihre personenbezogenen Daten nicht an andere Dritte weitergeben oder verkaufen. Wir werden sie ausschlie\u00dflich f\u00fcr die oben genannten Zwecke verwenden.   <\/p>\n\n<p>4) Ihre personenbezogenen Daten werden nicht an Drittstaaten oder internationale Organisationen au\u00dferhalb des Europ\u00e4ischen Wirtschaftsraums \u00fcbermittelt;<\/p>\n\n<p>5) Sie haben das Recht auf Auskunft \u00fcber Ihre Daten sowie das Recht auf Berichtigung, L\u00f6schung, Einschr\u00e4nkung der Verarbeitung, das Recht auf Daten\u00fcbertragbarkeit und das Recht auf Widerspruch.<\/p>\n\n<p>6) Erfolgt die Verarbeitung auf Grundlage einer Einwilligung, haben Sie das Recht, die Einwilligung jederzeit zu widerrufen, ohne dass die Rechtm\u00e4\u00dfigkeit der Verarbeitung vor dem Widerruf ber\u00fchrt wird;<\/p>\n\n<p>7) Sie haben das Recht, eine Beschwerde beim Pr\u00e4sidenten des Amtes f\u00fcr den Schutz personenbezogener Daten einzureichen, wenn Sie der Ansicht sind, dass die Verarbeitung Ihrer personenbezogenen Daten gegen gesetzliche Bestimmungen verst\u00f6\u00dft; Weitere Informationen zum Datenschutz bei Radomskie Tekstylia Przemys\u0142owe Sp. z o.o. erhalten Sie unter: <a href=\"mailto:info@rtp-radom.eu\">info@rtp-radom.eu<\/a>. <\/p>\n\n<p><strong>R\u00dcCKGABEN<\/strong><\/p>\n\n<ol class=\"wp-block-list\">\n<li>Ein Kunde, der Verbraucher im Sinne des B\u00fcrgerlichen Gesetzbuches ist, hat das Recht, von einem au\u00dferhalb von Gesch\u00e4ftsr\u00e4umen geschlossenen Vertrag gem\u00e4\u00df den Bestimmungen des Gesetzes vom 30. Mai 2014 \u00fcber Verbraucherrechte unter Ber\u00fccksichtigung der nachstehenden Bedingungen zur\u00fcckzutreten.<\/li>\n\n<li>Der R\u00fccktritt vom Vertrag erfolgt durch Abgabe einer R\u00fccktrittserkl\u00e4rung an den Verk\u00e4ufer.<\/li>\n\n<li>R\u00fccksendungen sind an folgende Adresse zu senden: Radomskie Tekstylia Przemys\u0142owe Sp. z o.o. ul. Chorzowska 17 26-600 Radom  <\/li>\n\n<li>Nachnahme-R\u00fccksendungen werden nicht akzeptiert.<\/li>\n\n<li>Der Kunde kann innerhalb von 14 Tagen nach Erhalt des Artikels vom Vertrag zur\u00fccktreten, vorausgesetzt, die Ware wird unversehrt zur\u00fcckgesandt.<\/li>\n\n<li>Im Falle von Gebrauchsspuren beh\u00e4lt sich der Verk\u00e4ufer das Recht vor, den erstatteten Betrag proportional zu mindern.<\/li>\n\n<li>Die Ware muss in unversehrtem Zustand zur\u00fcckgegeben werden, der einen Weiterverkauf erm\u00f6glicht. Dies bedeutet, dass der Kunde das Produkt in der Originalverpackung, gesch\u00fctzt durch eine Schutzfolie, zur\u00fccksenden sollte. Bei fehlendem Originalschutz ist der Verk\u00e4ufer berechtigt, eine Minderung der R\u00fcckerstattung vorzunehmen.  <\/li>\n\n<li>Der Kunde hat Anspruch auf Erstattung der Versandkosten in H\u00f6he der g\u00fcnstigsten vom Verk\u00e4ufer zum Zeitpunkt der Bestellung angebotenen Option.<\/li>\n\n<li>Das Widerrufsrecht gilt nicht f\u00fcr personalisierte (nicht vorgefertigte) Waren.<\/li>\n\n<li>Produkte wie Streifenvorh\u00e4nge, die aus individuell angepassten Elementen (z. B. zugeschnittene Streifen, vernietete Bleche, Montageschienen) bestehen, sind von der R\u00fcckgabe ausgeschlossen.<\/li>\n\n<li>Das Widerrufsrecht besteht nicht bei Bestellungen, bei denen die Ware nach Kundenspezifikation angefertigt oder an dessen individuelle Bed\u00fcrfnisse angepasst wird.<\/li>\n\n<li>Der Verk\u00e4ufer empfiehlt die Streifenl\u00e4ngen gem\u00e4\u00df den Herstellerempfehlungen, kann jedoch Streifen in den vom Kunden angegebenen Ma\u00dfen anfertigen. Bei Bestellung von Streifen, die nicht den Herstellerempfehlungen entsprechen, \u00fcbernimmt der Verk\u00e4ufer keine Verantwortung f\u00fcr daraus resultierende Konsequenzen. <\/li>\n<\/ol>\n\n<p><strong>REKLAMATIONEN<\/strong><\/p>\n\n<ol class=\"wp-block-list\">\n<li>Der Verk\u00e4ufer garantiert, dass alle angebotenen Produkte frei von M\u00e4ngeln sind.<\/li>\n\n<li>Die \u00dcbergabe der Ware erfolgt zum Zeitpunkt der \u00dcbergabe an das Transportunternehmen. Ab diesem Zeitpunkt geht das Risiko der Besch\u00e4digung oder des Verlusts der Ware auf den Kunden \u00fcber. <\/li>\n\n<li>Der Verk\u00e4ufer stellt die vom Hersteller bereitgestellten Bedienungsanleitungen und bei Bedarf zus\u00e4tzliche Produktinformationen zur Verf\u00fcgung.<\/li>\n\n<li>Der Verk\u00e4ufer nimmt keine Nachnahmesendungen an.<\/li>\n<\/ol>\n\t\t\t\t\t\t\t\t<\/div>\n\t\t\t\t\t<\/div>\n\t\t\t\t<\/div>\n\t\t\t\t<\/div>\n\t\t","protected":false},"excerpt":{"rendered":"<p>Die Adresse unserer Website lautet: https:\/\/rtp-radom.eu. Gem\u00e4\u00df Artikel 13 Absatz 1 und Absatz 2 der Datenschutz-Grundverordnung vom 27. April 2016 (DSGVO) informieren wir Sie hiermit,&hellip;<\/p>\n","protected":false},"author":82,"featured_media":0,"parent":0,"menu_order":0,"comment_status":"closed","ping_status":"closed","template":"elementor_canvas","meta":{"inline_featured_image":false,"footnotes":""},"class_list":["post-7040","page","type-page","status-publish","hentry"],"_links":{"self":[{"href":"https:\/\/rtp-radom.eu\/de\/wp-json\/wp\/v2\/pages\/7040","targetHints":{"allow":["GET"]}}],"collection":[{"href":"https:\/\/rtp-radom.eu\/de\/wp-json\/wp\/v2\/pages"}],"about":[{"href":"https:\/\/rtp-radom.eu\/de\/wp-json\/wp\/v2\/types\/page"}],"author":[{"embeddable":true,"href":"https:\/\/rtp-radom.eu\/de\/wp-json\/wp\/v2\/users\/82"}],"replies":[{"embeddable":true,"href":"https:\/\/rtp-radom.eu\/de\/wp-json\/wp\/v2\/comments?post=7040"}],"version-history":[{"count":0,"href":"https:\/\/rtp-radom.eu\/de\/wp-json\/wp\/v2\/pages\/7040\/revisions"}],"wp:attachment":[{"href":"https:\/\/rtp-radom.eu\/de\/wp-json\/wp\/v2\/media?parent=7040"}],"curies":[{"name":"wp","href":"https:\/\/api.w.org\/{rel}","templated":true}]}}