{"id":12094,"date":"2026-04-16T09:17:36","date_gmt":"2026-04-16T07:17:36","guid":{"rendered":"https:\/\/rtp-radom.eu\/?post_type=product&#038;p=12094"},"modified":"2026-04-20T08:49:39","modified_gmt":"2026-04-20T06:49:39","slug":"ausenschutzhulle-fur-transportwagen-kopia","status":"publish","type":"product","link":"https:\/\/rtp-radom.eu\/de\/produkt\/ausenschutzhulle-fur-transportwagen-kopia\/","title":{"rendered":"S\u00e4cke f\u00fcr den pneumatischen Transport"},"content":{"rendered":"","protected":false},"excerpt":{"rendered":"<p data-path-to-node=\"3\"><b data-path-to-node=\"3\" data-index-in-node=\"0\">Sichern Sie Ihrer W\u00e4scherei den h\u00f6chsten Standard an Effizienz und Sicherheit dank spezialisierter RTP-Transports\u00e4cke.<\/b><\/p>\n<p data-path-to-node=\"4\">Monorail-S\u00e4cke sind ein Schl\u00fcsselelement moderner, h\u00e4ngender W\u00e4schereisysteme. Unsere L\u00f6sung erm\u00f6glicht die volle Nutzung des \u00dcberkopfbereichs, wodurch wertvolle Bodenfl\u00e4che frei bleibt und die Logistik von Schmutz- und Sauberw\u00e4sche optimiert wird. Als Hersteller garantieren wir extreme Strapazierf\u00e4higkeit, die f\u00fcr den t\u00e4glichen Transport von Hunderten Kilogramm Textilien \u00fcber den K\u00f6pfen des Personals unerl\u00e4sslich ist.  <\/p>\n<h3 style=\"color: #1d389f;\">Produktspezifikationen<\/h3>\n<p>&#x1f4cf; <strong>Gr\u00f6\u00dfe: <\/strong>Individuelle Kundenanforderungen (passend f\u00fcr jedes System) <\/p>\n<p>&#x1f512; <strong>Verschluss: <\/strong>Stabile Rei\u00dfverschl\u00fcsse, Kordel oder Metall-Halbringe (D-Ringe)<\/p>\n<p>&#x1f321;&#xfe0f; <strong>Eigenschaften \/ Waschen: <\/strong>Materialien, die h\u00e4ufigen Reinigungs- und Desinfektionsprozessen standhalten<\/p>\n<p>&#x1f91d; <strong>Griffe \/ Zubeh\u00f6r:<\/strong>Metall- oder Kunststoff-D-Ringe, Taschen f\u00fcr Gewichte, Verst\u00e4rkungen<\/p>\n<p>&#x1f4e6; <strong>Mindestbestellmenge: Bitte kontaktieren Sie uns, um die Produktionsdetails zu besprechen<\/strong><\/p>\n<h3 style=\"color: #1d389f;\">Einzigartige Produktmerkmale<\/h3>\n<ul>\n<li>\n<p data-path-to-node=\"8,0,0\"><b data-path-to-node=\"8,0,0\" data-index-in-node=\"0\">Kompatibilit\u00e4t:<\/b> Passend f\u00fcr alle g\u00e4ngigen \u00dcberkopf-Transportsysteme auf dem Markt.<\/p>\n<\/li>\n<li>\n<p data-path-to-node=\"8,1,0\"><b data-path-to-node=\"8,1,0\" data-index-in-node=\"0\">Robuste Konstruktion:<\/b> Die Verwendung von Doppel- oder Dreifachn\u00e4hten garantiert Rei\u00dffestigkeit auch bei maximaler Belastung.<\/p>\n<\/li>\n<li>\n<p data-path-to-node=\"8,2,0\"><b data-path-to-node=\"8,2,0\" data-index-in-node=\"0\">Volle Personalisierung:<\/b> M\u00f6glichkeit zur Anbringung des Kundenlogos und von Nummern<\/p>\n<\/li>\n<li>\n<p data-path-to-node=\"8,3,0\"><b data-path-to-node=\"8,3,0\" data-index-in-node=\"0\">Sicherheit:<\/b> Materialien mit hoher Gewebedichte gew\u00e4hrleisten Zuverl\u00e4ssigkeit, die in Systemen, die \u00fcber Verkehrswegen arbeiten, entscheidend ist.<\/p>\n<\/li>\n<li>\n<p data-path-to-node=\"8,4,0\"><b data-path-to-node=\"8,4,0\" data-index-in-node=\"0\">Funktionalit\u00e4t:<\/b> Spezielle Taschen f\u00fcr Gewichte erleichtern die Stabilisierung und das automatische \u00d6ffnen\/Schlie\u00dfen der S\u00e4cke in Monorail-Systemen.<\/p>\n<\/li>\n<li><strong>Material:<\/strong> 100 % Polyester 190\u2013220 g\/m\u00b2, Nylon 160\u2013190 g\/m\u00b2<\/li>\n<\/ul>\n","protected":false},"featured_media":12128,"template":"","meta":{"inline_featured_image":false},"product_brand":[],"product_cat":[633],"product_tag":[],"class_list":{"0":"post-12094","1":"product","2":"type-product","3":"status-publish","4":"has-post-thumbnail","6":"product_cat-sacke-fur-den-pneumatischen-transport","8":"first","9":"onbackorder","10":"taxable","11":"shipping-taxable","12":"purchasable","13":"product-type-simple","14":"customify-col"},"_links":{"self":[{"href":"https:\/\/rtp-radom.eu\/de\/wp-json\/wp\/v2\/product\/12094","targetHints":{"allow":["GET"]}}],"collection":[{"href":"https:\/\/rtp-radom.eu\/de\/wp-json\/wp\/v2\/product"}],"about":[{"href":"https:\/\/rtp-radom.eu\/de\/wp-json\/wp\/v2\/types\/product"}],"version-history":[{"count":0,"href":"https:\/\/rtp-radom.eu\/de\/wp-json\/wp\/v2\/product\/12094\/revisions"}],"wp:featuredmedia":[{"embeddable":true,"href":"https:\/\/rtp-radom.eu\/de\/wp-json\/wp\/v2\/media\/12128"}],"wp:attachment":[{"href":"https:\/\/rtp-radom.eu\/de\/wp-json\/wp\/v2\/media?parent=12094"}],"wp:term":[{"taxonomy":"product_brand","embeddable":true,"href":"https:\/\/rtp-radom.eu\/de\/wp-json\/wp\/v2\/product_brand?post=12094"},{"taxonomy":"product_cat","embeddable":true,"href":"https:\/\/rtp-radom.eu\/de\/wp-json\/wp\/v2\/product_cat?post=12094"},{"taxonomy":"product_tag","embeddable":true,"href":"https:\/\/rtp-radom.eu\/de\/wp-json\/wp\/v2\/product_tag?post=12094"}],"curies":[{"name":"wp","href":"https:\/\/api.w.org\/{rel}","templated":true}]}}