{"id":9265,"date":"2026-03-23T12:16:50","date_gmt":"2026-03-23T11:16:50","guid":{"rendered":"https:\/\/rtp-radom.eu\/produkt\/waeschesack-mit-griff-50x70-cm-polyester\/"},"modified":"2026-03-23T12:16:50","modified_gmt":"2026-03-23T11:16:50","slug":"waeschesack-mit-griff-50x70-cm-polyester","status":"publish","type":"product","link":"https:\/\/rtp-radom.eu\/de\/produkt\/waeschesack-mit-griff-50x70-cm-polyester\/","title":{"rendered":"W\u00e4schesack mit Griff | 50&#215;70 cm | Polyester"},"content":{"rendered":"","protected":false},"excerpt":{"rendered":"<p>Kompakter und robuster W\u00e4schesack f\u00fcr den Transport von Privatw\u00e4sche, ideal geeignet f\u00fcr Ferienh\u00e4user und den Hospitality-Sektor. Der W\u00e4schesack f\u00fcr den Transport mit bequemem Griff und Fix-Lock-Verschluss. 50&#215;70 cm ist die ideale Gr\u00f6\u00dfe f\u00fcr den Transport von W\u00e4sche, kleinen Kissenbez\u00fcgen, Handt\u00fcchern oder Geschirrt\u00fcchern. Es ist auch eine hervorragende L\u00f6sung in Ferienh\u00e4usern, in denen jeder Gast seinen pers\u00f6nlichen W\u00e4schesack erh\u00e4lt.   <\/p>\n<h3 style=\"color: #1d389f;\">Produktspezifikationen<\/h3>\n<p>&#x1f4cf; <strong>Gr\u00f6\u00dfe:<\/strong> 50&#215;70 cm <\/p>\n<p>&#x1f512; <strong>Verschluss:<\/strong> Funktionaler Fix-Lock-Kordelzug sichert den Inhalt<\/p>\n<p>&#x1f321;&#xfe0f; <strong>Eigenschaften \/ Waschen:<\/strong> Produkt f\u00fcr h\u00e4ufigen Wechsel und Waschen unter industriellen Bedingungen geeignet<\/p>\n<p>&#x1f455; <strong>Material \/ Grammatur:<\/strong> 100% Polyester mit hoher Grammatur 160 g\/m\u00b2<\/p>\n<p>&#x1f91d; <strong>Griffe \/ Zubeh\u00f6r:<\/strong> Bequemer, im oberen Teil des Sacks eingen\u00e4hter Griff zum einfachen Tragen und Aufh\u00e4ngen<\/p>\n<p>&#x1f4e6; <strong>Mindestbestellmenge:<\/strong> 20 Stk.<\/p>\n<h3 style=\"color: #1d389f;\">Einzigartige Produktmerkmale<\/h3>\n<ul>\n<li><strong>Personalisierung des Hygienestandards:<\/strong> Die M\u00f6glichkeit, jedem Gast einen pers\u00f6nlichen W\u00e4schesack zuzuweisen, erh\u00f6ht das Prestige der Freizeiteinrichtung und gew\u00e4hrleistet die sanit\u00e4r-epidemiologische Sicherheit.<\/li>\n<li><strong>Hohe Ergonomie in der Anwendung:<\/strong> Die Verwendung eines integrierten Griffs und eines Fix-Lock-Verschlusses erm\u00f6glicht einen schnellen Transport und einen sicheren Verschluss ohne das Risiko eines versehentlichen Versch\u00fcttens der W\u00e4sche.<\/li>\n<li><strong>Optimiertes Format:<\/strong> Die Gr\u00f6\u00dfe 50&#215;70 cm ist ideal f\u00fcr kleinere W\u00e4schemengen wie Geschirrt\u00fccher, Handt\u00fccher oder kleine Kissenbez\u00fcge, was die Sortierung in der W\u00e4scherei erheblich erleichtert.<\/li>\n<\/ul>\n","protected":false},"featured_media":7129,"template":"","meta":{"inline_featured_image":false},"product_brand":[],"product_cat":[144],"product_tag":[371,446,447,448,449],"class_list":{"0":"post-9265","1":"product","2":"type-product","3":"status-publish","4":"has-post-thumbnail","6":"product_cat-unkategorisiert","7":"product_tag-flachsack","8":"product_tag-kleiner-sack","9":"product_tag-kleiner-waschesack","10":"product_tag-sack","11":"product_tag-waschesack-fur-privatwasche","13":"first","14":"instock","15":"taxable","16":"shipping-taxable","17":"purchasable","18":"product-type-simple","19":"customify-col"},"_links":{"self":[{"href":"https:\/\/rtp-radom.eu\/de\/wp-json\/wp\/v2\/product\/9265","targetHints":{"allow":["GET"]}}],"collection":[{"href":"https:\/\/rtp-radom.eu\/de\/wp-json\/wp\/v2\/product"}],"about":[{"href":"https:\/\/rtp-radom.eu\/de\/wp-json\/wp\/v2\/types\/product"}],"version-history":[{"count":0,"href":"https:\/\/rtp-radom.eu\/de\/wp-json\/wp\/v2\/product\/9265\/revisions"}],"wp:featuredmedia":[{"embeddable":true,"href":"https:\/\/rtp-radom.eu\/de\/wp-json\/wp\/v2\/media\/7129"}],"wp:attachment":[{"href":"https:\/\/rtp-radom.eu\/de\/wp-json\/wp\/v2\/media?parent=9265"}],"wp:term":[{"taxonomy":"product_brand","embeddable":true,"href":"https:\/\/rtp-radom.eu\/de\/wp-json\/wp\/v2\/product_brand?post=9265"},{"taxonomy":"product_cat","embeddable":true,"href":"https:\/\/rtp-radom.eu\/de\/wp-json\/wp\/v2\/product_cat?post=9265"},{"taxonomy":"product_tag","embeddable":true,"href":"https:\/\/rtp-radom.eu\/de\/wp-json\/wp\/v2\/product_tag?post=9265"}],"curies":[{"name":"wp","href":"https:\/\/api.w.org\/{rel}","templated":true}]}}