{"id":9600,"date":"2026-03-24T09:37:20","date_gmt":"2026-03-24T08:37:20","guid":{"rendered":"https:\/\/rtp-radom.eu\/produkt\/tasche-fuer-handtuchtransport\/"},"modified":"2026-03-24T09:37:20","modified_gmt":"2026-03-24T08:37:20","slug":"tasche-fuer-handtuchtransport","status":"publish","type":"product","link":"https:\/\/rtp-radom.eu\/de\/produkt\/tasche-fuer-handtuchtransport\/","title":{"rendered":"Tasche f\u00fcr Handtuchtransport"},"content":{"rendered":"","protected":false},"excerpt":{"rendered":"<p>Professionelle Logistikl\u00f6sung f\u00fcr sperrige Lieferungen, ideal f\u00fcr den Transport von Handt\u00fcchern direkt zum Kunden, auch in obere Stockwerke.<\/p>\n<h3 style=\"color: #1d389f;\">Produktspezifikationen<\/h3>\n<p>&#x1f4cf; <strong>Gr\u00f6\u00dfe:<\/strong> 69 cm B x 46 cm T x 46 cm H  <\/p>\n<p>&#x1f512; <strong>Verschluss:<\/strong> Klappe mit B\u00e4ndern und Schnallen; auch Leiterverschl\u00fcsse, Steckverschl\u00fcsse oder Rei\u00dfverschl\u00fcsse verf\u00fcgbar<\/p>\n<p>&#x1f321;&#xfe0f; <strong>Eigenschaften \/ Waschen:<\/strong> Struktur des gerippten Bandes verhindert Lockerung des Verschlusses beim Tragen \u00fcber der Schulter<\/p>\n<p>&#x1f455; <strong>Material \/ Gewicht:<\/strong> 100% strapazierf\u00e4higes Polyestergewebe<\/p>\n<p>&#x1f91d; <strong>Griffe \/ Zubeh\u00f6r:<\/strong> M\u00f6glichkeit zur Bestellung eines dedizierten Wagens zur Erleichterung von Verpackung und Transport<\/p>\n<p>&#x1f4e6; <strong>Mindestbestellung:<\/strong> 50 Stk.<\/p>\n<h3 style=\"color: #1d389f;\">Einzigartige Produktmerkmale<\/h3>\n<ul>\n<li><strong>Ladungsstabilisierungssystem:<\/strong> Spezielle Struktur der B\u00e4nder mit Leiterverschluss blockiert sich selbstt\u00e4tig unter Gewichtseinwirkung, was ein \u00d6ffnen der Tasche beim Tragen \u00fcber der Schulter verhindert.<\/li>\n<li><strong>Maximaler Schutz des Inhalts:<\/strong> Die Verwendung einer Klappe sowie eines Schnallensystems zum Festziehen der Ladung garantiert, dass die transportierten Handt\u00fccher dicht vor Verschmutzung und Herausfallen gesch\u00fctzt bleiben.<\/li>\n<li><strong>Hohe Lieferergonomie:<\/strong> Die Konstruktion der Tasche wurde f\u00fcr das Tragen von W\u00e4sche in obere Stockwerke optimiert und bietet eine komfortable Alternative zu starren K\u00f6rben oder unhandlichen Wagen an schwer zug\u00e4nglichen Orten.<\/li>\n<\/ul>\n","protected":false},"featured_media":7191,"template":"","meta":{"inline_featured_image":false},"product_brand":[],"product_cat":[258],"product_tag":[],"class_list":{"0":"post-9600","1":"product","2":"type-product","3":"status-publish","4":"has-post-thumbnail","6":"product_cat-wagenbezuge","8":"first","9":"onbackorder","10":"taxable","11":"shipping-taxable","12":"purchasable","13":"product-type-simple","14":"customify-col"},"_links":{"self":[{"href":"https:\/\/rtp-radom.eu\/de\/wp-json\/wp\/v2\/product\/9600","targetHints":{"allow":["GET"]}}],"collection":[{"href":"https:\/\/rtp-radom.eu\/de\/wp-json\/wp\/v2\/product"}],"about":[{"href":"https:\/\/rtp-radom.eu\/de\/wp-json\/wp\/v2\/types\/product"}],"version-history":[{"count":0,"href":"https:\/\/rtp-radom.eu\/de\/wp-json\/wp\/v2\/product\/9600\/revisions"}],"wp:featuredmedia":[{"embeddable":true,"href":"https:\/\/rtp-radom.eu\/de\/wp-json\/wp\/v2\/media\/7191"}],"wp:attachment":[{"href":"https:\/\/rtp-radom.eu\/de\/wp-json\/wp\/v2\/media?parent=9600"}],"wp:term":[{"taxonomy":"product_brand","embeddable":true,"href":"https:\/\/rtp-radom.eu\/de\/wp-json\/wp\/v2\/product_brand?post=9600"},{"taxonomy":"product_cat","embeddable":true,"href":"https:\/\/rtp-radom.eu\/de\/wp-json\/wp\/v2\/product_cat?post=9600"},{"taxonomy":"product_tag","embeddable":true,"href":"https:\/\/rtp-radom.eu\/de\/wp-json\/wp\/v2\/product_tag?post=9600"}],"curies":[{"name":"wp","href":"https:\/\/api.w.org\/{rel}","templated":true}]}}