{"id":9889,"date":"2026-03-23T21:23:10","date_gmt":"2026-03-23T20:23:10","guid":{"rendered":"https:\/\/rtp-radom.eu\/produkt\/waeschesack-mit-griff-70x50-cm-polyester-flaschengruen\/"},"modified":"2026-03-23T21:23:10","modified_gmt":"2026-03-23T20:23:10","slug":"waeschesack-mit-griff-70x50-cm-polyester-flaschengruen","status":"publish","type":"product","link":"https:\/\/rtp-radom.eu\/de\/produkt\/waeschesack-mit-griff-70x50-cm-polyester-flaschengruen\/","title":{"rendered":"W\u00e4schesack mit Griff | 70&#215;50 cm | Polyester | Flaschengr\u00fcn"},"content":{"rendered":"","protected":false},"excerpt":{"rendered":"<p>Strapazierf\u00e4higer Sack f\u00fcr den Transport von Privatw\u00e4sche, Bettw\u00e4sche und kleinen Textilien, ideal geeignet f\u00fcr Ferienh\u00e4user und Hotels.<\/p>\n<h3 style=\"color: #1d389f;\">Produktspezifikationen<\/h3>\n<p>&#x1f4cf; <strong>Gr\u00f6\u00dfe:<\/strong> 70&#215;50 cm <\/p>\n<p>&#x1f512; <strong>Verschluss:<\/strong> Funktionaler Fix-Lock-Kordelzug zur Sicherung des Inhalts<\/p>\n<p>&#x1f321;&#xfe0f; <strong>Eigenschaften \/ Waschen:<\/strong> Produkt f\u00fcr intensive Rotation in professionellen Beherbergungsbetrieben geeignet<\/p>\n<p>&#x1f455; <strong>Material \/ Grammatur:<\/strong> Hochwertiges Polyester mit erh\u00f6hter Grammatur 180g\/m2<\/p>\n<p>&#x1f91d; <strong>Griffe \/ Extras:<\/strong> Bequemer Tragegriff im oberen Teil des Sacks eingen\u00e4ht<\/p>\n<p>&#x1f4e6; <strong>Mindestbestellung:<\/strong> 20 Stk.<\/p>\n<h3 style=\"color: #1d389f;\">Einzigartige Produktmerkmale<\/h3>\n<ul>\n<li><strong>Personalisierung des G\u00e4steservice:<\/strong> Die M\u00f6glichkeit, jedem Nutzer einen individuellen Sack zuzuweisen, hebt den Standard der Unterkunft und gew\u00e4hrleistet den G\u00e4sten h\u00f6chste pers\u00f6nliche Hygiene.<\/li>\n<li><strong>Verst\u00e4rkte Konstruktion:<\/strong> Die Verwendung von Gewebe mit 180g\/m2 Grammatur garantiert l\u00e4ngere Produktlebensdauer sowie hohe Widerstandsf\u00e4higkeit gegen mechanische Besch\u00e4digungen w\u00e4hrend logistischer Prozesse.<\/li>\n<li><strong>Vielseitigkeit und Ergonomie:<\/strong> Das optimale Format 70&#215;50 cm sowie der integrierte Griff erm\u00f6glichen bequeme Sortierung und Transport kleiner Chargen wie Handt\u00fccher, T\u00fccher oder Kissenbez\u00fcge.<\/li>\n<\/ul>\n","protected":false},"featured_media":5173,"template":"","meta":{"inline_featured_image":false},"product_brand":[],"product_cat":[237,144],"product_tag":[371,405,448,577,368,449],"class_list":{"0":"post-9889","1":"product","2":"type-product","3":"status-publish","4":"has-post-thumbnail","6":"product_cat-letzte-stucke","7":"product_cat-unkategorisiert","8":"product_tag-flachsack","9":"product_tag-kleiner-waschetransportsack","10":"product_tag-sack","11":"product_tag-transportsack","12":"product_tag-waschesack","13":"product_tag-waschesack-fur-privatwasche","15":"first","16":"instock","17":"sale","18":"taxable","19":"shipping-taxable","20":"purchasable","21":"product-type-simple","22":"customify-col"},"_links":{"self":[{"href":"https:\/\/rtp-radom.eu\/de\/wp-json\/wp\/v2\/product\/9889","targetHints":{"allow":["GET"]}}],"collection":[{"href":"https:\/\/rtp-radom.eu\/de\/wp-json\/wp\/v2\/product"}],"about":[{"href":"https:\/\/rtp-radom.eu\/de\/wp-json\/wp\/v2\/types\/product"}],"version-history":[{"count":0,"href":"https:\/\/rtp-radom.eu\/de\/wp-json\/wp\/v2\/product\/9889\/revisions"}],"wp:featuredmedia":[{"embeddable":true,"href":"https:\/\/rtp-radom.eu\/de\/wp-json\/wp\/v2\/media\/5173"}],"wp:attachment":[{"href":"https:\/\/rtp-radom.eu\/de\/wp-json\/wp\/v2\/media?parent=9889"}],"wp:term":[{"taxonomy":"product_brand","embeddable":true,"href":"https:\/\/rtp-radom.eu\/de\/wp-json\/wp\/v2\/product_brand?post=9889"},{"taxonomy":"product_cat","embeddable":true,"href":"https:\/\/rtp-radom.eu\/de\/wp-json\/wp\/v2\/product_cat?post=9889"},{"taxonomy":"product_tag","embeddable":true,"href":"https:\/\/rtp-radom.eu\/de\/wp-json\/wp\/v2\/product_tag?post=9889"}],"curies":[{"name":"wp","href":"https:\/\/api.w.org\/{rel}","templated":true}]}}