{"id":6453,"date":"2021-06-09T13:04:41","date_gmt":"2021-06-09T11:04:41","guid":{"rendered":"https:\/\/rtp-radom.eu\/clausula-informativa-rgpd\/"},"modified":"2026-04-22T11:31:36","modified_gmt":"2026-04-22T09:31:36","slug":"clausula-informativa-rgpd","status":"publish","type":"page","link":"https:\/\/rtp-radom.eu\/es\/clausula-informativa-rgpd\/","title":{"rendered":"Cl\u00e1usula informativa RGPD"},"content":{"rendered":"\t\t<div data-elementor-type=\"wp-page\" data-elementor-id=\"6453\" class=\"elementor elementor-6453 elementor-814\" data-elementor-post-type=\"page\">\n\t\t\t\t<div class=\"elementor-element elementor-element-706255f e-flex e-con-boxed e-con e-parent\" data-id=\"706255f\" data-element_type=\"container\" data-e-type=\"container\">\n\t\t\t\t\t<div class=\"e-con-inner\">\n\t\t<div class=\"elementor-element elementor-element-91a8235 e-con-full e-flex e-con e-child\" data-id=\"91a8235\" data-element_type=\"container\" data-e-type=\"container\">\n\t\t\t\t<div class=\"elementor-element elementor-element-8b6938f elementor-widget elementor-widget-heading\" data-id=\"8b6938f\" data-element_type=\"widget\" data-e-type=\"widget\" data-widget_type=\"heading.default\">\n\t\t\t\t\t<h2 class=\"elementor-heading-title elementor-size-default\">Cl\u00e1usula informativa RGPD - Reglamento General de Protecci\u00f3n de Datos<\/h2>\t\t\t\t<\/div>\n\t\t\t\t<div class=\"elementor-element elementor-element-e7c0164 elementor-widget elementor-widget-text-editor\" data-id=\"e7c0164\" data-element_type=\"widget\" data-e-type=\"widget\" data-widget_type=\"text-editor.default\">\n\t\t\t\t\t\t\t\t\t<p>Reglamento (UE) 2016\/679 del Parlamento Europeo y del Consejo, de 27 de abril de 2016, relativo a la protecci\u00f3n de las personas f\u00edsicas en lo que respecta al tratamiento de datos personales y a la libre circulaci\u00f3n de estos datos y por el que se deroga la Directiva 95\/46\/CE (Reglamento General de Protecci\u00f3n de Datos, \u00abRGPD\u00bb). <\/p><p>El Reglamento RGPD introduce nuevas soluciones legales relativas a los principios del tratamiento de datos personales. El objetivo principal del RGPD es reforzar la protecci\u00f3n de los datos personales de las personas f\u00edsicas que son recopilados y tratados por empresas e instituciones que operan en el territorio de la Uni\u00f3n Europea. <\/p><p>De conformidad con el art\u00edculo 13 del Reglamento General de Protecci\u00f3n de Datos de 27 de abril de 2016 (Diario Oficial de la UE L 119 de 04.05.2016), le informo: <\/p><ol><li><strong>Datos del Administrador:<\/strong><br>Radomskie Tekstylia Przemys\u0142owe Sp. z o. o., 26-600 Radom, ul. Chorzowska 17, que opera en virtud de la inscripci\u00f3n en el Registro Central de Informaci\u00f3n sobre Actividad Econ\u00f3mica (CEIDG), NIF 7962640120.<\/li><li><strong>Sus datos personales ser\u00e1n tratados con el fin de: <\/strong>Responder a las consultas de los clientes interesados en la oferta de la empresa, preparar ofertas y gestionar el proceso de venta.<\/li><li><strong>El objeto del tratamiento de sus datos personales es:<br><\/strong>Nombre del empleador, nombre, apellidos, n\u00famero de tel\u00e9fono, direcci\u00f3n de correo electr\u00f3nico.<\/li><li><strong>Los destinatarios de sus datos personales son: <\/strong>El Administrador y las entidades que prestan al Administrador servicios de asesoramiento, consultor\u00eda, auditor\u00eda, inform\u00e1tica, programaci\u00f3n, postales y de mensajer\u00eda, as\u00ed como asistencia legal y fiscal.<\/li><li><strong>Los datos personales, en caso de emisi\u00f3n de documentos de venta, se conservar\u00e1n durante el per\u00edodo legalmente exigido;<\/strong> en otro caso, durante el per\u00edodo necesario para la tramitaci\u00f3n de la consulta.<\/li><li><strong>Usted tiene derecho, en relaci\u00f3n con sus datos personales, a:<\/strong><ul><li>solicitar al Administrador el acceso a sus datos personales,<\/li><li>solicitar al Administrador la rectificaci\u00f3n de sus datos personales,<\/li><li>solicitar la supresi\u00f3n de los datos tratados sin fundamento,<\/li><li>solicitar la limitaci\u00f3n del tratamiento de los datos,<\/li><li>oponerse al tratamiento de sus datos personales,<\/li><li>presentar una reclamaci\u00f3n ante la Autoridad de Control si considera que el tratamiento de sus datos personales infringe la normativa de protecci\u00f3n de datos personales.<\/li><\/ul><\/li><\/ol><p><strong>El suministro de datos es voluntario; sin embargo, la negativa a proporcionarlos puede impedir la respuesta a la consulta y la realizaci\u00f3n del pedido.<\/strong><\/p><p><strong>Administrador<\/strong><\/p>\t\t\t\t\t\t\t\t<\/div>\n\t\t\t\t<\/div>\n\t\t\t\t\t<\/div>\n\t\t\t\t<\/div>\n\t\t\t\t<\/div>\n\t\t","protected":false},"excerpt":{"rendered":"<p>Cl\u00e1usula informativa RGPD &#8211; Reglamento General de Protecci\u00f3n de Datos Reglamento (UE) 2016\/679 del Parlamento Europeo y del Consejo, de 27 de abril de 2016,&hellip;<\/p>\n","protected":false},"author":82,"featured_media":0,"parent":0,"menu_order":0,"comment_status":"closed","ping_status":"closed","template":"elementor_canvas","meta":{"inline_featured_image":false,"footnotes":""},"class_list":["post-6453","page","type-page","status-publish","hentry"],"_links":{"self":[{"href":"https:\/\/rtp-radom.eu\/es\/wp-json\/wp\/v2\/pages\/6453","targetHints":{"allow":["GET"]}}],"collection":[{"href":"https:\/\/rtp-radom.eu\/es\/wp-json\/wp\/v2\/pages"}],"about":[{"href":"https:\/\/rtp-radom.eu\/es\/wp-json\/wp\/v2\/types\/page"}],"author":[{"embeddable":true,"href":"https:\/\/rtp-radom.eu\/es\/wp-json\/wp\/v2\/users\/82"}],"replies":[{"embeddable":true,"href":"https:\/\/rtp-radom.eu\/es\/wp-json\/wp\/v2\/comments?post=6453"}],"version-history":[{"count":2,"href":"https:\/\/rtp-radom.eu\/es\/wp-json\/wp\/v2\/pages\/6453\/revisions"}],"predecessor-version":[{"id":13124,"href":"https:\/\/rtp-radom.eu\/es\/wp-json\/wp\/v2\/pages\/6453\/revisions\/13124"}],"wp:attachment":[{"href":"https:\/\/rtp-radom.eu\/es\/wp-json\/wp\/v2\/media?parent=6453"}],"curies":[{"name":"wp","href":"https:\/\/api.w.org\/{rel}","templated":true}]}}