{"id":7030,"date":"2025-11-05T11:08:21","date_gmt":"2025-11-05T10:08:21","guid":{"rendered":"https:\/\/rtp-radom.eu\/politica-de-privacidad-de-rtp-radom\/"},"modified":"2026-04-02T15:16:55","modified_gmt":"2026-04-02T13:16:55","slug":"politica-de-privacidad-de-rtp-radom","status":"publish","type":"page","link":"https:\/\/rtp-radom.eu\/es\/politica-de-privacidad-de-rtp-radom\/","title":{"rendered":"Pol\u00edtica de Privacidad de RTP Radom"},"content":{"rendered":"\t\t<div data-elementor-type=\"wp-page\" data-elementor-id=\"7030\" class=\"elementor elementor-7030 elementor-3552\" data-elementor-post-type=\"page\">\n\t\t\t\t<div class=\"elementor-element elementor-element-804d6ca e-flex e-con-boxed e-con e-parent\" data-id=\"804d6ca\" data-element_type=\"container\" data-e-type=\"container\">\n\t\t\t\t\t<div class=\"e-con-inner\">\n\t\t\t\t<div class=\"elementor-element elementor-element-73fe2e5c elementor-widget elementor-widget-text-editor\" data-id=\"73fe2e5c\" data-element_type=\"widget\" data-e-type=\"widget\" data-widget_type=\"text-editor.default\">\n\t\t\t\t\t\t\t\t\t\n<p>La direcci\u00f3n de nuestro sitio web es: <a href=\"https:\/\/rtp-radom.eu\"><strong>https:\/\/rtp-radom.eu<\/strong><\/a>.<\/p>\n\n<p>De conformidad con el art\u00edculo 13, apartados 1 y 2, del Reglamento General de Protecci\u00f3n de Datos de 27 de abril de 2016   <br>(RGPD) le informamos amablemente que:<\/p>\n\n<p>1) el responsable del tratamiento de sus datos personales es Radomskie Tekstylia Przemys\u0142owe Sp. z o.o. ul Chorzowska 17 26-600 Radom <\/p>\n\n<p>2) Sus datos personales se procesan con el fin de:<br>a. ejecutar el contrato durante su vigencia y para la liquidaci\u00f3n posterior a su finalizaci\u00f3n (base jur\u00eddica: art. 6, apdo. 1, letra b),<br>b. cumplir con nuestras obligaciones legales (base jur\u00eddica: art. 6, apdo. 1, letra c), por ejemplo:<br>\u00b7 emitir y almacenar facturas y documentos contables durante el per\u00edodo especificado por las disposiciones de la Ley de Contabilidad,<br>\u00b7 responder a las reclamaciones en el plazo y la forma previstos por la normativa,<br>c. establecer la defensa y el ejercicio de reclamaciones, lo que incluye, entre otros, el cobro de nuestras deudas derivadas del contrato durante el per\u00edodo en que estas reclamaciones prescriban (art. 6, apdo. 1, letra f);<br>d. Nuestra tienda en l\u00ednea utiliza herramientas de marketing, como Google ADS, para optimizar las campa\u00f1as publicitarias. Como parte de este proceso, se pueden recopilar y procesar datos personales, como la direcci\u00f3n de correo electr\u00f3nico o la direcci\u00f3n IP. Estos datos se utilizan exclusivamente para mejorar la calidad de nuestros anuncios y adaptarlos a sus necesidades.       <\/p>\n\n<p>3) Los destinatarios de sus datos personales ser\u00e1n las empresas postales y de mensajer\u00eda que garantizan el intercambio de correspondencia entre usted y nosotros, la agencia de seguridad que garantiza la seguridad de nuestras instalaciones, y los bancos e instituciones financieras que realizan las liquidaciones financieras de las transacciones derivadas del contrato;<br>Colaboramos con proveedores de servicios externos, como Google, para llevar a cabo campa\u00f1as publicitarias. Los datos personales pueden ser transferidos a estos proveedores, pero se utilizan de acuerdo con las leyes de protecci\u00f3n de datos aplicables. No compartiremos ni venderemos sus datos personales a otros terceros. Los utilizaremos \u00fanica y exclusivamente para los fines mencionados anteriormente.   <\/p>\n\n<p>4) Sus datos personales no ser\u00e1n transferidos a terceros pa\u00edses ni a organizaciones internacionales fuera del Espacio Econ\u00f3mico Europeo;<\/p>\n\n<p>5) tiene derecho a acceder al contenido de sus datos y el derecho a rectificarlos, suprimirlos, limitar su tratamiento, el derecho a la portabilidad de los datos, el derecho a oponerse.<\/p>\n\n<p>6) Si el tratamiento se basa en el consentimiento, tiene derecho a retirar el consentimiento en cualquier momento sin que ello afecte a la licitud del tratamiento realizado antes de la retirada;<\/p>\n\n<p>7) tiene derecho a presentar una reclamaci\u00f3n ante el Presidente de la Oficina de Protecci\u00f3n de Datos Personales si considera que el tratamiento de sus datos personales infringe las disposiciones legales; Puede obtener cualquier informaci\u00f3n adicional sobre la protecci\u00f3n de datos personales en Radomskie Tekstylia Przemys\u0142owe Sp. z o.o. en la direcci\u00f3n: <a href=\"mailto:info@rtp-radom.eu\">info@rtp-radom.eu<\/a>. <\/p>\n\n<p><strong>DEVOLUCIONES<\/strong><\/p>\n\n<ol class=\"wp-block-list\">\n<li>El cliente que sea consumidor, en el sentido del C\u00f3digo Civil, tiene derecho a desistir del contrato celebrado fuera del establecimiento comercial, de acuerdo con las normas establecidas en la Ley de 30 de mayo de 2014 sobre los derechos del consumidor, teniendo en cuenta las siguientes condiciones.<\/li>\n\n<li>El desistimiento del contrato se realiza mediante la presentaci\u00f3n de una declaraci\u00f3n de desistimiento al Vendedor.<\/li>\n\n<li>Las devoluciones deben enviarse a la direcci\u00f3n: Radomskie Tekstylia Przemys\u0142owe Sp. z o.o. ul. Chorzowska 17 26-600 Radom  <\/li>\n\n<li>No se aceptar\u00e1n env\u00edos de devoluci\u00f3n contra reembolso.<\/li>\n\n<li>El Cliente puede desistir del contrato en un plazo de 14 d\u00edas a partir de la fecha de recepci\u00f3n del art\u00edculo, siempre que la mercanc\u00eda se devuelva en perfecto estado.<\/li>\n\n<li>En caso de signos de uso, el Vendedor se reserva el derecho de reducir proporcionalmente el importe a reembolsar.<\/li>\n\n<li>La mercanc\u00eda debe devolverse en perfecto estado, lo que permita su posterior reventa. Esto significa que el Cliente debe devolver el producto en su embalaje original, protegido con film protector. En caso de falta de la protecci\u00f3n original, el Vendedor tiene derecho a aplicar una reducci\u00f3n del reembolso.  <\/li>\n\n<li>El Cliente tiene derecho al reembolso de los gastos de env\u00edo por el importe de la opci\u00f3n m\u00e1s econ\u00f3mica disponible ofrecida por el Vendedor en el momento de realizar el pedido.<\/li>\n\n<li>El derecho de desistimiento del contrato no se aplica a productos personalizados (no prefabricados).<\/li>\n\n<li>Productos como las cortinas de tiras, que se componen de elementos adaptados individualmente (por ejemplo, tiras cortadas a medida, placas remachadas, perfiles de montaje), no est\u00e1n sujetos a devoluci\u00f3n.<\/li>\n\n<li>El derecho de desistimiento del contrato no se aplica a pedidos en los que la mercanc\u00eda se fabrica seg\u00fan las especificaciones del cliente o se adapta a sus necesidades individuales.<\/li>\n\n<li>El Vendedor recomienda las longitudes de las tiras de acuerdo con las recomendaciones del fabricante, pero puede fabricar tiras con las dimensiones indicadas por el Cliente. En caso de pedir tiras que no cumplan con las recomendaciones del fabricante, el Vendedor no se hace responsable de las consecuencias resultantes. <\/li>\n<\/ol>\n\n<p><strong>RECLAMACIONES<\/strong><\/p>\n\n<ol class=\"wp-block-list\">\n<li>El Vendedor garantiza que todos los productos ofrecidos est\u00e1n libres de defectos.<\/li>\n\n<li>La entrega de la mercanc\u00eda se produce en el momento de su entrega a la empresa de transporte. A partir de ese momento, el riesgo de da\u00f1o o p\u00e9rdida de la mercanc\u00eda recae en el Cliente. <\/li>\n\n<li>El Vendedor proporciona las instrucciones de uso facilitadas por el fabricante y, si es necesario, informaci\u00f3n adicional sobre el producto.<\/li>\n\n<li>El Vendedor no acepta env\u00edos contra reembolso.<\/li>\n<\/ol>\n\t\t\t\t\t\t\t\t<\/div>\n\t\t\t\t\t<\/div>\n\t\t\t\t<\/div>\n\t\t\t\t<\/div>\n\t\t","protected":false},"excerpt":{"rendered":"<p>La direcci\u00f3n de nuestro sitio web es: https:\/\/rtp-radom.eu. De conformidad con el art\u00edculo 13, apartados 1 y 2, del Reglamento General de Protecci\u00f3n de Datos&hellip;<\/p>\n","protected":false},"author":82,"featured_media":0,"parent":0,"menu_order":0,"comment_status":"closed","ping_status":"closed","template":"elementor_canvas","meta":{"inline_featured_image":false,"footnotes":""},"class_list":["post-7030","page","type-page","status-publish","hentry"],"_links":{"self":[{"href":"https:\/\/rtp-radom.eu\/es\/wp-json\/wp\/v2\/pages\/7030","targetHints":{"allow":["GET"]}}],"collection":[{"href":"https:\/\/rtp-radom.eu\/es\/wp-json\/wp\/v2\/pages"}],"about":[{"href":"https:\/\/rtp-radom.eu\/es\/wp-json\/wp\/v2\/types\/page"}],"author":[{"embeddable":true,"href":"https:\/\/rtp-radom.eu\/es\/wp-json\/wp\/v2\/users\/82"}],"replies":[{"embeddable":true,"href":"https:\/\/rtp-radom.eu\/es\/wp-json\/wp\/v2\/comments?post=7030"}],"version-history":[{"count":0,"href":"https:\/\/rtp-radom.eu\/es\/wp-json\/wp\/v2\/pages\/7030\/revisions"}],"wp:attachment":[{"href":"https:\/\/rtp-radom.eu\/es\/wp-json\/wp\/v2\/media?parent=7030"}],"curies":[{"name":"wp","href":"https:\/\/api.w.org\/{rel}","templated":true}]}}