{"id":10030,"date":"2026-03-23T21:11:30","date_gmt":"2026-03-23T20:11:30","guid":{"rendered":"https:\/\/rtp-radom.eu\/produkt\/bolsa-medica-con-cierre-inteligente-para-ropa-sucia-90x43-cm\/"},"modified":"2026-03-23T21:11:30","modified_gmt":"2026-03-23T20:11:30","slug":"bolsa-medica-con-cierre-inteligente-para-ropa-sucia-90x43-cm","status":"publish","type":"product","link":"https:\/\/rtp-radom.eu\/es\/produkt\/bolsa-medica-con-cierre-inteligente-para-ropa-sucia-90x43-cm\/","title":{"rendered":"Bolsa m\u00e9dica con cierre inteligente para ropa sucia | 90&#215;43 cm|"},"content":{"rendered":"","protected":false},"excerpt":{"rendered":"<p>Bolsa de transporte especializada dise\u00f1ada para las rigurosas necesidades de los hospitales, que combina un innovador sistema de cierre con alta resistencia t\u00e9rmica.<\/p>\n<h3 style=\"color: #1d389f;\">Especificaciones del producto<\/h3>\n<p>&#x1f4cf; <strong>Tama\u00f1o:<\/strong> 90&#215;43 cm <\/p>\n<p>&#x1f512; <strong>Cierre:<\/strong> Sistema inteligente de cintas que elimina la necesidad de atar y desatar cordones<\/p>\n<p>&#x1f321;&#xfe0f; <strong>Propiedades \/ Lavado:<\/strong> Se puede lavar a una temperatura de hasta 95\u00b0C y secar a 60\u00b0C<\/p>\n<p>&#x1f455; <strong>Material \/ Gramaje:<\/strong> Tejido t\u00e9cnico de alta calidad resistente a los procesos de esterilizaci\u00f3n y lavado industrial<\/p>\n<p>&#x1f91d; <strong>Asas \/ Accesorios:<\/strong> C\u00f3moda asa cosida en la base de la bolsa para facilitar su vaciado<\/p>\n<p>&#x1f3a8; <strong>Colores disponibles:<\/strong> Amplia gama de colores (disponible en varios colores)<\/p>\n<p>&#x1f4e6; <strong>Pedido m\u00ednimo:<\/strong> 20 unidades<\/p>\n<h3 style=\"color: #1d389f;\">Caracter\u00edsticas \u00fanicas del producto<\/h3>\n<ul>\n<li><strong>Garant\u00eda de m\u00e1xima higiene:<\/strong> La posibilidad de lavar a 95\u00b0C permite una desinfecci\u00f3n t\u00e9rmica eficaz, clave para prevenir infecciones intrahospitalarias.<\/li>\n<li><strong>Sistema de cierre sin fallos:<\/strong> El dise\u00f1o patentado del cierre de cinta no se da\u00f1a con el lavado y garantiza un sellado completo; el contenido no se saldr\u00e1 incluso si la bolsa se invierte.<\/li>\n<li><strong>Optimizaci\u00f3n de los procesos log\u00edsticos:<\/strong> La apertura y cierre r\u00e1pidos sin cordones engorrosos y un asa dedicada para el vaciado reducen significativamente el tiempo de manipulaci\u00f3n de la ropa sucia por parte del personal m\u00e9dico.<\/li>\n<\/ul>\n","protected":false},"featured_media":7173,"template":"","meta":{"inline_featured_image":false},"product_brand":[],"product_cat":[147],"product_tag":[337,336,379],"class_list":{"0":"post-10030","1":"product","2":"type-product","3":"status-publish","4":"has-post-thumbnail","6":"product_cat-sin-categorizar","7":"product_tag-saco-de-lavanderia","8":"product_tag-saco-para-lavanderia","9":"product_tag-saco-para-transporte-de-ropa","11":"first","12":"instock","13":"taxable","14":"shipping-taxable","15":"purchasable","16":"product-type-variable","17":"customify-col"},"_links":{"self":[{"href":"https:\/\/rtp-radom.eu\/es\/wp-json\/wp\/v2\/product\/10030","targetHints":{"allow":["GET"]}}],"collection":[{"href":"https:\/\/rtp-radom.eu\/es\/wp-json\/wp\/v2\/product"}],"about":[{"href":"https:\/\/rtp-radom.eu\/es\/wp-json\/wp\/v2\/types\/product"}],"version-history":[{"count":0,"href":"https:\/\/rtp-radom.eu\/es\/wp-json\/wp\/v2\/product\/10030\/revisions"}],"wp:featuredmedia":[{"embeddable":true,"href":"https:\/\/rtp-radom.eu\/es\/wp-json\/wp\/v2\/media\/7173"}],"wp:attachment":[{"href":"https:\/\/rtp-radom.eu\/es\/wp-json\/wp\/v2\/media?parent=10030"}],"wp:term":[{"taxonomy":"product_brand","embeddable":true,"href":"https:\/\/rtp-radom.eu\/es\/wp-json\/wp\/v2\/product_brand?post=10030"},{"taxonomy":"product_cat","embeddable":true,"href":"https:\/\/rtp-radom.eu\/es\/wp-json\/wp\/v2\/product_cat?post=10030"},{"taxonomy":"product_tag","embeddable":true,"href":"https:\/\/rtp-radom.eu\/es\/wp-json\/wp\/v2\/product_tag?post=10030"}],"curies":[{"name":"wp","href":"https:\/\/api.w.org\/{rel}","templated":true}]}}