{"id":12096,"date":"2026-04-16T09:17:36","date_gmt":"2026-04-16T07:17:36","guid":{"rendered":"https:\/\/rtp-radom.eu\/?post_type=product&#038;p=12096"},"modified":"2026-04-20T08:49:16","modified_gmt":"2026-04-20T06:49:16","slug":"funda-exterior-para-carros-de-transporte-kopia","status":"publish","type":"product","link":"https:\/\/rtp-radom.eu\/es\/produkt\/funda-exterior-para-carros-de-transporte-kopia\/","title":{"rendered":"Bolsas para el transporte neum\u00e1tico"},"content":{"rendered":"","protected":false},"excerpt":{"rendered":"<p data-path-to-node=\"3\"><b data-path-to-node=\"3\" data-index-in-node=\"0\">Proporcione a su lavander\u00eda el m\u00e1s alto est\u00e1ndar de rendimiento y seguridad con los sacos de transporte especializados RTP.<\/b><\/p>\n<p data-path-to-node=\"4\">Los sacos monorail son un elemento clave de los modernos sistemas de lavander\u00eda suspendidos. Nuestra soluci\u00f3n permite aprovechar al m\u00e1ximo el espacio a\u00e9reo, eliminando la ocupaci\u00f3n de valiosa superficie de suelo y optimizando la log\u00edstica de ropa sucia y limpia. Como fabricante garantizamos una resistencia extrema, indispensable para el transporte diario de cientos de kilogramos de textiles sobre las cabezas del personal.  <\/p>\n<h3 style=\"color: #1d389f;\">Especificaciones del producto<\/h3>\n<p>&#x1f4cf; <strong>Tama\u00f1o: <\/strong>Especificaciones individuales del cliente (adaptadas a cada tipo de sistema) <\/p>\n<p>&#x1f512; <strong>Cierre: <\/strong>Cremalleras resistentes, cord\u00f3n o semic\u00edrculos met\u00e1licos (anillas en D)<\/p>\n<p>&#x1f321;&#xfe0f; <strong>Propiedades \/ Lavado: <\/strong>Materiales resistentes a procesos frecuentes de limpieza y desinfecci\u00f3n<\/p>\n<p>&#x1f91d; <strong>Asas \/ Accesorios:<\/strong>Anillas en D met\u00e1licas o de pl\u00e1stico, bolsillos para pesos, refuerzos<\/p>\n<p>&#x1f4e6; <strong>Pedido m\u00ednimo: Rogamos contacten para establecer los detalles de producci\u00f3n<\/strong><\/p>\n<h3 style=\"color: #1d389f;\">Caracter\u00edsticas \u00fanicas del producto<\/h3>\n<ul>\n<li>\n<p data-path-to-node=\"8,0,0\"><b data-path-to-node=\"8,0,0\" data-index-in-node=\"0\">Compatibilidad:<\/b> Compatible con todos los sistemas de transporte a\u00e9reo populares disponibles en el mercado.<\/p>\n<\/li>\n<li>\n<p data-path-to-node=\"8,1,0\"><b data-path-to-node=\"8,1,0\" data-index-in-node=\"0\">Construcci\u00f3n robusta:<\/b> El uso de costuras dobles o triples garantiza resistencia al desgarro incluso con carga m\u00e1xima.<\/p>\n<\/li>\n<li>\n<p data-path-to-node=\"8,2,0\"><b data-path-to-node=\"8,2,0\" data-index-in-node=\"0\">Personalizaci\u00f3n completa:<\/b> Posibilidad de aplicar el logotipo del cliente y n\u00fameros<\/p>\n<\/li>\n<li>\n<p data-path-to-node=\"8,3,0\"><b data-path-to-node=\"8,3,0\" data-index-in-node=\"0\">Seguridad:<\/b> Materiales de alta densidad de tejido garantizan fiabilidad, crucial en sistemas que trabajan sobre v\u00edas de comunicaci\u00f3n.<\/p>\n<\/li>\n<li>\n<p data-path-to-node=\"8,4,0\"><b data-path-to-node=\"8,4,0\" data-index-in-node=\"0\">Funcionalidad:<\/b> Bolsillos especiales para pesos facilitan la estabilizaci\u00f3n y apertura\/cierre autom\u00e1tico de los sacos en sistemas Monorail.<\/p>\n<\/li>\n<li><strong>Material:<\/strong> 100 % poli\u00e9ster 190-220 g\/m\u00b2, nailon 160-190 g\/m\u00b2<\/li>\n<\/ul>\n","protected":false},"featured_media":12130,"template":"","meta":{"inline_featured_image":false},"product_brand":[],"product_cat":[628],"product_tag":[],"class_list":{"0":"post-12096","1":"product","2":"type-product","3":"status-publish","4":"has-post-thumbnail","6":"product_cat-bolsas-para-el-transporte-neumatico","8":"first","9":"onbackorder","10":"taxable","11":"shipping-taxable","12":"purchasable","13":"product-type-simple","14":"customify-col"},"_links":{"self":[{"href":"https:\/\/rtp-radom.eu\/es\/wp-json\/wp\/v2\/product\/12096","targetHints":{"allow":["GET"]}}],"collection":[{"href":"https:\/\/rtp-radom.eu\/es\/wp-json\/wp\/v2\/product"}],"about":[{"href":"https:\/\/rtp-radom.eu\/es\/wp-json\/wp\/v2\/types\/product"}],"version-history":[{"count":0,"href":"https:\/\/rtp-radom.eu\/es\/wp-json\/wp\/v2\/product\/12096\/revisions"}],"wp:featuredmedia":[{"embeddable":true,"href":"https:\/\/rtp-radom.eu\/es\/wp-json\/wp\/v2\/media\/12130"}],"wp:attachment":[{"href":"https:\/\/rtp-radom.eu\/es\/wp-json\/wp\/v2\/media?parent=12096"}],"wp:term":[{"taxonomy":"product_brand","embeddable":true,"href":"https:\/\/rtp-radom.eu\/es\/wp-json\/wp\/v2\/product_brand?post=12096"},{"taxonomy":"product_cat","embeddable":true,"href":"https:\/\/rtp-radom.eu\/es\/wp-json\/wp\/v2\/product_cat?post=12096"},{"taxonomy":"product_tag","embeddable":true,"href":"https:\/\/rtp-radom.eu\/es\/wp-json\/wp\/v2\/product_tag?post=12096"}],"curies":[{"name":"wp","href":"https:\/\/api.w.org\/{rel}","templated":true}]}}