{"id":8292,"date":"2026-03-24T10:09:50","date_gmt":"2026-03-24T09:09:50","guid":{"rendered":"https:\/\/rtp-radom.eu\/produkt\/bolsa-promocional-de-poliester-upcycled\/"},"modified":"2026-03-24T10:09:50","modified_gmt":"2026-03-24T09:09:50","slug":"bolsa-promocional-de-poliester-upcycled","status":"publish","type":"product","link":"https:\/\/rtp-radom.eu\/es\/produkt\/bolsa-promocional-de-poliester-upcycled\/","title":{"rendered":"Bolsa promocional de poli\u00e9ster upcycled"},"content":{"rendered":"","protected":false},"excerpt":{"rendered":"<p>Bolsa \u00fanica creada con un enfoque sostenible a partir de restos de materiales de postproducci\u00f3n, que combina la solidez industrial con un aspecto est\u00e9tico.<\/p>\n<h3 style=\"color: #1d389f;\">Especificaciones del producto<\/h3>\n<p>&#x1f4cf; <strong>Tama\u00f1o:<\/strong> Formato est\u00e1ndar de bolsa de compra\/promocional <\/p>\n<p>&#x1f321;&#xfe0f; <strong>Propiedades \/ Lavado:<\/strong> Alta resistencia al encogimiento; mantiene su forma original incluso despu\u00e9s de m\u00faltiples lavados<\/p>\n<p>&#x1f455; <strong>Material \/ Gramaje:<\/strong> Poli\u00e9ster resistente de upcycling, a la abrasi\u00f3n y al uso intensivo<\/p>\n<p>&#x1f91d; <strong>Asas \/ Accesorios:<\/strong> Asas robustas disponibles en varios colores; posibilidad de aplicar logo (impresi\u00f3n o bordado)<\/p>\n<p>&#x1f3a8; <strong>Colores disponibles:<\/strong> Cuerpo blanco con asas de colores (p. ej., verde, azul, beige, negro)<\/p>\n<p>&#x1f4e6; <strong>Pedido m\u00ednimo:<\/strong> 50 unidades<\/p>\n<h3 style=\"color: #1d389f;\">Caracter\u00edsticas \u00fanicas del producto<\/h3>\n<ul>\n<li><strong>Imagen de marca ecol\u00f3gica:<\/strong> El uso de materiales de upcycling apoya activamente la reducci\u00f3n de residuos textiles, lo que permite a su empresa construir una imagen de responsabilidad social.<\/li>\n<li><strong>Durabilidad del sector industrial:<\/strong> Gracias al origen de los materiales de la producci\u00f3n de bolsas para lavander\u00edas industriales, la bolsa se caracteriza por una resistencia mec\u00e1nica significativamente mayor que las bolsas promocionales est\u00e1ndar.<\/li>\n<li><strong>Personalizaci\u00f3n visual completa:<\/strong> La posibilidad de elegir el color de las asas y la t\u00e9cnica de marcado (bordado\/impresi\u00f3n) permite una adaptaci\u00f3n perfecta del producto a la identidad visual de su marca o a un evento espec\u00edfico.<\/li>\n<\/ul>\n","protected":false},"featured_media":7848,"template":"","meta":{"inline_featured_image":false},"product_brand":[],"product_cat":[180],"product_tag":[182,181,183,184],"class_list":{"0":"post-8292","1":"product","2":"type-product","3":"status-publish","4":"has-post-thumbnail","6":"product_cat-accesorios-de-lavanderia","7":"product_tag-almacenamiento","8":"product_tag-bolsa","9":"product_tag-bolsa-promocional","10":"product_tag-residuo","12":"first","13":"instock","14":"taxable","15":"shipping-taxable","16":"purchasable","17":"product-type-simple","18":"customify-col"},"_links":{"self":[{"href":"https:\/\/rtp-radom.eu\/es\/wp-json\/wp\/v2\/product\/8292","targetHints":{"allow":["GET"]}}],"collection":[{"href":"https:\/\/rtp-radom.eu\/es\/wp-json\/wp\/v2\/product"}],"about":[{"href":"https:\/\/rtp-radom.eu\/es\/wp-json\/wp\/v2\/types\/product"}],"version-history":[{"count":0,"href":"https:\/\/rtp-radom.eu\/es\/wp-json\/wp\/v2\/product\/8292\/revisions"}],"wp:featuredmedia":[{"embeddable":true,"href":"https:\/\/rtp-radom.eu\/es\/wp-json\/wp\/v2\/media\/7848"}],"wp:attachment":[{"href":"https:\/\/rtp-radom.eu\/es\/wp-json\/wp\/v2\/media?parent=8292"}],"wp:term":[{"taxonomy":"product_brand","embeddable":true,"href":"https:\/\/rtp-radom.eu\/es\/wp-json\/wp\/v2\/product_brand?post=8292"},{"taxonomy":"product_cat","embeddable":true,"href":"https:\/\/rtp-radom.eu\/es\/wp-json\/wp\/v2\/product_cat?post=8292"},{"taxonomy":"product_tag","embeddable":true,"href":"https:\/\/rtp-radom.eu\/es\/wp-json\/wp\/v2\/product_tag?post=8292"}],"curies":[{"name":"wp","href":"https:\/\/api.w.org\/{rel}","templated":true}]}}