{"id":6870,"date":"2021-06-09T13:04:41","date_gmt":"2021-06-09T11:04:41","guid":{"rendered":"https:\/\/rtp-radom.eu\/note-dinformation-rgpd\/"},"modified":"2026-04-22T11:32:23","modified_gmt":"2026-04-22T09:32:23","slug":"note-dinformation-rgpd","status":"publish","type":"page","link":"https:\/\/rtp-radom.eu\/fr\/note-dinformation-rgpd\/","title":{"rendered":"Note d&rsquo;information RGPD"},"content":{"rendered":"\t\t<div data-elementor-type=\"wp-page\" data-elementor-id=\"6870\" class=\"elementor elementor-6870 elementor-814\" data-elementor-post-type=\"page\">\n\t\t\t\t<div class=\"elementor-element elementor-element-706255f e-flex e-con-boxed e-con e-parent\" data-id=\"706255f\" data-element_type=\"container\" data-e-type=\"container\">\n\t\t\t\t\t<div class=\"e-con-inner\">\n\t\t<div class=\"elementor-element elementor-element-91a8235 e-con-full e-flex e-con e-child\" data-id=\"91a8235\" data-element_type=\"container\" data-e-type=\"container\">\n\t\t\t\t<div class=\"elementor-element elementor-element-8b6938f elementor-widget elementor-widget-heading\" data-id=\"8b6938f\" data-element_type=\"widget\" data-e-type=\"widget\" data-widget_type=\"heading.default\">\n\t\t\t\t\t<h2 class=\"elementor-heading-title elementor-size-default\">Note d'information RGPD - R\u00e8glement g\u00e9n\u00e9ral sur la protection des donn\u00e9es<\/h2>\t\t\t\t<\/div>\n\t\t\t\t<div class=\"elementor-element elementor-element-e7c0164 elementor-widget elementor-widget-text-editor\" data-id=\"e7c0164\" data-element_type=\"widget\" data-e-type=\"widget\" data-widget_type=\"text-editor.default\">\n\t\t\t\t\t\t\t\t\t<p>R\u00e8glement (UE) 2016\/679 du Parlement europ\u00e9en et du Conseil du 27 avril 2016 relatif \u00e0 la protection des personnes physiques \u00e0 l&rsquo;\u00e9gard du traitement des donn\u00e9es \u00e0 caract\u00e8re personnel et \u00e0 la libre circulation de ces donn\u00e9es, et abrogeant la directive 95\/46\/CE (r\u00e8glement g\u00e9n\u00e9ral sur la protection des donn\u00e9es \u00ab RGPD \u00bb). <\/p><p>Le r\u00e8glement RGPD introduit de nouvelles solutions juridiques concernant les principes de traitement des donn\u00e9es \u00e0 caract\u00e8re personnel. L&rsquo;objectif principal du RGPD est de renforcer la protection des donn\u00e9es \u00e0 caract\u00e8re personnel des personnes physiques collect\u00e9es et trait\u00e9es par les entreprises et institutions op\u00e9rant sur le territoire de l&rsquo;Union europ\u00e9enne. <\/p><p>Conform\u00e9ment \u00e0 l&rsquo;article 13 du R\u00e8glement g\u00e9n\u00e9ral sur la protection des donn\u00e9es du 27 avril 2016 (Journal officiel de l&rsquo;UE L 119 du 04.05.2016), je vous informe : <\/p><ol><li><strong>Donn\u00e9es concernant l&rsquo;Administrateur :<\/strong><br>Radomskie Tekstylia Przemys\u0142owe Sp. z o. o., 26-600 Radom, ul. Chorzowska 17, op\u00e9rant sur la base de l&rsquo;inscription au Registre Central et d&rsquo;Information sur l&rsquo;Activit\u00e9 \u00c9conomique (CEIDG), NIP 7962640120.<\/li><li><strong>Vos donn\u00e9es \u00e0 caract\u00e8re personnel seront trait\u00e9es dans le but de : <\/strong>R\u00e9pondre aux demandes des clients int\u00e9ress\u00e9s par l&rsquo;offre de l&rsquo;entreprise, pr\u00e9parer des offres et g\u00e9rer le processus de vente.<\/li><li><strong>Les donn\u00e9es \u00e0 caract\u00e8re personnel faisant l&rsquo;objet du traitement sont :<br><\/strong>Nom de l&#8217;employeur, pr\u00e9nom, nom de famille, num\u00e9ro de t\u00e9l\u00e9phone, adresse e-mail.<\/li><li><strong>Les destinataires de vos donn\u00e9es \u00e0 caract\u00e8re personnel sont : <\/strong>L&rsquo;Administrateur et les entit\u00e9s fournissant \u00e0 l&rsquo;Administrateur des services de conseil, de consultation, d&rsquo;audit, informatiques, de programmation, postaux et de messagerie, ainsi qu&rsquo;une assistance juridique et fiscale.<\/li><li><strong>Les donn\u00e9es \u00e0 caract\u00e8re personnel, en cas d&rsquo;\u00e9mission de documents de vente, seront conserv\u00e9es pendant la p\u00e9riode l\u00e9galement requise,<\/strong> dans les autres cas &#8211; pendant la p\u00e9riode n\u00e9cessaire au traitement de la demande.<\/li><li><strong>Vous disposez, en ce qui concerne vos donn\u00e9es \u00e0 caract\u00e8re personnel, du droit de :<\/strong><ul><li>demander \u00e0 l&rsquo;Administrateur l&rsquo;acc\u00e8s aux donn\u00e9es \u00e0 caract\u00e8re personnel,<\/li><li>demander \u00e0 l&rsquo;Administrateur la rectification des donn\u00e9es \u00e0 caract\u00e8re personnel,<\/li><li>demander la suppression des donn\u00e9es trait\u00e9es sans fondement,<\/li><li>demander la limitation du traitement des donn\u00e9es,<\/li><li>vous opposer au traitement des donn\u00e9es \u00e0 caract\u00e8re personnel,<\/li><li>d\u00e9poser une plainte aupr\u00e8s de l&rsquo;Autorit\u00e9 de contr\u00f4le si vous estimez que le traitement de vos donn\u00e9es \u00e0 caract\u00e8re personnel enfreint les dispositions relatives \u00e0 la protection des donn\u00e9es \u00e0 caract\u00e8re personnel.<\/li><\/ul><\/li><\/ol><p><strong>La fourniture des donn\u00e9es est volontaire, cependant, le refus de fournir les donn\u00e9es peut emp\u00eacher de r\u00e9pondre \u00e0 la demande et de r\u00e9aliser la commande.<\/strong><\/p><p><strong>L&rsquo;Administrateur<\/strong><\/p>\t\t\t\t\t\t\t\t<\/div>\n\t\t\t\t<\/div>\n\t\t\t\t\t<\/div>\n\t\t\t\t<\/div>\n\t\t\t\t<\/div>\n\t\t","protected":false},"excerpt":{"rendered":"<p>Note d&rsquo;information RGPD &#8211; R\u00e8glement g\u00e9n\u00e9ral sur la protection des donn\u00e9es R\u00e8glement (UE) 2016\/679 du Parlement europ\u00e9en et du Conseil du 27 avril 2016 relatif&hellip;<\/p>\n","protected":false},"author":82,"featured_media":0,"parent":0,"menu_order":0,"comment_status":"closed","ping_status":"closed","template":"elementor_canvas","meta":{"inline_featured_image":false,"footnotes":""},"class_list":["post-6870","page","type-page","status-publish","hentry"],"_links":{"self":[{"href":"https:\/\/rtp-radom.eu\/fr\/wp-json\/wp\/v2\/pages\/6870","targetHints":{"allow":["GET"]}}],"collection":[{"href":"https:\/\/rtp-radom.eu\/fr\/wp-json\/wp\/v2\/pages"}],"about":[{"href":"https:\/\/rtp-radom.eu\/fr\/wp-json\/wp\/v2\/types\/page"}],"author":[{"embeddable":true,"href":"https:\/\/rtp-radom.eu\/fr\/wp-json\/wp\/v2\/users\/82"}],"replies":[{"embeddable":true,"href":"https:\/\/rtp-radom.eu\/fr\/wp-json\/wp\/v2\/comments?post=6870"}],"version-history":[{"count":2,"href":"https:\/\/rtp-radom.eu\/fr\/wp-json\/wp\/v2\/pages\/6870\/revisions"}],"predecessor-version":[{"id":13192,"href":"https:\/\/rtp-radom.eu\/fr\/wp-json\/wp\/v2\/pages\/6870\/revisions\/13192"}],"wp:attachment":[{"href":"https:\/\/rtp-radom.eu\/fr\/wp-json\/wp\/v2\/media?parent=6870"}],"curies":[{"name":"wp","href":"https:\/\/api.w.org\/{rel}","templated":true}]}}