{"id":10039,"date":"2026-03-23T18:57:45","date_gmt":"2026-03-23T17:57:45","guid":{"rendered":"https:\/\/rtp-radom.eu\/produkt\/sac-auto-ouvrant-pour-linge-hospitalier-100x58-cm-polyester\/"},"modified":"2026-03-23T18:57:45","modified_gmt":"2026-03-23T17:57:45","slug":"sac-auto-ouvrant-pour-linge-hospitalier-100x58-cm-polyester","status":"publish","type":"product","link":"https:\/\/rtp-radom.eu\/fr\/produkt\/sac-auto-ouvrant-pour-linge-hospitalier-100x58-cm-polyester\/","title":{"rendered":"Sac auto-ouvrant pour linge hospitalier | 100&#215;58 cm | Polyester"},"content":{"rendered":"","protected":false},"excerpt":{"rendered":"<p>Une solution innovante pour le secteur m\u00e9dical, qui s&rsquo;ouvre automatiquement \u00e0 l&rsquo;int\u00e9rieur de la machine \u00e0 laver, garantissant le plus haut standard d&rsquo;hygi\u00e8ne et une s\u00e9curit\u00e9 totale du personnel.<\/p>\n<h3 style=\"color: #1d389f;\">Sp\u00e9cifications du produit<\/h3>\n<p>&#x1f4cf; <strong>Taille :<\/strong> 100&#215;58 cm standard (dimensions personnalis\u00e9es \u00e9galement disponibles selon les exigences du client) <\/p>\n<p>&#x1f512; <strong>Fermeture :<\/strong> Syst\u00e8me auto-ouvrant automatiquement pendant le processus de lavage<\/p>\n<p>&#x1f321;&#xfe0f; <strong>Propri\u00e9t\u00e9s \/ Lavage :<\/strong> Capacit\u00e9 de 12 kg de linge sec ; conception \u00e9liminant le besoin de contact manuel avec les v\u00eatements souill\u00e9s<\/p>\n<p>&#x1f455; <strong>Mat\u00e9riau \/ Grammage :<\/strong> Polyester de haute qualit\u00e9 d\u00e9di\u00e9 aux h\u00f4pitaux et aux maisons de retraite<\/p>\n<p>&#x1f91d; <strong>Poign\u00e9es \/ Accessoires :<\/strong> Possibilit\u00e9 d&rsquo;appliquer un logo par thermocollage (\u00e0 partir de 20 pi\u00e8ces)<\/p>\n<p>&#x1f4e6; <strong>Commande minimale :<\/strong> 20 pi\u00e8ces<\/p>\n<h3 style=\"color: #1d389f;\">Caract\u00e9ristiques uniques du produit<\/h3>\n<ul>\n<li><strong>S\u00e9curit\u00e9 sanitaire maximale :<\/strong> Le m\u00e9canisme d&rsquo;ouverture automatique \u00e0 l&rsquo;int\u00e9rieur du tambour de la machine \u00e0 laver \u00e9limine compl\u00e8tement le besoin pour le personnel de toucher le linge sale, r\u00e9duisant drastiquement le risque de transmission de micro-organismes.<\/li>\n<li><strong>Optimisation de l&rsquo;efficacit\u00e9 de la blanchisserie :<\/strong> L&rsquo;\u00e9limination de l&rsquo;\u00e9tape de d\u00e9nouement manuel des sacs acc\u00e9l\u00e8re consid\u00e9rablement le processus de chargement des machines, permettant une gestion plus fluide des grandes quantit\u00e9s de textiles m\u00e9dicaux.<\/li>\n<li><strong>Flexibilit\u00e9 de production :<\/strong> La possibilit\u00e9 de fabriquer des sacs de toute taille et de les personnaliser avec un logo permet d&rsquo;adapter parfaitement le produit aux sp\u00e9cificit\u00e9s logistiques de chaque \u00e9tablissement.<\/li>\n<\/ul>\n","protected":false},"featured_media":7167,"template":"","meta":{"inline_featured_image":false},"product_brand":[],"product_cat":[143],"product_tag":[341,342,343],"class_list":{"0":"post-10039","1":"product","2":"type-product","3":"status-publish","4":"has-post-thumbnail","6":"product_cat-non-classe","7":"product_tag-sac-a-linge","8":"product_tag-sac-de-blanchisserie","9":"product_tag-sac-de-transport-de-linge","11":"first","12":"onbackorder","13":"taxable","14":"shipping-taxable","15":"purchasable","16":"product-type-simple","17":"customify-col"},"_links":{"self":[{"href":"https:\/\/rtp-radom.eu\/fr\/wp-json\/wp\/v2\/product\/10039","targetHints":{"allow":["GET"]}}],"collection":[{"href":"https:\/\/rtp-radom.eu\/fr\/wp-json\/wp\/v2\/product"}],"about":[{"href":"https:\/\/rtp-radom.eu\/fr\/wp-json\/wp\/v2\/types\/product"}],"version-history":[{"count":0,"href":"https:\/\/rtp-radom.eu\/fr\/wp-json\/wp\/v2\/product\/10039\/revisions"}],"wp:featuredmedia":[{"embeddable":true,"href":"https:\/\/rtp-radom.eu\/fr\/wp-json\/wp\/v2\/media\/7167"}],"wp:attachment":[{"href":"https:\/\/rtp-radom.eu\/fr\/wp-json\/wp\/v2\/media?parent=10039"}],"wp:term":[{"taxonomy":"product_brand","embeddable":true,"href":"https:\/\/rtp-radom.eu\/fr\/wp-json\/wp\/v2\/product_brand?post=10039"},{"taxonomy":"product_cat","embeddable":true,"href":"https:\/\/rtp-radom.eu\/fr\/wp-json\/wp\/v2\/product_cat?post=10039"},{"taxonomy":"product_tag","embeddable":true,"href":"https:\/\/rtp-radom.eu\/fr\/wp-json\/wp\/v2\/product_tag?post=10039"}],"curies":[{"name":"wp","href":"https:\/\/api.w.org\/{rel}","templated":true}]}}