{"id":12097,"date":"2026-04-16T09:17:36","date_gmt":"2026-04-16T07:17:36","guid":{"rendered":"https:\/\/rtp-radom.eu\/?post_type=product&#038;p=12097"},"modified":"2026-04-20T08:49:28","modified_gmt":"2026-04-20T06:49:28","slug":"housse-exterieure-pour-chariots-de-transport-kopia","status":"publish","type":"product","link":"https:\/\/rtp-radom.eu\/fr\/produkt\/housse-exterieure-pour-chariots-de-transport-kopia\/","title":{"rendered":"Sacs pour transport pneumatique"},"content":{"rendered":"","protected":false},"excerpt":{"rendered":"<p data-path-to-node=\"3\"><b data-path-to-node=\"3\" data-index-in-node=\"0\">Assurez \u00e0 votre blanchisserie le plus haut niveau de performance et de s\u00e9curit\u00e9 gr\u00e2ce aux sacs de transport sp\u00e9cialis\u00e9s RTP.<\/b><\/p>\n<p data-path-to-node=\"4\">Les sacs monorail sont un \u00e9l\u00e9ment cl\u00e9 des syst\u00e8mes de blanchisserie suspendus modernes. Notre solution permet une utilisation optimale de l&rsquo;espace a\u00e9rien, \u00e9liminant l&rsquo;occupation de la pr\u00e9cieuse surface au sol et am\u00e9liorant la logistique du linge sale et propre. En tant que fabricant, nous garantissons une r\u00e9sistance extr\u00eame, indispensable pour le transport quotidien de centaines de kilogrammes de textiles au-dessus du personnel.  <\/p>\n<h3 style=\"color: #1d389f;\">Sp\u00e9cifications du produit<\/h3>\n<p>&#x1f4cf; <strong>Dimensions : <\/strong>Sp\u00e9cifications individuelles du client (adapt\u00e9es \u00e0 chaque type de syst\u00e8me) <\/p>\n<p>&#x1f512; <strong>Fermeture : <\/strong>Fermetures \u00e9clair robustes, cordon ou demi-anneaux m\u00e9talliques (anneaux en D)<\/p>\n<p>&#x1f321;&#xfe0f; <strong>Propri\u00e9t\u00e9s \/ Lavage : <\/strong>Mat\u00e9riaux r\u00e9sistants aux processus fr\u00e9quents de nettoyage et de d\u00e9sinfection<\/p>\n<p>&#x1f91d; <strong>Poign\u00e9es \/ Accessoires :<\/strong>Anneaux en D m\u00e9talliques ou plastiques, poches pour poids, renforts<\/p>\n<p>&#x1f4e6; <strong>Commande minimale : Veuillez nous contacter pour d\u00e9finir les d\u00e9tails de production<\/strong><\/p>\n<h3 style=\"color: #1d389f;\">Caract\u00e9ristiques uniques du produit<\/h3>\n<ul>\n<li>\n<p data-path-to-node=\"8,0,0\"><b data-path-to-node=\"8,0,0\" data-index-in-node=\"0\">Compatibilit\u00e9 :<\/b> Compatibles avec tous les syst\u00e8mes de transport a\u00e9rien populaires disponibles sur le march\u00e9.<\/p>\n<\/li>\n<li>\n<p data-path-to-node=\"8,1,0\"><b data-path-to-node=\"8,1,0\" data-index-in-node=\"0\">Construction robuste :<\/b> L&rsquo;utilisation de coutures doubles ou triples garantit une r\u00e9sistance \u00e0 la d\u00e9chirure m\u00eame \u00e0 charge maximale.<\/p>\n<\/li>\n<li>\n<p data-path-to-node=\"8,2,0\"><b data-path-to-node=\"8,2,0\" data-index-in-node=\"0\">Personnalisation compl\u00e8te :<\/b> Possibilit\u00e9 d&rsquo;apposer le logo du client et les num\u00e9ros<\/p>\n<\/li>\n<li>\n<p data-path-to-node=\"8,3,0\"><b data-path-to-node=\"8,3,0\" data-index-in-node=\"0\">S\u00e9curit\u00e9 :<\/b> Mat\u00e9riaux \u00e0 haute densit\u00e9 de tissage assurant une fiabilit\u00e9 essentielle dans les syst\u00e8mes fonctionnant au-dessus des voies de circulation.<\/p>\n<\/li>\n<li>\n<p data-path-to-node=\"8,4,0\"><b data-path-to-node=\"8,4,0\" data-index-in-node=\"0\">Fonctionnalit\u00e9 :<\/b> Poches sp\u00e9ciales pour poids facilitant la stabilisation et l&rsquo;ouverture\/fermeture automatique des sacs dans les syst\u00e8mes Monorail.<\/p>\n<\/li>\n<li><strong>Mat\u00e9riau :<\/strong> 100 % polyester 190-220 g\/m\u00b2, nylon 160-190 g\/m\u00b2<\/li>\n<\/ul>\n","protected":false},"featured_media":12131,"template":"","meta":{"inline_featured_image":false},"product_brand":[],"product_cat":[631],"product_tag":[],"class_list":{"0":"post-12097","1":"product","2":"type-product","3":"status-publish","4":"has-post-thumbnail","6":"product_cat-sacs-pour-transport-pneumatique","8":"first","9":"onbackorder","10":"taxable","11":"shipping-taxable","12":"purchasable","13":"product-type-simple","14":"customify-col"},"_links":{"self":[{"href":"https:\/\/rtp-radom.eu\/fr\/wp-json\/wp\/v2\/product\/12097","targetHints":{"allow":["GET"]}}],"collection":[{"href":"https:\/\/rtp-radom.eu\/fr\/wp-json\/wp\/v2\/product"}],"about":[{"href":"https:\/\/rtp-radom.eu\/fr\/wp-json\/wp\/v2\/types\/product"}],"version-history":[{"count":0,"href":"https:\/\/rtp-radom.eu\/fr\/wp-json\/wp\/v2\/product\/12097\/revisions"}],"wp:featuredmedia":[{"embeddable":true,"href":"https:\/\/rtp-radom.eu\/fr\/wp-json\/wp\/v2\/media\/12131"}],"wp:attachment":[{"href":"https:\/\/rtp-radom.eu\/fr\/wp-json\/wp\/v2\/media?parent=12097"}],"wp:term":[{"taxonomy":"product_brand","embeddable":true,"href":"https:\/\/rtp-radom.eu\/fr\/wp-json\/wp\/v2\/product_brand?post=12097"},{"taxonomy":"product_cat","embeddable":true,"href":"https:\/\/rtp-radom.eu\/fr\/wp-json\/wp\/v2\/product_cat?post=12097"},{"taxonomy":"product_tag","embeddable":true,"href":"https:\/\/rtp-radom.eu\/fr\/wp-json\/wp\/v2\/product_tag?post=12097"}],"curies":[{"name":"wp","href":"https:\/\/api.w.org\/{rel}","templated":true}]}}