{"id":8308,"date":"2026-03-24T10:09:50","date_gmt":"2026-03-24T09:09:50","guid":{"rendered":"https:\/\/rtp-radom.eu\/produkt\/sac-publicitaire-en-polyester-upcycle\/"},"modified":"2026-03-24T10:09:50","modified_gmt":"2026-03-24T09:09:50","slug":"sac-publicitaire-en-polyester-upcycle","status":"publish","type":"product","link":"https:\/\/rtp-radom.eu\/fr\/produkt\/sac-publicitaire-en-polyester-upcycle\/","title":{"rendered":"Sac publicitaire en polyester upcycl\u00e9"},"content":{"rendered":"","protected":false},"excerpt":{"rendered":"<p>Sac unique cr\u00e9\u00e9 dans un esprit de d\u00e9veloppement durable \u00e0 partir de chutes de mat\u00e9riaux de production, alliant solidit\u00e9 industrielle et esth\u00e9tique.<\/p>\n<h3 style=\"color: #1d389f;\">Sp\u00e9cifications du produit<\/h3>\n<p>&#x1f4cf; <strong>Taille :<\/strong> Format standard de sac de courses\/publicitaire <\/p>\n<p>&#x1f321;&#xfe0f; <strong>Propri\u00e9t\u00e9s \/ Lavage :<\/strong> Haute r\u00e9sistance au r\u00e9tr\u00e9cissement ; conserve sa forme originale m\u00eame apr\u00e8s de nombreux lavages<\/p>\n<p>&#x1f455; <strong>Mat\u00e9riau \/ Grammage :<\/strong> Polyester upcycl\u00e9 r\u00e9sistant, anti-abrasion et adapt\u00e9 \u00e0 un usage intensif<\/p>\n<p>&#x1f91d; <strong>Poign\u00e9es \/ Accessoires :<\/strong> Poign\u00e9es robustes disponibles en diff\u00e9rentes couleurs ; possibilit\u00e9 d&rsquo;appliquer un logo (impression ou broderie)<\/p>\n<p>&#x1f3a8; <strong>Couleurs disponibles :<\/strong> Corps blanc avec poign\u00e9es color\u00e9es (vert, bleu, beige, noir, entre autres)<\/p>\n<p>&#x1f4e6; <strong>Commande minimale :<\/strong> 50 pi\u00e8ces<\/p>\n<h3 style=\"color: #1d389f;\">Caract\u00e9ristiques uniques du produit<\/h3>\n<ul>\n<li><strong>Image de marque \u00e9cologique :<\/strong> L&rsquo;utilisation de mat\u00e9riaux upcycl\u00e9s contribue r\u00e9ellement \u00e0 la r\u00e9duction des d\u00e9chets textiles, permettant \u00e0 votre entreprise de construire une image d&rsquo;entreprise socialement responsable.<\/li>\n<li><strong>Durabilit\u00e9 du secteur industriel :<\/strong> Gr\u00e2ce \u00e0 l&rsquo;origine des mat\u00e9riaux provenant de la production de sacs pour blanchisseries industrielles, ce sac se caract\u00e9rise par une r\u00e9sistance m\u00e9canique nettement sup\u00e9rieure \u00e0 celle des sacs publicitaires standards.<\/li>\n<li><strong>Personnalisation visuelle compl\u00e8te :<\/strong> La possibilit\u00e9 de choisir la couleur des poign\u00e9es et la technique de marquage (broderie\/impression) permet une adaptation parfaite du produit \u00e0 l&rsquo;identit\u00e9 visuelle de votre marque ou \u00e0 un \u00e9v\u00e9nement sp\u00e9cifique.<\/li>\n<\/ul>\n","protected":false},"featured_media":7848,"template":"","meta":{"inline_featured_image":false},"product_brand":[],"product_cat":[201],"product_tag":[205,202,204,203],"class_list":{"0":"post-8308","1":"product","2":"type-product","3":"status-publish","4":"has-post-thumbnail","6":"product_cat-accessoires-de-blanchisserie","7":"product_tag-dechet","8":"product_tag-sac","9":"product_tag-sac-publicitaire","10":"product_tag-stockage","12":"first","13":"instock","14":"taxable","15":"shipping-taxable","16":"purchasable","17":"product-type-simple","18":"customify-col"},"_links":{"self":[{"href":"https:\/\/rtp-radom.eu\/fr\/wp-json\/wp\/v2\/product\/8308","targetHints":{"allow":["GET"]}}],"collection":[{"href":"https:\/\/rtp-radom.eu\/fr\/wp-json\/wp\/v2\/product"}],"about":[{"href":"https:\/\/rtp-radom.eu\/fr\/wp-json\/wp\/v2\/types\/product"}],"version-history":[{"count":0,"href":"https:\/\/rtp-radom.eu\/fr\/wp-json\/wp\/v2\/product\/8308\/revisions"}],"wp:featuredmedia":[{"embeddable":true,"href":"https:\/\/rtp-radom.eu\/fr\/wp-json\/wp\/v2\/media\/7848"}],"wp:attachment":[{"href":"https:\/\/rtp-radom.eu\/fr\/wp-json\/wp\/v2\/media?parent=8308"}],"wp:term":[{"taxonomy":"product_brand","embeddable":true,"href":"https:\/\/rtp-radom.eu\/fr\/wp-json\/wp\/v2\/product_brand?post=8308"},{"taxonomy":"product_cat","embeddable":true,"href":"https:\/\/rtp-radom.eu\/fr\/wp-json\/wp\/v2\/product_cat?post=8308"},{"taxonomy":"product_tag","embeddable":true,"href":"https:\/\/rtp-radom.eu\/fr\/wp-json\/wp\/v2\/product_tag?post=8308"}],"curies":[{"name":"wp","href":"https:\/\/api.w.org\/{rel}","templated":true}]}}