{"id":8493,"date":"2026-03-24T09:34:32","date_gmt":"2026-03-24T08:34:32","guid":{"rendered":"https:\/\/rtp-radom.eu\/produkt\/housse-exterieure-pour-chariots-de-transport\/"},"modified":"2026-03-24T09:34:32","modified_gmt":"2026-03-24T08:34:32","slug":"housse-exterieure-pour-chariots-de-transport","status":"publish","type":"product","link":"https:\/\/rtp-radom.eu\/fr\/produkt\/housse-exterieure-pour-chariots-de-transport\/","title":{"rendered":"Housse ext\u00e9rieure pour chariots de transport"},"content":{"rendered":"","protected":false},"excerpt":{"rendered":"<p>\u00c9l\u00e9ment indispensable de l&rsquo;\u00e9quipement des blanchisseries industrielles, des h\u00f4tels et des h\u00f4pitaux, con\u00e7u pour prot\u00e9ger le linge transport\u00e9 contre les contaminations, l&rsquo;humidit\u00e9 et les facteurs ext\u00e9rieurs.<\/p>\n<h3 style=\"color: #1d389f;\">Sp\u00e9cifications du produit<\/h3>\n<p>&#x1f4cf; <strong>Dimensions :<\/strong> Adapt\u00e9es aux chariots grillag\u00e9s de transport standard <\/p>\n<p>&#x1f512; <strong>Fermeture :<\/strong> Syst\u00e8me de fermeture assurant une \u00e9tanch\u00e9it\u00e9 compl\u00e8te et la protection du contenu du chariot<\/p>\n<p>&#x1f321;&#xfe0f; <strong>Propri\u00e9t\u00e9s \/ Lavage :<\/strong> Barri\u00e8re efficace contre l&rsquo;humidit\u00e9 et la poussi\u00e8re ; mat\u00e9riau adapt\u00e9 \u00e0 une utilisation intensive<\/p>\n<p>&#x1f455; <strong>Mat\u00e9riau \/ Grammage :<\/strong> Mat\u00e9riaux techniques durables de haute qualit\u00e9 \u00e0 haute r\u00e9sistance m\u00e9canique<\/p>\n<p>&#x1f91d; <strong>Poign\u00e9es \/ Accessoires :<\/strong> Construction permettant une mise en place et un retrait faciles de la housse du chariot<\/p>\n<p>&#x1f4e6; <strong>Commande minimale :<\/strong> 20 pcs<\/p>\n<h3 style=\"color: #1d389f;\">Caract\u00e9ristiques uniques du produit<\/h3>\n<ul>\n<li><strong>Protection compl\u00e8te lors du transport :<\/strong> La housse ext\u00e9rieure cr\u00e9e une barri\u00e8re de protection \u00e9tanche qui prot\u00e8ge les textiles contre les salissures et l&rsquo;humidit\u00e9 lors du transport du linge entre les sites ou les services.<\/li>\n<li><strong>Garantie de conditions st\u00e9riles :<\/strong> L&rsquo;utilisation de la housse garantit des conditions hygi\u00e9niques de stockage du linge et des v\u00eatements propres, ce qui est essentiel pour maintenir les normes sanitaires dans les secteurs m\u00e9dical et h\u00f4telier.<\/li>\n<li><strong>Durabilit\u00e9 et facilit\u00e9 d&rsquo;utilisation :<\/strong> L&rsquo;utilisation de mat\u00e9riaux \u00e0 r\u00e9sistance accrue \u00e0 l&rsquo;usure prolonge consid\u00e9rablement le cycle de vie du produit, tout en augmentant le confort du travail quotidien du personnel de blanchisserie.<\/li>\n<\/ul>\n","protected":false},"featured_media":7752,"template":"","meta":{"inline_featured_image":false},"product_brand":[],"product_cat":[259],"product_tag":[],"class_list":{"0":"post-8493","1":"product","2":"type-product","3":"status-publish","4":"has-post-thumbnail","6":"product_cat-housses-pour-chariots","8":"first","9":"onbackorder","10":"taxable","11":"shipping-taxable","12":"purchasable","13":"product-type-simple","14":"customify-col"},"_links":{"self":[{"href":"https:\/\/rtp-radom.eu\/fr\/wp-json\/wp\/v2\/product\/8493","targetHints":{"allow":["GET"]}}],"collection":[{"href":"https:\/\/rtp-radom.eu\/fr\/wp-json\/wp\/v2\/product"}],"about":[{"href":"https:\/\/rtp-radom.eu\/fr\/wp-json\/wp\/v2\/types\/product"}],"version-history":[{"count":0,"href":"https:\/\/rtp-radom.eu\/fr\/wp-json\/wp\/v2\/product\/8493\/revisions"}],"wp:featuredmedia":[{"embeddable":true,"href":"https:\/\/rtp-radom.eu\/fr\/wp-json\/wp\/v2\/media\/7752"}],"wp:attachment":[{"href":"https:\/\/rtp-radom.eu\/fr\/wp-json\/wp\/v2\/media?parent=8493"}],"wp:term":[{"taxonomy":"product_brand","embeddable":true,"href":"https:\/\/rtp-radom.eu\/fr\/wp-json\/wp\/v2\/product_brand?post=8493"},{"taxonomy":"product_cat","embeddable":true,"href":"https:\/\/rtp-radom.eu\/fr\/wp-json\/wp\/v2\/product_cat?post=8493"},{"taxonomy":"product_tag","embeddable":true,"href":"https:\/\/rtp-radom.eu\/fr\/wp-json\/wp\/v2\/product_tag?post=8493"}],"curies":[{"name":"wp","href":"https:\/\/api.w.org\/{rel}","templated":true}]}}