{"id":8532,"date":"2026-03-23T11:28:15","date_gmt":"2026-03-23T10:28:15","guid":{"rendered":"https:\/\/rtp-radom.eu\/produkt\/sac-de-transport-de-linge-plat-63x100-cm-polyester\/"},"modified":"2026-03-23T11:28:15","modified_gmt":"2026-03-23T10:28:15","slug":"sac-de-transport-de-linge-plat-63x100-cm-polyester","status":"publish","type":"product","link":"https:\/\/rtp-radom.eu\/fr\/produkt\/sac-de-transport-de-linge-plat-63x100-cm-polyester\/","title":{"rendered":"Sac de transport de linge plat | 63&#215;100 cm | Polyester"},"content":{"rendered":"","protected":false},"excerpt":{"rendered":"<p>Sac de transport professionnel renforc\u00e9, \u00e0 grammage \u00e9lev\u00e9, con\u00e7u pour une utilisation quotidienne intensive dans les h\u00f4pitaux et les h\u00f4tels aux normes d&rsquo;hygi\u00e8ne les plus strictes.<\/p>\n<h3 style=\"color: #1d389f;\">Sp\u00e9cifications du produit<\/h3>\n<p>&#x1f4cf; <strong>Taille :<\/strong> 63&#215;100 cm <\/p>\n<p>&#x1f512; <strong>Fermeture :<\/strong> Bande auto-agrippante fonctionnelle et durable<\/p>\n<p>&#x1f321;&#xfe0f; <strong>Propri\u00e9t\u00e9s \/ Lavage :<\/strong> Mod\u00e8le exceptionnellement spacieux et robuste, optimis\u00e9 pour le transport s\u00e9curis\u00e9 de linge lourd<\/p>\n<p>&#x1f455; <strong>Mat\u00e9riau \/ Grammage :<\/strong> 100 % polyester \u00e0 grammage \u00e9lev\u00e9 de 200 g\/m\u00b2<\/p>\n<p>&#x1f91d; <strong>Poign\u00e9es \/ Accessoires :<\/strong> 2 poign\u00e9es solides cousues \u00e0 la base du sac, facilitant le transport et le vidage ergonomique<\/p>\n<p>&#x1f4e6; <strong>Commande minimum :<\/strong> 50 pi\u00e8ces<\/p>\n<h3 style=\"color: #1d389f;\">Caract\u00e9ristiques uniques du produit<\/h3>\n<ul>\n<li><strong>Durabilit\u00e9 m\u00e9canique sup\u00e9rieure :<\/strong> L&rsquo;utilisation d&rsquo;un tissu de 200 g\/m\u00b2 rend le sac r\u00e9sistant aux d\u00e9chirures et \u00e0 l&rsquo;abrasion, prolongeant consid\u00e9rablement le cycle de vie du produit dans la rotation industrielle.<\/li>\n<li><strong>Syst\u00e8me de d\u00e9chargement ergonomique :<\/strong> Le double syst\u00e8me de poign\u00e9es \u00e0 la base permet une prise ferme et un vidage rapide du contenu dans les machines \u00e0 laver industrielles, minimisant l&rsquo;effort du personnel et acc\u00e9l\u00e9rant les processus op\u00e9rationnels.<\/li>\n<li><strong>Fermeture rapide et s\u00e9curis\u00e9e :<\/strong> L&rsquo;utilisation d&rsquo;une bande auto-agrippante comme syst\u00e8me de fermeture \u00e9limine le probl\u00e8me des cordons emm\u00eal\u00e9s et permet de s\u00e9curiser instantan\u00e9ment le contenu avant le transport vers la blanchisserie.<\/li>\n<\/ul>\n","protected":false},"featured_media":5183,"template":"","meta":{"inline_featured_image":false},"product_brand":[],"product_cat":[143],"product_tag":[341,342,343,344],"class_list":{"0":"post-8532","1":"product","2":"type-product","3":"status-publish","4":"has-post-thumbnail","6":"product_cat-non-classe","7":"product_tag-sac-a-linge","8":"product_tag-sac-de-blanchisserie","9":"product_tag-sac-de-transport-de-linge","10":"product_tag-sac-plat","12":"first","13":"instock","14":"taxable","15":"shipping-taxable","16":"purchasable","17":"product-type-variable","18":"customify-col"},"_links":{"self":[{"href":"https:\/\/rtp-radom.eu\/fr\/wp-json\/wp\/v2\/product\/8532","targetHints":{"allow":["GET"]}}],"collection":[{"href":"https:\/\/rtp-radom.eu\/fr\/wp-json\/wp\/v2\/product"}],"about":[{"href":"https:\/\/rtp-radom.eu\/fr\/wp-json\/wp\/v2\/types\/product"}],"version-history":[{"count":0,"href":"https:\/\/rtp-radom.eu\/fr\/wp-json\/wp\/v2\/product\/8532\/revisions"}],"wp:featuredmedia":[{"embeddable":true,"href":"https:\/\/rtp-radom.eu\/fr\/wp-json\/wp\/v2\/media\/5183"}],"wp:attachment":[{"href":"https:\/\/rtp-radom.eu\/fr\/wp-json\/wp\/v2\/media?parent=8532"}],"wp:term":[{"taxonomy":"product_brand","embeddable":true,"href":"https:\/\/rtp-radom.eu\/fr\/wp-json\/wp\/v2\/product_brand?post=8532"},{"taxonomy":"product_cat","embeddable":true,"href":"https:\/\/rtp-radom.eu\/fr\/wp-json\/wp\/v2\/product_cat?post=8532"},{"taxonomy":"product_tag","embeddable":true,"href":"https:\/\/rtp-radom.eu\/fr\/wp-json\/wp\/v2\/product_tag?post=8532"}],"curies":[{"name":"wp","href":"https:\/\/api.w.org\/{rel}","templated":true}]}}