{"id":9577,"date":"2026-03-24T09:49:02","date_gmt":"2026-03-24T08:49:02","guid":{"rendered":"https:\/\/rtp-radom.eu\/produkt\/serviette-de-sport-en-microfibre-de-haute-qualite\/"},"modified":"2026-03-24T09:49:02","modified_gmt":"2026-03-24T08:49:02","slug":"serviette-de-sport-en-microfibre-de-haute-qualite","status":"publish","type":"product","link":"https:\/\/rtp-radom.eu\/fr\/produkt\/serviette-de-sport-en-microfibre-de-haute-qualite\/","title":{"rendered":"Serviette de sport en microfibre de haute qualit\u00e9"},"content":{"rendered":"","protected":false},"excerpt":{"rendered":"<p>Une serviette publicitaire moderne en microfibre lisse qui, gr\u00e2ce \u00e0 sa grande capacit\u00e9 d&rsquo;absorption et \u00e0 sa conception l\u00e9g\u00e8re, est le compagnon id\u00e9al pour les entra\u00eenements et les voyages.<\/p>\n<h3 style=\"color: #1d389f;\">Sp\u00e9cifications du produit<\/h3>\n<p>&#x1f4cf; <strong>Taille :<\/strong> 53 x 100 cm <\/p>\n<p>&#x1f321;&#xfe0f; <strong>Propri\u00e9t\u00e9s \/ Lavage :<\/strong> Mat\u00e9riau \u00e0 s\u00e9chage rapide absorbant instantan\u00e9ment l&rsquo;humidit\u00e9 lors d&rsquo;un effort intense<\/p>\n<p>&#x1f455; <strong>Mati\u00e8re \/ Grammage :<\/strong> Microfibre douce et lisse de haute qualit\u00e9<\/p>\n<p>&#x1f91d; <strong>Poign\u00e9es \/ Accessoires :<\/strong> Deux versions de finition \u00e9l\u00e9gantes \u2013 avec un logo subtil ou un ruban d\u00e9coratif<\/p>\n<p>&#x1f3a8; <strong>Couleurs disponibles :<\/strong> Large palette de couleurs<\/p>\n<p>&#x1f4e6; <strong>Commande minimale :<\/strong> 50 pi\u00e8ces (produit id\u00e9al comme article promotionnel) <\/p>\n<h3 style=\"color: #1d389f;\">Caract\u00e9ristiques uniques du produit<\/h3>\n<ul>\n<li><strong>Excellentes propri\u00e9t\u00e9s d&rsquo;absorption :<\/strong> L&rsquo;utilisation de microfibre lisse permet un s\u00e9chage instantan\u00e9 de la peau, assurant un confort exceptionnel m\u00eame pendant les exercices les plus intenses en salle de sport ou les entra\u00eenements en ext\u00e9rieur.<\/li>\n<li><strong>Haute mobilit\u00e9 et l\u00e9g\u00e8ret\u00e9 :<\/strong> Gr\u00e2ce \u00e0 ses dimensions compactes et \u00e0 son faible poids, la serviette prend un minimum de place dans le sac de sport ou les bagages, ce qui en fait une solution indispensable pour les personnes actives et les voyageurs.<\/li>\n<li><strong>Large potentiel de personnalisation :<\/strong> La disponibilit\u00e9 de nombreuses variantes de couleurs et l&rsquo;option de r\u00e9aliser un logo monochrome font de ce produit un excellent support publicitaire, renfor\u00e7ant l&rsquo;image professionnelle de la marque.<\/li>\n<\/ul>\n","protected":false},"featured_media":7760,"template":"","meta":{"inline_featured_image":false},"product_brand":[],"product_cat":[201],"product_tag":[512,513,514],"class_list":{"0":"post-9577","1":"product","2":"type-product","3":"status-publish","4":"has-post-thumbnail","6":"product_cat-accessoires-de-blanchisserie","7":"product_tag-article-promotionnel","8":"product_tag-serviette-de-sport","9":"product_tag-serviette-en-microfibre","11":"first","12":"instock","13":"taxable","14":"shipping-taxable","15":"purchasable","16":"product-type-simple","17":"customify-col"},"_links":{"self":[{"href":"https:\/\/rtp-radom.eu\/fr\/wp-json\/wp\/v2\/product\/9577","targetHints":{"allow":["GET"]}}],"collection":[{"href":"https:\/\/rtp-radom.eu\/fr\/wp-json\/wp\/v2\/product"}],"about":[{"href":"https:\/\/rtp-radom.eu\/fr\/wp-json\/wp\/v2\/types\/product"}],"version-history":[{"count":0,"href":"https:\/\/rtp-radom.eu\/fr\/wp-json\/wp\/v2\/product\/9577\/revisions"}],"wp:featuredmedia":[{"embeddable":true,"href":"https:\/\/rtp-radom.eu\/fr\/wp-json\/wp\/v2\/media\/7760"}],"wp:attachment":[{"href":"https:\/\/rtp-radom.eu\/fr\/wp-json\/wp\/v2\/media?parent=9577"}],"wp:term":[{"taxonomy":"product_brand","embeddable":true,"href":"https:\/\/rtp-radom.eu\/fr\/wp-json\/wp\/v2\/product_brand?post=9577"},{"taxonomy":"product_cat","embeddable":true,"href":"https:\/\/rtp-radom.eu\/fr\/wp-json\/wp\/v2\/product_cat?post=9577"},{"taxonomy":"product_tag","embeddable":true,"href":"https:\/\/rtp-radom.eu\/fr\/wp-json\/wp\/v2\/product_tag?post=9577"}],"curies":[{"name":"wp","href":"https:\/\/api.w.org\/{rel}","templated":true}]}}