{"id":9975,"date":"2026-03-23T21:11:30","date_gmt":"2026-03-23T20:11:30","guid":{"rendered":"https:\/\/rtp-radom.eu\/produkt\/sac-medical-avec-fermeture-intelligente-pour-le-linge-90x43-cm\/"},"modified":"2026-03-23T21:11:30","modified_gmt":"2026-03-23T20:11:30","slug":"sac-medical-avec-fermeture-intelligente-pour-le-linge-90x43-cm","status":"publish","type":"product","link":"https:\/\/rtp-radom.eu\/fr\/produkt\/sac-medical-avec-fermeture-intelligente-pour-le-linge-90x43-cm\/","title":{"rendered":"Sac m\u00e9dical avec fermeture intelligente pour le linge | 90&#215;43 cm|"},"content":{"rendered":"","protected":false},"excerpt":{"rendered":"<p>Sac de transport sp\u00e9cialis\u00e9 con\u00e7u pour les besoins rigoureux des h\u00f4pitaux, combinant un syst\u00e8me de fermeture innovant avec une haute r\u00e9sistance thermique.<\/p>\n<h3 style=\"color: #1d389f;\">Sp\u00e9cifications du produit<\/h3>\n<p>&#x1f4cf; <strong>Dimensions :<\/strong> 90&#215;43 cm <\/p>\n<p>&#x1f512; <strong>Fermeture :<\/strong> Syst\u00e8me intelligent de bandes \u00e9liminant le besoin de nouer et d\u00e9nouer un cordon<\/p>\n<p>&#x1f321;&#xfe0f; <strong>Propri\u00e9t\u00e9s \/ Lavage :<\/strong> Possibilit\u00e9 de lavage \u00e0 une temp\u00e9rature jusqu&rsquo;\u00e0 95\u00b0C et s\u00e9chage \u00e0 60\u00b0C<\/p>\n<p>&#x1f455; <strong>Mat\u00e9riau \/ Grammage :<\/strong> Tissu technique de haute qualit\u00e9 r\u00e9sistant aux processus de st\u00e9rilisation et de lavage industriel<\/p>\n<p>&#x1f91d; <strong>Poign\u00e9es \/ Accessoires :<\/strong> Poign\u00e9e pratique cousue au fond du sac facilitant son vidage<\/p>\n<p>&#x1f3a8; <strong>Couleurs disponibles :<\/strong> Large palette de couleurs (disponible en plusieurs couleurs)<\/p>\n<p>&#x1f4e6; <strong>Commande minimale :<\/strong> 20 pcs<\/p>\n<h3 style=\"color: #1d389f;\">Caract\u00e9ristiques uniques du produit<\/h3>\n<ul>\n<li><strong>Garantie d&rsquo;hygi\u00e8ne maximale :<\/strong> La possibilit\u00e9 de lavage \u00e0 95\u00b0C permet une d\u00e9sinfection thermique efficace, essentielle pour pr\u00e9venir les infections nosocomiales.<\/li>\n<li><strong>Syst\u00e8me de fermeture infaillible :<\/strong> La conception exclusive de la fermeture \u00e0 bandes ne se d\u00e9t\u00e9riore pas au lavage et garantit une \u00e9tanch\u00e9it\u00e9 totale \u2013 le contenu ne s&rsquo;\u00e9chappera pas m\u00eame si le sac est retourn\u00e9.<\/li>\n<li><strong>Optimisation des processus logistiques :<\/strong> Ouverture et fermeture rapides sans cordons contraignants et poign\u00e9e d\u00e9di\u00e9e au vidage r\u00e9duisent consid\u00e9rablement le temps de traitement du linge par le personnel m\u00e9dical.<\/li>\n<\/ul>\n","protected":false},"featured_media":7173,"template":"","meta":{"inline_featured_image":false},"product_brand":[],"product_cat":[143],"product_tag":[341,342,343],"class_list":{"0":"post-9975","1":"product","2":"type-product","3":"status-publish","4":"has-post-thumbnail","6":"product_cat-non-classe","7":"product_tag-sac-a-linge","8":"product_tag-sac-de-blanchisserie","9":"product_tag-sac-de-transport-de-linge","11":"first","12":"instock","13":"taxable","14":"shipping-taxable","15":"purchasable","16":"product-type-variable","17":"customify-col"},"_links":{"self":[{"href":"https:\/\/rtp-radom.eu\/fr\/wp-json\/wp\/v2\/product\/9975","targetHints":{"allow":["GET"]}}],"collection":[{"href":"https:\/\/rtp-radom.eu\/fr\/wp-json\/wp\/v2\/product"}],"about":[{"href":"https:\/\/rtp-radom.eu\/fr\/wp-json\/wp\/v2\/types\/product"}],"version-history":[{"count":0,"href":"https:\/\/rtp-radom.eu\/fr\/wp-json\/wp\/v2\/product\/9975\/revisions"}],"wp:featuredmedia":[{"embeddable":true,"href":"https:\/\/rtp-radom.eu\/fr\/wp-json\/wp\/v2\/media\/7173"}],"wp:attachment":[{"href":"https:\/\/rtp-radom.eu\/fr\/wp-json\/wp\/v2\/media?parent=9975"}],"wp:term":[{"taxonomy":"product_brand","embeddable":true,"href":"https:\/\/rtp-radom.eu\/fr\/wp-json\/wp\/v2\/product_brand?post=9975"},{"taxonomy":"product_cat","embeddable":true,"href":"https:\/\/rtp-radom.eu\/fr\/wp-json\/wp\/v2\/product_cat?post=9975"},{"taxonomy":"product_tag","embeddable":true,"href":"https:\/\/rtp-radom.eu\/fr\/wp-json\/wp\/v2\/product_tag?post=9975"}],"curies":[{"name":"wp","href":"https:\/\/api.w.org\/{rel}","templated":true}]}}