{"id":6629,"date":"2025-11-05T11:08:21","date_gmt":"2025-11-05T10:08:21","guid":{"rendered":"https:\/\/rtp-radom.eu\/informativa-sulla-privacy-rtp-radom\/"},"modified":"2026-04-02T14:00:04","modified_gmt":"2026-04-02T12:00:04","slug":"informativa-sulla-privacy-rtp-radom","status":"publish","type":"page","link":"https:\/\/rtp-radom.eu\/it\/informativa-sulla-privacy-rtp-radom\/","title":{"rendered":"Informativa sulla Privacy RTP Radom"},"content":{"rendered":"\t\t<div data-elementor-type=\"wp-page\" data-elementor-id=\"6629\" class=\"elementor elementor-6629 elementor-3552\" data-elementor-post-type=\"page\">\n\t\t\t\t<div class=\"elementor-element elementor-element-804d6ca e-flex e-con-boxed e-con e-parent\" data-id=\"804d6ca\" data-element_type=\"container\" data-e-type=\"container\">\n\t\t\t\t\t<div class=\"e-con-inner\">\n\t\t\t\t<div class=\"elementor-element elementor-element-73fe2e5c elementor-widget elementor-widget-text-editor\" data-id=\"73fe2e5c\" data-element_type=\"widget\" data-e-type=\"widget\" data-widget_type=\"text-editor.default\">\n\t\t\t\t\t\t\t\t\t\n<p>L&#8217;indirizzo del nostro sito web \u00e8: <a href=\"https:\/\/rtp-radom.eu\"><strong>https:\/\/rtp-radom.eu<\/strong><\/a>.<\/p>\n\n<p>Ai sensi dell&#8217;art. 13, paragrafi 1 e 2 del Regolamento generale sulla protezione dei dati del 27 aprile 2016   <br>(GDPR) si informa che:<\/p>\n\n<p>1) il titolare del trattamento dei Suoi dati personali \u00e8 Radomskie Tekstylia Przemys\u0142owe Sp. z o.o. ul Chorzowska 17 26-600 Radom <\/p>\n\n<p>2) I Suoi dati personali sono trattati per le seguenti finalit\u00e0:<br>a. esecuzione del contratto per la durata del contratto e per la liquidazione dopo la sua conclusione (base giuridica: art. 6 par. 1 lett. b),<br>b. adempimento degli obblighi legali a nostro carico (base giuridica: art. 6 par. 1 lett. c), ad esempio:<br>\u00b7 emissione e conservazione di fatture e documenti contabili per il periodo stabilito dalle disposizioni della Legge sulla contabilit\u00e0,<br>\u00b7 risposta ai reclami entro i termini e le modalit\u00e0 previste dalle norme,<br>c. accertamento, difesa e rivendicazione di pretese, che include, tra l&#8217;altro, la riscossione dei nostri crediti derivanti dal contratto per il periodo dopo il quale tali pretese cadono in prescrizione (art. 6 par. 1 lett. f);<br>d. Il nostro negozio online utilizza strumenti di marketing, come Google ADS, per ottimizzare le campagne pubblicitarie. Nell&#8217;ambito di questo processo, possono essere raccolti e trattati dati personali, come l&#8217;indirizzo e-mail o l&#8217;indirizzo IP. Questi dati vengono utilizzati esclusivamente per migliorare la qualit\u00e0 delle nostre pubblicit\u00e0 e adattarle alle Sue esigenze.       <\/p>\n\n<p>3) I destinatari dei Suoi dati personali saranno le societ\u00e0 postali e di corriere, che garantiscono lo scambio di corrispondenza tra Lei e noi, l&#8217;agenzia di sicurezza che garantisce la sicurezza delle nostre strutture, e le banche e gli istituti finanziari che effettuano le transazioni finanziarie derivanti dal contratto;<br>Collaboriamo con fornitori di servizi esterni, come Google, per la realizzazione di campagne pubblicitarie. I dati personali possono essere trasferiti a questi fornitori, ma vengono utilizzati in conformit\u00e0 con le normative vigenti sulla protezione dei dati personali. Non condivideremo n\u00e9 venderemo i Suoi dati personali a terzi. Li utilizzeremo solo ed esclusivamente per le finalit\u00e0 sopra elencate.   <\/p>\n\n<p>4) I Suoi dati personali non saranno trasferiti a paesi terzi o organizzazioni internazionali al di fuori dello Spazio Economico Europeo;<\/p>\n\n<p>5) Lei ha il diritto di accedere ai Suoi dati, di rettificarli, cancellarli, limitarne il trattamento, il diritto alla portabilit\u00e0 dei dati e il diritto di opporsi.<\/p>\n\n<p>6) Se il trattamento si basa sul consenso, Lei ha il diritto di revocare il consenso in qualsiasi momento senza pregiudicare la liceit\u00e0 del trattamento effettuato prima della revoca;<\/p>\n\n<p>7) Lei ha il diritto di presentare un reclamo al Presidente dell&#8217;Ufficio per la Protezione dei Dati Personali qualora ritenga che il trattamento dei Suoi dati personali violi le disposizioni di legge; Tutte le informazioni aggiuntive relative alla protezione dei dati personali presso Radomskie Tekstylia Przemys\u0142owe Sp. z o.o. possono essere ottenute all&#8217;indirizzo: <a href=\"mailto:info@rtp-radom.eu\">info@rtp-radom.eu<\/a>. <\/p>\n\n<p><strong>RESI<\/strong><\/p>\n\n<ol class=\"wp-block-list\">\n<li>Il Cliente, in quanto consumatore ai sensi del Codice Civile, ha il diritto di recedere dal contratto stipulato fuori dai locali commerciali secondo le modalit\u00e0 stabilite dalla legge del 30 maggio 2014 sui diritti dei consumatori, tenendo conto delle seguenti condizioni.<\/li>\n\n<li>Il recesso dal contratto avviene mediante la presentazione di una dichiarazione di recesso al Venditore.<\/li>\n\n<li>I resi devono essere inviati all&#8217;indirizzo: Radomskie Tekstylia Przemys\u0142owe Sp. z o.o. ul. Chorzowska 17 26-600 Radom  <\/li>\n\n<li>Le spedizioni di reso in contrassegno non saranno accettate.<\/li>\n\n<li>Il Cliente pu\u00f2 recedere dal contratto entro 14 giorni dalla data di ricezione dell&#8217;articolo, a condizione che la merce venga restituita integra.<\/li>\n\n<li>In caso di segni di utilizzo, il Venditore si riserva il diritto di ridurre proporzionalmente l&#8217;importo rimborsato.<\/li>\n\n<li>La merce deve essere restituita integra, consentendo la sua successiva rivendita. Ci\u00f2 significa che il Cliente deve restituire il prodotto nella sua confezione originale, protetto da pellicola protettiva. In assenza della protezione originale, il Venditore ha il diritto di applicare una riduzione del rimborso.  <\/li>\n\n<li>Il Cliente ha diritto al rimborso dei costi di consegna pari all&#8217;opzione pi\u00f9 economica disponibile offerta dal Venditore al momento dell&#8217;ordine.<\/li>\n\n<li>Il diritto di recesso non si applica ai beni personalizzati (non prefabbricati).<\/li>\n\n<li>Prodotti come le tende a strisce, che sono costituiti da elementi adattati individualmente (ad es. strisce tagliate, piastre rivettate, profili di montaggio), non sono soggetti a reso.<\/li>\n\n<li>Il diritto di recesso non si applica agli ordini in cui la merce \u00e8 realizzata secondo le specifiche del cliente o adattata alle sue esigenze individuali.<\/li>\n\n<li>Il Venditore raccomanda le lunghezze delle strisce in conformit\u00e0 con le raccomandazioni del produttore, ma pu\u00f2 realizzare strisce con le dimensioni indicate dal Cliente. In caso di ordine di strisce non conformi alle raccomandazioni del produttore, il Venditore non si assume alcuna responsabilit\u00e0 per le conseguenze che ne derivano. <\/li>\n<\/ol>\n\n<p><strong>RECLAMI<\/strong><\/p>\n\n<ol class=\"wp-block-list\">\n<li>Il Venditore garantisce che tutti i prodotti offerti sono privi di difetti.<\/li>\n\n<li>La consegna della merce avviene al momento del suo affidamento alla societ\u00e0 di trasporto. Da quel momento, il rischio di danneggiamento o perdita della merce ricade sul Cliente. <\/li>\n\n<li>Il Venditore fornisce le istruzioni per l&#8217;uso fornite dal produttore e, se necessario, informazioni aggiuntive sul prodotto.<\/li>\n\n<li>Il Venditore non accetta spedizioni in contrassegno.<\/li>\n<\/ol>\n\t\t\t\t\t\t\t\t<\/div>\n\t\t\t\t\t<\/div>\n\t\t\t\t<\/div>\n\t\t\t\t<\/div>\n\t\t","protected":false},"excerpt":{"rendered":"<p>L&#8217;indirizzo del nostro sito web \u00e8: https:\/\/rtp-radom.eu. Ai sensi dell&#8217;art. 13, paragrafi 1 e 2 del Regolamento generale sulla protezione dei dati del 27 aprile&hellip;<\/p>\n","protected":false},"author":82,"featured_media":0,"parent":0,"menu_order":0,"comment_status":"closed","ping_status":"closed","template":"elementor_canvas","meta":{"inline_featured_image":false,"footnotes":""},"class_list":["post-6629","page","type-page","status-publish","hentry"],"_links":{"self":[{"href":"https:\/\/rtp-radom.eu\/it\/wp-json\/wp\/v2\/pages\/6629","targetHints":{"allow":["GET"]}}],"collection":[{"href":"https:\/\/rtp-radom.eu\/it\/wp-json\/wp\/v2\/pages"}],"about":[{"href":"https:\/\/rtp-radom.eu\/it\/wp-json\/wp\/v2\/types\/page"}],"author":[{"embeddable":true,"href":"https:\/\/rtp-radom.eu\/it\/wp-json\/wp\/v2\/users\/82"}],"replies":[{"embeddable":true,"href":"https:\/\/rtp-radom.eu\/it\/wp-json\/wp\/v2\/comments?post=6629"}],"version-history":[{"count":0,"href":"https:\/\/rtp-radom.eu\/it\/wp-json\/wp\/v2\/pages\/6629\/revisions"}],"wp:attachment":[{"href":"https:\/\/rtp-radom.eu\/it\/wp-json\/wp\/v2\/media?parent=6629"}],"curies":[{"name":"wp","href":"https:\/\/api.w.org\/{rel}","templated":true}]}}