{"id":6275,"date":"2021-07-08T08:35:35","date_gmt":"2021-07-08T06:35:35","guid":{"rendered":"https:\/\/rtp-radom.eu\/varukorg\/"},"modified":"2026-04-01T10:44:44","modified_gmt":"2026-04-01T08:44:44","slug":"varukorg","status":"publish","type":"page","link":"https:\/\/rtp-radom.eu\/sv\/varukorg\/","title":{"rendered":"Varukorg"},"content":{"rendered":"\n<div data-block-name=\"woocommerce\/cart\" class=\"wp-block-woocommerce-cart alignwide is-loading\">\n<div data-block-name=\"woocommerce\/filled-cart-block\" class=\"wp-block-woocommerce-filled-cart-block\">\n<div data-block-name=\"woocommerce\/cart-items-block\" class=\"wp-block-woocommerce-cart-items-block\">\n<div data-block-name=\"woocommerce\/cart-line-items-block\" class=\"wp-block-woocommerce-cart-line-items-block\"><\/div>\n\n\n<\/div>\n\n\n\n\n<div data-block-name=\"woocommerce\/cart-totals-block\" class=\"wp-block-woocommerce-cart-totals-block\">\n<div data-block-name=\"woocommerce\/cart-order-summary-block\" class=\"wp-block-woocommerce-cart-order-summary-block\">\n<div data-block-name=\"woocommerce\/cart-order-summary-heading-block\" class=\"wp-block-woocommerce-cart-order-summary-heading-block\"><\/div><div data-block-name=\"woocommerce\/cart-order-summary-coupon-form-block\" class=\"wp-block-woocommerce-cart-order-summary-coupon-form-block\"><\/div><div data-block-name=\"woocommerce\/cart-order-summary-totals-block\" class=\"wp-block-woocommerce-cart-order-summary-totals-block\">\n<div data-block-name=\"woocommerce\/cart-order-summary-subtotal-block\" class=\"wp-block-woocommerce-cart-order-summary-subtotal-block\"><\/div>\n<div data-block-name=\"woocommerce\/cart-order-summary-discount-block\" class=\"wp-block-woocommerce-cart-order-summary-discount-block\"><\/div>\n<div data-block-name=\"woocommerce\/cart-order-summary-fee-block\" class=\"wp-block-woocommerce-cart-order-summary-fee-block\"><\/div>\n<div data-block-name=\"woocommerce\/cart-order-summary-shipping-block\" class=\"wp-block-woocommerce-cart-order-summary-shipping-block\"><\/div>\n<div data-block-name=\"woocommerce\/cart-order-summary-taxes-block\" class=\"wp-block-woocommerce-cart-order-summary-taxes-block\"><\/div><\/div>\n<\/div>\n\n\n\n<div data-block-name=\"woocommerce\/cart-express-payment-block\" class=\"wp-block-woocommerce-cart-express-payment-block\"><\/div>\n\n\n\n<div data-block-name=\"woocommerce\/proceed-to-checkout-block\" class=\"wp-block-woocommerce-proceed-to-checkout-block\"><\/div>\n\n\n\n<div data-block-name=\"woocommerce\/cart-accepted-payment-methods-block\" class=\"wp-block-woocommerce-cart-accepted-payment-methods-block\"><\/div>\n<\/div>\n<\/div>\n\n\n\n<div data-block-name=\"woocommerce\/empty-cart-block\" class=\"wp-block-woocommerce-empty-cart-block\">\n<h2 class=\"wp-block-heading has-text-align-center with-empty-cart-icon wc-block-cart__empty-cart__title\">Din varukorg \u00e4r f\u00f6r n\u00e4rvarande tom!<\/h2>\n\n\n\n<hr class=\"wp-block-separator has-alpha-channel-opacity is-style-dots\"\/>\n\n\n\n<h2 class=\"wp-block-heading has-text-align-center\">Nytt i butik<\/h2>\n\n\n<div data-block-name=\"woocommerce\/product-new\" data-columns=\"4\" data-rows=\"1\" class=\"wc-block-grid wp-block-product-new wp-block-woocommerce-product-new wc-block-product-new has-4-columns\"><ul class=\"wc-block-grid__products\"><li class=\"wc-block-grid__product\"><span class=\"gtm4wp_productdata\" style=\"display:none; visibility:hidden;\" data-gtm4wp_product_data=\"{&quot;internal_id&quot;:12100,&quot;item_id&quot;:12100,&quot;item_name&quot;:&quot;P\\u00e5sar f\\u00f6r pneumatisk transport&quot;,&quot;sku&quot;:12100,&quot;price&quot;:0,&quot;stocklevel&quot;:null,&quot;stockstatus&quot;:&quot;onbackorder&quot;,&quot;google_business_vertical&quot;:&quot;retail&quot;,&quot;item_category&quot;:&quot;P\\u00e5sar f\\u00f6r pneumatisk transport&quot;,&quot;id&quot;:12100,&quot;productlink&quot;:&quot;https:\\\/\\\/rtp-radom.eu\\\/sv\\\/produkt\\\/yttre-overdrag-for-transportvagnar-kopia\\\/&quot;,&quot;item_list_name&quot;:&quot;General Product List&quot;,&quot;index&quot;:0,&quot;product_type&quot;:&quot;simple&quot;,&quot;item_brand&quot;:&quot;&quot;}\"><\/span>\n\t\t\t\t<a href=\"https:\/\/rtp-radom.eu\/sv\/produkt\/yttre-overdrag-for-transportvagnar-kopia\/\" class=\"wc-block-grid__product-link\">\n\t\t\t\t\t\n\t\t\t\t\t<div class=\"wc-block-grid__product-image\"><img fetchpriority=\"high\" decoding=\"async\" width=\"300\" height=\"300\" src=\"https:\/\/rtp-radom.eu\/wp-content\/uploads\/2026\/04\/rtp-monorail-system-dla-pralni-przemyslowych-300x300.jpg\" class=\"attachment-woocommerce_thumbnail size-woocommerce_thumbnail\" alt=\"P\u00e5sar f\u00f6r pneumatisk transport\" srcset=\"https:\/\/rtp-radom.eu\/wp-content\/uploads\/2026\/04\/rtp-monorail-system-dla-pralni-przemyslowych-300x300.jpg 300w, https:\/\/rtp-radom.eu\/wp-content\/uploads\/2026\/04\/rtp-monorail-system-dla-pralni-przemyslowych-1024x1024.jpg 1024w, https:\/\/rtp-radom.eu\/wp-content\/uploads\/2026\/04\/rtp-monorail-system-dla-pralni-przemyslowych-150x150.jpg 150w, https:\/\/rtp-radom.eu\/wp-content\/uploads\/2026\/04\/rtp-monorail-system-dla-pralni-przemyslowych-768x768.jpg 768w, https:\/\/rtp-radom.eu\/wp-content\/uploads\/2026\/04\/rtp-monorail-system-dla-pralni-przemyslowych-600x600.jpg 600w, https:\/\/rtp-radom.eu\/wp-content\/uploads\/2026\/04\/rtp-monorail-system-dla-pralni-przemyslowych-100x100.jpg 100w, https:\/\/rtp-radom.eu\/wp-content\/uploads\/2026\/04\/rtp-monorail-system-dla-pralni-przemyslowych-50x50.jpg 50w, https:\/\/rtp-radom.eu\/wp-content\/uploads\/2026\/04\/rtp-monorail-system-dla-pralni-przemyslowych.jpg 1080w\" sizes=\"(max-width: 300px) 100vw, 300px\" \/><\/div>\n\t\t\t\t\t<div class=\"wc-block-grid__product-title\">P\u00e5sar f\u00f6r pneumatisk transport<\/div>\n\t\t\t\t<\/a>\n\t\t\t\t<div class=\"wc-block-grid__product-price price\"><\/div>\n\t\t\t\t\n\t\t\t\t<div class=\"wp-block-button wc-block-grid__product-add-to-cart\"><a href=\"\/sv\/wp-json\/wp\/v2\/pages\/6275?add-to-cart=12100\" aria-label=\"L\u00e4gg till i varukorgen: \u201dP\u00e5sar f\u00f6r pneumatisk transport\u201d\" data-quantity=\"1\" data-product_id=\"12100\" data-product_sku=\"\" data-price=\"0\" rel=\"nofollow\" class=\"wp-block-button__link  add_to_cart_button ajax_add_to_cart\">L\u00e4gg till i varukorg<\/a><\/div>\n\t\t\t<\/li><li class=\"wc-block-grid__product\"><span class=\"gtm4wp_productdata\" style=\"display:none; visibility:hidden;\" data-gtm4wp_product_data=\"{&quot;internal_id&quot;:8300,&quot;item_id&quot;:8300,&quot;item_name&quot;:&quot;Reklamv\\u00e4ska av upcyklad polyester&quot;,&quot;sku&quot;:8300,&quot;price&quot;:15,&quot;stocklevel&quot;:null,&quot;stockstatus&quot;:&quot;instock&quot;,&quot;google_business_vertical&quot;:&quot;retail&quot;,&quot;item_category&quot;:&quot;Tv\\u00e4tteritillbeh\\u00f6r&quot;,&quot;id&quot;:8300,&quot;productlink&quot;:&quot;https:\\\/\\\/rtp-radom.eu\\\/sv\\\/produkt\\\/reklamvaska-av-upcyklad-polyester\\\/&quot;,&quot;item_list_name&quot;:&quot;General Product List&quot;,&quot;index&quot;:0,&quot;product_type&quot;:&quot;simple&quot;,&quot;item_brand&quot;:&quot;&quot;}\"><\/span>\n\t\t\t\t<a href=\"https:\/\/rtp-radom.eu\/sv\/produkt\/reklamvaska-av-upcyklad-polyester\/\" class=\"wc-block-grid__product-link\">\n\t\t\t\t\t\n\t\t\t\t\t<div class=\"wc-block-grid__product-image\"><img decoding=\"async\" width=\"300\" height=\"300\" src=\"https:\/\/rtp-radom.eu\/wp-content\/uploads\/2026\/03\/rtp-poliestrowa-torba-wykonana-z-odpadu-trwalosc-i-funkcjonalnosc-3-1-300x300.jpg\" class=\"attachment-woocommerce_thumbnail size-woocommerce_thumbnail\" alt=\"Reklamv\u00e4ska av upcyklad polyester\" srcset=\"https:\/\/rtp-radom.eu\/wp-content\/uploads\/2026\/03\/rtp-poliestrowa-torba-wykonana-z-odpadu-trwalosc-i-funkcjonalnosc-3-1-300x300.jpg 300w, https:\/\/rtp-radom.eu\/wp-content\/uploads\/2026\/03\/rtp-poliestrowa-torba-wykonana-z-odpadu-trwalosc-i-funkcjonalnosc-3-1-1024x1024.jpg 1024w, https:\/\/rtp-radom.eu\/wp-content\/uploads\/2026\/03\/rtp-poliestrowa-torba-wykonana-z-odpadu-trwalosc-i-funkcjonalnosc-3-1-150x150.jpg 150w, https:\/\/rtp-radom.eu\/wp-content\/uploads\/2026\/03\/rtp-poliestrowa-torba-wykonana-z-odpadu-trwalosc-i-funkcjonalnosc-3-1-768x768.jpg 768w, https:\/\/rtp-radom.eu\/wp-content\/uploads\/2026\/03\/rtp-poliestrowa-torba-wykonana-z-odpadu-trwalosc-i-funkcjonalnosc-3-1-600x600.jpg 600w, https:\/\/rtp-radom.eu\/wp-content\/uploads\/2026\/03\/rtp-poliestrowa-torba-wykonana-z-odpadu-trwalosc-i-funkcjonalnosc-3-1-100x100.jpg 100w, https:\/\/rtp-radom.eu\/wp-content\/uploads\/2026\/03\/rtp-poliestrowa-torba-wykonana-z-odpadu-trwalosc-i-funkcjonalnosc-3-1-50x50.jpg 50w, https:\/\/rtp-radom.eu\/wp-content\/uploads\/2026\/03\/rtp-poliestrowa-torba-wykonana-z-odpadu-trwalosc-i-funkcjonalnosc-3-1.jpg 1080w\" sizes=\"(max-width: 300px) 100vw, 300px\" \/><\/div>\n\t\t\t\t\t<div class=\"wc-block-grid__product-title\">Reklamv\u00e4ska av upcyklad polyester<\/div>\n\t\t\t\t<\/a>\n\t\t\t\t<div class=\"wc-block-grid__product-price price\"><span class=\"woocommerce-Price-amount amount\">15,00&nbsp;<span class=\"woocommerce-Price-currencySymbol\">&#122;&#322;<\/span><\/span><\/div>\n\t\t\t\t\n\t\t\t\t<div class=\"wp-block-button wc-block-grid__product-add-to-cart\"><a href=\"\/sv\/wp-json\/wp\/v2\/pages\/6275?add-to-cart=8300\" aria-label=\"L\u00e4gg till i varukorgen: \u201dReklamv\u00e4ska av upcyklad polyester\u201d\" data-quantity=\"1\" data-product_id=\"8300\" data-product_sku=\"\" data-price=\"15\" rel=\"nofollow\" class=\"wp-block-button__link  add_to_cart_button ajax_add_to_cart\">L\u00e4gg till i varukorg<\/a><\/div>\n\t\t\t<\/li><li class=\"wc-block-grid__product\"><span class=\"gtm4wp_productdata\" style=\"display:none; visibility:hidden;\" data-gtm4wp_product_data=\"{&quot;internal_id&quot;:8339,&quot;item_id&quot;:8339,&quot;item_name&quot;:&quot;Strykbr\\u00e4d\\u00f6verdrag | Polyester | Royal bl\\u00e5&quot;,&quot;sku&quot;:8339,&quot;price&quot;:17,&quot;stocklevel&quot;:100,&quot;stockstatus&quot;:&quot;instock&quot;,&quot;google_business_vertical&quot;:&quot;retail&quot;,&quot;item_category&quot;:&quot;Sista exemplaren&quot;,&quot;id&quot;:8339,&quot;productlink&quot;:&quot;https:\\\/\\\/rtp-radom.eu\\\/sv\\\/produkt\\\/strykbradoverdrag-polyester-royal-bla\\\/&quot;,&quot;item_list_name&quot;:&quot;General Product List&quot;,&quot;index&quot;:0,&quot;product_type&quot;:&quot;simple&quot;,&quot;item_brand&quot;:&quot;&quot;}\"><\/span>\n\t\t\t\t<a href=\"https:\/\/rtp-radom.eu\/sv\/produkt\/strykbradoverdrag-polyester-royal-bla\/\" class=\"wc-block-grid__product-link\">\n\t\t\t\t\t<div class=\"wc-block-grid__product-onsale\">\n\t\t\t<span aria-hidden=\"true\">Rea<\/span>\n\t\t\t<span class=\"screen-reader-text\">Produkter p\u00e5 rea<\/span>\n\t\t<\/div>\n\t\t\t\t\t<div class=\"wc-block-grid__product-image\"><img decoding=\"async\" width=\"300\" height=\"300\" src=\"https:\/\/rtp-radom.eu\/wp-content\/uploads\/2026\/03\/rtp-pokrowiec-na-deske-do-prasowania-1-300x300.jpg\" class=\"attachment-woocommerce_thumbnail size-woocommerce_thumbnail\" alt=\"Strykbr\u00e4d\u00f6verdrag | Polyester | Royal bl\u00e5\" srcset=\"https:\/\/rtp-radom.eu\/wp-content\/uploads\/2026\/03\/rtp-pokrowiec-na-deske-do-prasowania-1-300x300.jpg 300w, https:\/\/rtp-radom.eu\/wp-content\/uploads\/2026\/03\/rtp-pokrowiec-na-deske-do-prasowania-1-1024x1024.jpg 1024w, https:\/\/rtp-radom.eu\/wp-content\/uploads\/2026\/03\/rtp-pokrowiec-na-deske-do-prasowania-1-150x150.jpg 150w, https:\/\/rtp-radom.eu\/wp-content\/uploads\/2026\/03\/rtp-pokrowiec-na-deske-do-prasowania-1-768x768.jpg 768w, https:\/\/rtp-radom.eu\/wp-content\/uploads\/2026\/03\/rtp-pokrowiec-na-deske-do-prasowania-1-600x600.jpg 600w, https:\/\/rtp-radom.eu\/wp-content\/uploads\/2026\/03\/rtp-pokrowiec-na-deske-do-prasowania-1-100x100.jpg 100w, https:\/\/rtp-radom.eu\/wp-content\/uploads\/2026\/03\/rtp-pokrowiec-na-deske-do-prasowania-1-50x50.jpg 50w, https:\/\/rtp-radom.eu\/wp-content\/uploads\/2026\/03\/rtp-pokrowiec-na-deske-do-prasowania-1.jpg 1080w\" sizes=\"(max-width: 300px) 100vw, 300px\" \/><\/div>\n\t\t\t\t\t<div class=\"wc-block-grid__product-title\">Strykbr\u00e4d\u00f6verdrag | Polyester | Royal bl\u00e5<\/div>\n\t\t\t\t<\/a>\n\t\t\t\t<div class=\"wc-block-grid__product-price price\"><del aria-hidden=\"true\"><span class=\"woocommerce-Price-amount amount\">25,00&nbsp;<span class=\"woocommerce-Price-currencySymbol\">&#122;&#322;<\/span><\/span><\/del> <span class=\"screen-reader-text\">Det ursprungliga priset var: 25,00&nbsp;&#122;&#322;.<\/span><ins aria-hidden=\"true\"><span class=\"woocommerce-Price-amount amount\">17,00&nbsp;<span class=\"woocommerce-Price-currencySymbol\">&#122;&#322;<\/span><\/span><\/ins><span class=\"screen-reader-text\">Det nuvarande priset \u00e4r: 17,00&nbsp;&#122;&#322;.<\/span><\/div>\n\t\t\t\t\n\t\t\t\t<div class=\"wp-block-button wc-block-grid__product-add-to-cart\"><a href=\"\/sv\/wp-json\/wp\/v2\/pages\/6275?add-to-cart=8339\" aria-label=\"L\u00e4gg till i varukorgen: \u201dStrykbr\u00e4d\u00f6verdrag | Polyester | Royal bl\u00e5\u201d\" data-quantity=\"1\" data-product_id=\"8339\" data-product_sku=\"\" data-price=\"17\" rel=\"nofollow\" class=\"wp-block-button__link  add_to_cart_button ajax_add_to_cart\">L\u00e4gg till i varukorg<\/a><\/div>\n\t\t\t<\/li><li class=\"wc-block-grid__product\"><span class=\"gtm4wp_productdata\" style=\"display:none; visibility:hidden;\" data-gtm4wp_product_data=\"{&quot;internal_id&quot;:9542,&quot;item_id&quot;:9542,&quot;item_name&quot;:&quot;Plaggskydd f\\u00f6r galge | 130x58 cm |&quot;,&quot;sku&quot;:9542,&quot;price&quot;:35,&quot;stocklevel&quot;:null,&quot;stockstatus&quot;:&quot;onbackorder&quot;,&quot;google_business_vertical&quot;:&quot;retail&quot;,&quot;item_category&quot;:&quot;Tv\\u00e4tteritillbeh\\u00f6r&quot;,&quot;id&quot;:9542,&quot;productlink&quot;:&quot;https:\\\/\\\/rtp-radom.eu\\\/sv\\\/produkt\\\/plaggskydd-for-galge-130x58-cm\\\/&quot;,&quot;item_list_name&quot;:&quot;General Product List&quot;,&quot;index&quot;:0,&quot;product_type&quot;:&quot;simple&quot;,&quot;item_brand&quot;:&quot;&quot;}\"><\/span>\n\t\t\t\t<a href=\"https:\/\/rtp-radom.eu\/sv\/produkt\/plaggskydd-for-galge-130x58-cm\/\" class=\"wc-block-grid__product-link\">\n\t\t\t\t\t\n\t\t\t\t\t<div class=\"wc-block-grid__product-image\"><img loading=\"lazy\" decoding=\"async\" width=\"300\" height=\"300\" src=\"https:\/\/rtp-radom.eu\/wp-content\/uploads\/2026\/03\/rtp-pokrowiec-na-wieszak-na-ubrania-130x58cm-1-300x300.jpg\" class=\"attachment-woocommerce_thumbnail size-woocommerce_thumbnail\" alt=\"Plaggskydd f\u00f6r galge | 130x58 cm |\" srcset=\"https:\/\/rtp-radom.eu\/wp-content\/uploads\/2026\/03\/rtp-pokrowiec-na-wieszak-na-ubrania-130x58cm-1-300x300.jpg 300w, https:\/\/rtp-radom.eu\/wp-content\/uploads\/2026\/03\/rtp-pokrowiec-na-wieszak-na-ubrania-130x58cm-1-1024x1024.jpg 1024w, https:\/\/rtp-radom.eu\/wp-content\/uploads\/2026\/03\/rtp-pokrowiec-na-wieszak-na-ubrania-130x58cm-1-150x150.jpg 150w, https:\/\/rtp-radom.eu\/wp-content\/uploads\/2026\/03\/rtp-pokrowiec-na-wieszak-na-ubrania-130x58cm-1-768x768.jpg 768w, https:\/\/rtp-radom.eu\/wp-content\/uploads\/2026\/03\/rtp-pokrowiec-na-wieszak-na-ubrania-130x58cm-1-600x600.jpg 600w, https:\/\/rtp-radom.eu\/wp-content\/uploads\/2026\/03\/rtp-pokrowiec-na-wieszak-na-ubrania-130x58cm-1-100x100.jpg 100w, https:\/\/rtp-radom.eu\/wp-content\/uploads\/2026\/03\/rtp-pokrowiec-na-wieszak-na-ubrania-130x58cm-1-50x50.jpg 50w, https:\/\/rtp-radom.eu\/wp-content\/uploads\/2026\/03\/rtp-pokrowiec-na-wieszak-na-ubrania-130x58cm-1.jpg 1080w\" sizes=\"(max-width: 300px) 100vw, 300px\" \/><\/div>\n\t\t\t\t\t<div class=\"wc-block-grid__product-title\">Plaggskydd f\u00f6r galge | 130&#215;58 cm |<\/div>\n\t\t\t\t<\/a>\n\t\t\t\t<div class=\"wc-block-grid__product-price price\"><span class=\"woocommerce-Price-amount amount\">35,00&nbsp;<span class=\"woocommerce-Price-currencySymbol\">&#122;&#322;<\/span><\/span><\/div>\n\t\t\t\t\n\t\t\t\t<div class=\"wp-block-button wc-block-grid__product-add-to-cart\"><a href=\"\/sv\/wp-json\/wp\/v2\/pages\/6275?add-to-cart=9542\" aria-label=\"L\u00e4gg till i varukorgen: \u201dPlaggskydd f\u00f6r galge | 130x58 cm |\u201d\" data-quantity=\"1\" data-product_id=\"9542\" data-product_sku=\"\" data-price=\"35\" rel=\"nofollow\" class=\"wp-block-button__link  add_to_cart_button ajax_add_to_cart\">L\u00e4gg till i varukorg<\/a><\/div>\n\t\t\t<\/li><\/ul><\/div><\/div>\n<\/div>\n","protected":false},"excerpt":{"rendered":"","protected":false},"author":82,"featured_media":0,"parent":0,"menu_order":0,"comment_status":"closed","ping_status":"closed","template":"","meta":{"inline_featured_image":false,"footnotes":""},"class_list":["post-6275","page","type-page","status-publish","hentry"],"_links":{"self":[{"href":"https:\/\/rtp-radom.eu\/sv\/wp-json\/wp\/v2\/pages\/6275","targetHints":{"allow":["GET"]}}],"collection":[{"href":"https:\/\/rtp-radom.eu\/sv\/wp-json\/wp\/v2\/pages"}],"about":[{"href":"https:\/\/rtp-radom.eu\/sv\/wp-json\/wp\/v2\/types\/page"}],"author":[{"embeddable":true,"href":"https:\/\/rtp-radom.eu\/sv\/wp-json\/wp\/v2\/users\/82"}],"replies":[{"embeddable":true,"href":"https:\/\/rtp-radom.eu\/sv\/wp-json\/wp\/v2\/comments?post=6275"}],"version-history":[{"count":0,"href":"https:\/\/rtp-radom.eu\/sv\/wp-json\/wp\/v2\/pages\/6275\/revisions"}],"wp:attachment":[{"href":"https:\/\/rtp-radom.eu\/sv\/wp-json\/wp\/v2\/media?parent=6275"}],"curies":[{"name":"wp","href":"https:\/\/api.w.org\/{rel}","templated":true}]}}