{"id":6367,"date":"2025-11-05T11:08:21","date_gmt":"2025-11-05T10:08:21","guid":{"rendered":"https:\/\/rtp-radom.eu\/integritetspolicy-rtp-radom\/"},"modified":"2026-04-02T13:48:37","modified_gmt":"2026-04-02T11:48:37","slug":"integritetspolicy-rtp-radom","status":"publish","type":"page","link":"https:\/\/rtp-radom.eu\/sv\/integritetspolicy-rtp-radom\/","title":{"rendered":"Integritetspolicy RTP Radom"},"content":{"rendered":"\t\t<div data-elementor-type=\"wp-page\" data-elementor-id=\"6367\" class=\"elementor elementor-6367 elementor-3552\" data-elementor-post-type=\"page\">\n\t\t\t\t<div class=\"elementor-element elementor-element-804d6ca e-flex e-con-boxed e-con e-parent\" data-id=\"804d6ca\" data-element_type=\"container\" data-e-type=\"container\">\n\t\t\t\t\t<div class=\"e-con-inner\">\n\t\t\t\t<div class=\"elementor-element elementor-element-73fe2e5c elementor-widget elementor-widget-text-editor\" data-id=\"73fe2e5c\" data-element_type=\"widget\" data-e-type=\"widget\" data-widget_type=\"text-editor.default\">\n\t\t\t\t\t\t\t\t\t\n<p>V\u00e5r webbplatsadress \u00e4r: <a href=\"https:\/\/rtp-radom.eu\"><strong>https:\/\/rtp-radom.eu<\/strong><\/a>.<\/p>\n\n<p>I enlighet med artikel 13.1 och 13.2 i den allm\u00e4nna dataskyddsf\u00f6rordningen av den 27 april 2016   <br>(GDPR) informerar vi er om att:<\/p>\n\n<p>1) personuppgiftsansvarig f\u00f6r era personuppgifter \u00e4r Radomskie Tekstylia Przemys\u0142owe Sp. z o.o., ul. Chorzowska 17, 26-600 Radom <\/p>\n\n<p>2) Era personuppgifter behandlas i syfte att:<br>a. fullg\u00f6ra avtalet under avtalets giltighetstid och avr\u00e4kningar efter dess upph\u00f6rande (r\u00e4ttslig grund: artikel 6.1 b),<br>b. uppfylla v\u00e5ra r\u00e4ttsliga skyldigheter (r\u00e4ttslig grund: artikel 6.1 c), t.ex.<br>\u00b7 utf\u00e4rda och lagra fakturor samt bokf\u00f6ringsdokument under den tid som f\u00f6reskrivs i bokf\u00f6ringslagen,<br>\u00b7 besvara reklamationer inom den tid och form som f\u00f6reskrivs i lagstiftningen,<br>c. fastst\u00e4lla f\u00f6rsvar och g\u00f6ra g\u00e4llande anspr\u00e5k, vilket bl.a. omfattar indrivning av v\u00e5ra fordringar fr\u00e5n avtalet under den period efter vilken dessa anspr\u00e5k preskriberas (artikel 6.1 f);<br>d. V\u00e5r webbshop anv\u00e4nder marknadsf\u00f6ringsverktyg, s\u00e5som Google ADS, f\u00f6r att optimera reklamkampanjer. Inom ramen f\u00f6r denna process kan personuppgifter, s\u00e5som e-postadress eller IP-adress, samlas in och behandlas. Dessa uppgifter anv\u00e4nds uteslutande f\u00f6r att f\u00f6rb\u00e4ttra kvaliteten p\u00e5 v\u00e5ra annonser och anpassa dem till era behov.       <\/p>\n\n<p>3) Mottagare av era personuppgifter kommer att vara post- och kurirf\u00f6retag som s\u00e4kerst\u00e4ller korrespondensutbyte mellan er och oss, s\u00e4kerhetsf\u00f6retag som s\u00e4kerst\u00e4ller s\u00e4kerheten f\u00f6r v\u00e5ra anl\u00e4ggningar samt banker och finansiella institutioner som genomf\u00f6r finansiella avr\u00e4kningar av transaktioner som f\u00f6ljer av avtalet;<br>Vi samarbetar med externa tj\u00e4nsteleverant\u00f6rer, s\u00e5som Google, f\u00f6r att genomf\u00f6ra reklamkampanjer. Personuppgifter kan \u00f6verf\u00f6ras till dessa leverant\u00f6rer, men de anv\u00e4nds i enlighet med g\u00e4llande dataskyddsbest\u00e4mmelser. Vi kommer inte att dela eller s\u00e4lja era personuppgifter till andra tredje parter. Vi kommer endast att anv\u00e4nda dem f\u00f6r v\u00e5ra egna syften som anges ovan.   <\/p>\n\n<p>4) Era personuppgifter kommer inte att \u00f6verf\u00f6ras till tredjeland eller internationella organisationer utanf\u00f6r Europeiska ekonomiska samarbetsomr\u00e5det;<\/p>\n\n<p>5) Ni har r\u00e4tt till tillg\u00e5ng till inneh\u00e5llet i era uppgifter samt r\u00e4tt att r\u00e4tta, radera, begr\u00e4nsa behandlingen, r\u00e4tt till dataportabilitet och r\u00e4tt att g\u00f6ra inv\u00e4ndningar.<\/p>\n\n<p>6) Om behandlingen sker p\u00e5 grundval av samtycke har ni r\u00e4tt att n\u00e4r som helst \u00e5terkalla samtycket utan att det p\u00e5verkar lagligheten av behandlingen f\u00f6re \u00e5terkallelsen;<\/p>\n\n<p>7) Ni har r\u00e4tt att l\u00e4mna in ett klagom\u00e5l till Dataskyddsmyndigheten om ni anser att behandlingen av era personuppgifter strider mot lagstiftningen. All ytterligare information om skydd av personuppgifter hos Radomskie Tekstylia Przemys\u0142owe Sp. z o.o. kan ni f\u00e5 p\u00e5 adressen: <a href=\"mailto:info@rtp-radom.eu\">info@rtp-radom.eu<\/a>. <\/p>\n\n<p><strong>RETURER<\/strong><\/p>\n\n<ol class=\"wp-block-list\">\n<li>Kund som \u00e4r konsument i den mening som avses i civillagen har r\u00e4tt att fr\u00e5ntr\u00e4da avtal som ing\u00e5tts utanf\u00f6r aff\u00e4rslokaler enligt de villkor som anges i lagen av den 30 maj 2014 om konsumentr\u00e4ttigheter, med beaktande av nedanst\u00e5ende villkor.<\/li>\n\n<li>Fr\u00e5ntr\u00e4dande fr\u00e5n avtalet sker genom att l\u00e4mna en fr\u00e5ntr\u00e4dandef\u00f6rklaring till s\u00e4ljaren.<\/li>\n\n<li>Returer ska skickas till adressen: Radomskie Tekstylia Przemys\u0142owe Sp. z o.o., ul. Chorzowska 17, 26-600 Radom  <\/li>\n\n<li>Returs\u00e4ndningar som skickas mot postf\u00f6rskott accepteras inte.<\/li>\n\n<li>Kunden kan fr\u00e5ntr\u00e4da avtalet inom 14 dagar fr\u00e5n mottagandet av varan, under f\u00f6ruts\u00e4ttning att varan returneras i oskickat skick.<\/li>\n\n<li>Vid tecken p\u00e5 anv\u00e4ndning f\u00f6rbeh\u00e5ller sig s\u00e4ljaren r\u00e4tten att proportionellt minska det \u00e5terbetalade beloppet.<\/li>\n\n<li>Varan m\u00e5ste returneras i oskickat skick som m\u00f6jligg\u00f6r vidare \u00e5terf\u00f6rs\u00e4ljning. Detta inneb\u00e4r att kunden b\u00f6r returnera produkten i originalf\u00f6rpackning, skyddad med skyddsfolie. Vid avsaknad av originalskydd har s\u00e4ljaren r\u00e4tt att till\u00e4mpa minskning av \u00e5terbetalningen.  <\/li>\n\n<li>Kunden har r\u00e4tt till \u00e5terbetalning av leveranskostnader motsvarande det billigaste tillg\u00e4ngliga alternativet som erbjuds av s\u00e4ljaren vid tidpunkten f\u00f6r best\u00e4llningen.<\/li>\n\n<li>R\u00e4tten att fr\u00e5ntr\u00e4da avtalet g\u00e4ller inte personaliserade varor (icke-prefabricerade).<\/li>\n\n<li>Produkter s\u00e5som remsgardiner, som best\u00e5r av individuellt anpassade element (t.ex. tillskurna remsor, monterade beslag, monteringslister), omfattas inte av retur.<\/li>\n\n<li>R\u00e4tten att fr\u00e5ntr\u00e4da avtalet g\u00e4ller inte f\u00f6r best\u00e4llningar d\u00e4r varan tillverkas enligt kundens specifikationer eller anpassas till kundens individuella behov.<\/li>\n\n<li>S\u00e4ljaren rekommenderar l\u00e4ngder p\u00e5 remsor i enlighet med tillverkarens rekommendationer, men kan tillverka remsor med de m\u00e5tt som kunden anger. Vid best\u00e4llning av remsor som inte \u00f6verensst\u00e4mmer med tillverkarens rekommendationer tar s\u00e4ljaren inget ansvar f\u00f6r de konsekvenser som f\u00f6ljer d\u00e4rav. <\/li>\n<\/ol>\n\n<p><strong>REKLAMATIONER<\/strong><\/p>\n\n<ol class=\"wp-block-list\">\n<li>S\u00e4ljaren garanterar att alla erbjudna produkter \u00e4r fria fr\u00e5n defekter.<\/li>\n\n<li>Leverans av varan sker vid \u00f6verl\u00e4mnandet till transportf\u00f6retaget. Fr\u00e5n och med detta \u00f6gonblick vilar risken f\u00f6r skada eller f\u00f6rlust av varan p\u00e5 kunden. <\/li>\n\n<li>S\u00e4ljaren tillhandah\u00e5ller bruksanvisningar fr\u00e5n tillverkaren och, vid behov, ytterligare information om produkten.<\/li>\n\n<li>S\u00e4ljaren accepterar inte f\u00f6rs\u00e4ndelser mot postf\u00f6rskott.<\/li>\n<\/ol>\n\t\t\t\t\t\t\t\t<\/div>\n\t\t\t\t\t<\/div>\n\t\t\t\t<\/div>\n\t\t\t\t<\/div>\n\t\t","protected":false},"excerpt":{"rendered":"<p>V\u00e5r webbplatsadress \u00e4r: https:\/\/rtp-radom.eu. I enlighet med artikel 13.1 och 13.2 i den allm\u00e4nna dataskyddsf\u00f6rordningen av den 27 april 2016 (GDPR) informerar vi er om&hellip;<\/p>\n","protected":false},"author":82,"featured_media":0,"parent":0,"menu_order":0,"comment_status":"closed","ping_status":"closed","template":"elementor_canvas","meta":{"inline_featured_image":false,"footnotes":""},"class_list":["post-6367","page","type-page","status-publish","hentry"],"_links":{"self":[{"href":"https:\/\/rtp-radom.eu\/sv\/wp-json\/wp\/v2\/pages\/6367","targetHints":{"allow":["GET"]}}],"collection":[{"href":"https:\/\/rtp-radom.eu\/sv\/wp-json\/wp\/v2\/pages"}],"about":[{"href":"https:\/\/rtp-radom.eu\/sv\/wp-json\/wp\/v2\/types\/page"}],"author":[{"embeddable":true,"href":"https:\/\/rtp-radom.eu\/sv\/wp-json\/wp\/v2\/users\/82"}],"replies":[{"embeddable":true,"href":"https:\/\/rtp-radom.eu\/sv\/wp-json\/wp\/v2\/comments?post=6367"}],"version-history":[{"count":0,"href":"https:\/\/rtp-radom.eu\/sv\/wp-json\/wp\/v2\/pages\/6367\/revisions"}],"wp:attachment":[{"href":"https:\/\/rtp-radom.eu\/sv\/wp-json\/wp\/v2\/media?parent=6367"}],"curies":[{"name":"wp","href":"https:\/\/api.w.org\/{rel}","templated":true}]}}