{"id":6449,"date":"2021-06-09T13:04:41","date_gmt":"2021-06-09T11:04:41","guid":{"rendered":"https:\/\/rtp-radom.eu\/information-om-gdpr\/"},"modified":"2026-04-02T13:50:58","modified_gmt":"2026-04-02T11:50:58","slug":"information-om-gdpr","status":"publish","type":"page","link":"https:\/\/rtp-radom.eu\/sv\/information-om-gdpr\/","title":{"rendered":"Information om GDPR"},"content":{"rendered":"\t\t<div data-elementor-type=\"wp-page\" data-elementor-id=\"6449\" class=\"elementor elementor-6449 elementor-814\" data-elementor-post-type=\"page\">\n\t\t\t\t<div class=\"elementor-element elementor-element-706255f e-flex e-con-boxed e-con e-parent\" data-id=\"706255f\" data-element_type=\"container\" data-e-type=\"container\">\n\t\t\t\t\t<div class=\"e-con-inner\">\n\t\t<div class=\"elementor-element elementor-element-91a8235 e-con-full e-flex e-con e-child\" data-id=\"91a8235\" data-element_type=\"container\" data-e-type=\"container\">\n\t\t\t\t<div class=\"elementor-element elementor-element-8b6938f elementor-widget elementor-widget-heading\" data-id=\"8b6938f\" data-element_type=\"widget\" data-e-type=\"widget\" data-widget_type=\"heading.default\">\n\t\t\t\t\t<h2 class=\"elementor-heading-title elementor-size-default\">Information om GDPR \u2013 Allm\u00e4n dataskyddsf\u00f6rordning\n\n<\/h2>\t\t\t\t<\/div>\n\t\t\t\t<div class=\"elementor-element elementor-element-e7c0164 elementor-widget elementor-widget-text-editor\" data-id=\"e7c0164\" data-element_type=\"widget\" data-e-type=\"widget\" data-widget_type=\"text-editor.default\">\n\t\t\t\t\t\t\t\t\t<p>Europaparlamentets och r\u00e5dets f\u00f6rordning (EU) 2016\/679 av den 27 april 2016 om skydd f\u00f6r fysiska personer med avseende p\u00e5 behandling av personuppgifter och om fri r\u00f6rlighet f\u00f6r s\u00e5dana uppgifter och om upph\u00e4vande av direktiv 95\/46\/EG (allm\u00e4n dataskyddsf\u00f6rordning \u201dGDPR\u201d). <\/p><p>GDPR-f\u00f6rordningen introducerar nya r\u00e4ttsliga l\u00f6sningar f\u00f6r principerna f\u00f6r behandling av personuppgifter. Huvudsyftet med GDPR \u00e4r att st\u00e4rka skyddet av personuppgifter f\u00f6r fysiska personer som samlas in och behandlas av f\u00f6retag och institutioner som bedriver verksamhet inom Europeiska unionen. <\/p><p>I enlighet med artikel 13 i den allm\u00e4nna dataskyddsf\u00f6rordningen av den 27 april 2016 (EUT L 119 av den 04.05.2016) informerar jag om f\u00f6ljande: <\/p><ol><li><strong>Uppgifter om personuppgiftsansvarig:<\/strong><br>Radomskie Tekstylia Przemys\u0142owe Sp. z o. o., 26-600 Radom, ul. Chorzowska 17, verksam i enlighet med registrering i Centrala registret f\u00f6r ekonomisk verksamhet (CEIDG), NIP 7962640120.<\/li><li><strong>Dina personuppgifter kommer att behandlas i syfte att: <\/strong>Svara p\u00e5 kundf\u00f6rfr\u00e5gningar om f\u00f6retagets erbjudande, f\u00f6rbereda offerter och hantera f\u00f6rs\u00e4ljningsprocessen.<\/li><li><strong>F\u00f6rem\u00e5let f\u00f6r behandlingen av dina personuppgifter \u00e4r:<br><\/strong>Arbetsgivarens namn, f\u00f6rnamn, efternamn, telefonnummer, e-postadress.<\/li><li><strong>Mottagare av dina personuppgifter \u00e4r: <\/strong>Den personuppgiftsansvarige samt enheter som tillhandah\u00e5ller konsult-, r\u00e5dgivnings-, revisions-, IT-, programmerings-, post- och kurirtj\u00e4nster samt juridisk och skatter\u00e5dgivning till den personuppgiftsansvarige.<\/li><li><strong>Personuppgifter, vid utf\u00e4rdande av f\u00f6rs\u00e4ljningsdokument, kommer att lagras under den lagstadgade perioden,<\/strong> i annat fall \u2013 under den period som kr\u00e4vs f\u00f6r att hantera f\u00f6rfr\u00e5gan.<\/li><li><strong>Du har r\u00e4tt att, med avseende p\u00e5 personuppgifter, till:<\/strong><ul><li>beg\u00e4ra tillg\u00e5ng till personuppgifter fr\u00e5n den personuppgiftsansvarige,<\/li><li>beg\u00e4ra r\u00e4ttelse av personuppgifter fr\u00e5n den personuppgiftsansvarige,<\/li><li>beg\u00e4ra radering av uppgifter som behandlas utan grund,<\/li><li>beg\u00e4ra begr\u00e4nsning av behandlingen av uppgifter,<\/li><li>inv\u00e4nda mot behandlingen av personuppgifter,<\/li><li>l\u00e4mna in ett klagom\u00e5l till tillsynsmyndigheten om du anser att behandlingen av dina personuppgifter strider mot best\u00e4mmelserna om skydd av personuppgifter.<\/li><\/ul><\/li><\/ol><p><strong>Tillhandah\u00e5llandet av uppgifter \u00e4r frivilligt, men v\u00e4gran att tillhandah\u00e5lla uppgifter kan om\u00f6jligg\u00f6ra svar p\u00e5 f\u00f6rfr\u00e5gan och genomf\u00f6rande av best\u00e4llningen.<\/strong><\/p><p><strong>Personuppgiftsansvarig<\/strong><\/p>\t\t\t\t\t\t\t\t<\/div>\n\t\t\t\t<\/div>\n\t\t\t\t\t<\/div>\n\t\t\t\t<\/div>\n\t\t\t\t<\/div>\n\t\t","protected":false},"excerpt":{"rendered":"<p>Information om GDPR \u2013 Allm\u00e4n dataskyddsf\u00f6rordning Europaparlamentets och r\u00e5dets f\u00f6rordning (EU) 2016\/679 av den 27 april 2016 om skydd f\u00f6r fysiska personer med avseende p\u00e5&hellip;<\/p>\n","protected":false},"author":82,"featured_media":0,"parent":0,"menu_order":0,"comment_status":"closed","ping_status":"closed","template":"elementor_canvas","meta":{"inline_featured_image":false,"footnotes":""},"class_list":["post-6449","page","type-page","status-publish","hentry"],"_links":{"self":[{"href":"https:\/\/rtp-radom.eu\/sv\/wp-json\/wp\/v2\/pages\/6449","targetHints":{"allow":["GET"]}}],"collection":[{"href":"https:\/\/rtp-radom.eu\/sv\/wp-json\/wp\/v2\/pages"}],"about":[{"href":"https:\/\/rtp-radom.eu\/sv\/wp-json\/wp\/v2\/types\/page"}],"author":[{"embeddable":true,"href":"https:\/\/rtp-radom.eu\/sv\/wp-json\/wp\/v2\/users\/82"}],"replies":[{"embeddable":true,"href":"https:\/\/rtp-radom.eu\/sv\/wp-json\/wp\/v2\/comments?post=6449"}],"version-history":[{"count":0,"href":"https:\/\/rtp-radom.eu\/sv\/wp-json\/wp\/v2\/pages\/6449\/revisions"}],"wp:attachment":[{"href":"https:\/\/rtp-radom.eu\/sv\/wp-json\/wp\/v2\/media?parent=6449"}],"curies":[{"name":"wp","href":"https:\/\/api.w.org\/{rel}","templated":true}]}}