{"id":6805,"date":"2021-06-08T10:10:42","date_gmt":"2021-06-08T08:10:42","guid":{"rendered":"https:\/\/rtp-radom.eu\/om-foretaget\/"},"modified":"2026-04-22T09:56:15","modified_gmt":"2026-04-22T07:56:15","slug":"om-foretaget","status":"publish","type":"page","link":"https:\/\/rtp-radom.eu\/sv\/om-foretaget\/","title":{"rendered":"Om f\u00f6retaget"},"content":{"rendered":"\t\t<div data-elementor-type=\"wp-page\" data-elementor-id=\"6805\" class=\"elementor elementor-6805 elementor-18\" data-elementor-post-type=\"page\">\n\t\t\t\t<div class=\"elementor-element elementor-element-a57d6bc e-flex e-con-boxed e-con e-parent\" data-id=\"a57d6bc\" data-element_type=\"container\" data-e-type=\"container\">\n\t\t\t\t\t<div class=\"e-con-inner\">\n\t\t<div class=\"elementor-element elementor-element-63d6039 e-con-full e-flex e-con e-child\" data-id=\"63d6039\" data-element_type=\"container\" data-e-type=\"container\">\n\t\t\t\t<div class=\"elementor-element elementor-element-5c69c54 elementor-widget elementor-widget-heading\" data-id=\"5c69c54\" data-element_type=\"widget\" data-e-type=\"widget\" data-widget_type=\"heading.default\">\n\t\t\t\t\t<h1 class=\"elementor-heading-title elementor-size-default\">Om oss \u2013 RTP Radom<\/h1>\t\t\t\t<\/div>\n\t\t\t\t<\/div>\n\t\t\t\t\t<\/div>\n\t\t\t\t<\/div>\n\t\t<div class=\"elementor-element elementor-element-13cc072 e-con-full e-flex e-con e-parent\" data-id=\"13cc072\" data-element_type=\"container\" data-e-type=\"container\">\n\t\t<div class=\"elementor-element elementor-element-e2092b8 e-con-full e-flex e-con e-child\" data-id=\"e2092b8\" data-element_type=\"container\" data-e-type=\"container\">\n\t\t\t\t<div class=\"elementor-element elementor-element-5425450 elementor-widget elementor-widget-image\" data-id=\"5425450\" data-element_type=\"widget\" data-e-type=\"widget\" data-widget_type=\"image.default\">\n\t\t\t\t\t\t\t\t\t\t\t\t\t\t\t<img fetchpriority=\"high\" decoding=\"async\" width=\"650\" height=\"520\" src=\"https:\/\/rtp-radom.eu\/wp-content\/uploads\/2021\/06\/radomskie_tekstylia_przemyslowe.jpg\" class=\"attachment-large size-large wp-image-6806\" alt=\"\" srcset=\"https:\/\/rtp-radom.eu\/wp-content\/uploads\/2021\/06\/radomskie_tekstylia_przemyslowe.jpg 650w, https:\/\/rtp-radom.eu\/wp-content\/uploads\/2021\/06\/radomskie_tekstylia_przemyslowe-600x480.jpg 600w, https:\/\/rtp-radom.eu\/wp-content\/uploads\/2021\/06\/radomskie_tekstylia_przemyslowe-300x240.jpg 300w\" sizes=\"(max-width: 650px) 100vw, 650px\" \/>\t\t\t\t\t\t\t\t\t\t\t\t\t\t\t<\/div>\n\t\t\t\t<\/div>\n\t\t<div class=\"elementor-element elementor-element-7fddae2 e-con-full e-flex e-con e-child\" data-id=\"7fddae2\" data-element_type=\"container\" data-e-type=\"container\">\n\t\t\t\t<div class=\"elementor-element elementor-element-029cf30 elementor-widget elementor-widget-heading\" data-id=\"029cf30\" data-element_type=\"widget\" data-e-type=\"widget\" data-widget_type=\"heading.default\">\n\t\t\t\t\t<h2 class=\"elementor-heading-title elementor-size-default\">Vi skapar standarder f\u00f6r modern tv\u00e4ttlogistik<\/h2>\t\t\t\t<\/div>\n\t\t\t\t<div class=\"elementor-element elementor-element-1156fbb elementor-widget elementor-widget-text-editor\" data-id=\"1156fbb\" data-element_type=\"widget\" data-e-type=\"widget\" data-widget_type=\"text-editor.default\">\n\t\t\t\t\t\t\t\t\t<p><b>Radomskie Tekstylia Przemys\u0142owe<\/b> \u00e4r ett varum\u00e4rke som sedan 2004 kontinuerligt formar marknaden f\u00f6r professionella l\u00f6sningar f\u00f6r hela <b>tv\u00e4ttbranschen i Polen och Europa<\/b>. V\u00e5r mission \u00e4r att leverera produkter som inte bara underl\u00e4ttar det dagliga arbetet, utan blir grunden f\u00f6r en <b>effektiv och milj\u00f6v\u00e4nlig process f\u00f6r textilcirkulation<\/b>. Vi specialiserar oss p\u00e5 tillverkning av h\u00e5llbara <b>tv\u00e4tts\u00e4ckar<\/b>, <b>containrar och logistiksystem<\/b> som framg\u00e5ngsrikt klarar tusentals cykler av intensivt arbete. Varje produkt som l\u00e4mnar v\u00e5r s\u00f6mnadsfabrik i Radom \u00e4r ett direkt resultat av kombinationen av passion, kunskap och moderna materialteknik. Vi f\u00f6rst\u00e5r v\u00e4l specifiken hos stora industrianl\u00e4ggningar, d\u00e4rf\u00f6r \u00e4r v\u00e5ra l\u00f6sningar utformade med tanke p\u00e5 maximal h\u00e5llbarhet och ergonomi i anv\u00e4ndningen. Vi <b>investerar kontinuerligt i v\u00e5r maskinpark<\/b> f\u00f6r att m\u00f6ta \u00e4ven de mest kr\u00e4vande skr\u00e4ddarsydda best\u00e4llningarna. V\u00e5rt engagemang f\u00f6r h\u00f6gsta kvalitet bekr\u00e4ftas av f\u00f6rtroendet fr\u00e5n hundratals kunder samt v\u00e5r m\u00e5ng\u00e5riga, stabila n\u00e4rvaro p\u00e5 marknaden. Genom att v\u00e4lja RTP Radom satsar ni p\u00e5 polsk tillverkning, tillf\u00f6rlitlighet och fullst\u00e4ndig punktlighet. Vi \u00e4r stolta \u00f6ver att v\u00e5ra textilier aktivt st\u00f6djer logistiken i de st\u00f6rsta <b>hotellen, sjukhusen och kommersiella tv\u00e4tterierna<\/b>. Vi inbjuder er att ta del av hela v\u00e5rt utbud av unika produkter som vi skapar med tanke p\u00e5 framtiden f\u00f6r den moderna textilindustrin och v\u00e5ra aff\u00e4rspartners behov i varje steg av samarbetet.         <\/p>\t\t\t\t\t\t\t\t<\/div>\n\t\t\t\t<\/div>\n\t\t\t\t<\/div>\n\t\t<div class=\"elementor-element elementor-element-998abe4 e-flex e-con-boxed e-con e-parent\" data-id=\"998abe4\" data-element_type=\"container\" data-e-type=\"container\">\n\t\t\t\t\t<div class=\"e-con-inner\">\n\t\t\t\t<div class=\"elementor-element elementor-element-ec9563c elementor-widget elementor-widget-heading\" data-id=\"ec9563c\" data-element_type=\"widget\" data-e-type=\"widget\" data-widget_type=\"heading.default\">\n\t\t\t\t\t<h2 class=\"elementor-heading-title elementor-size-default\">Varf\u00f6r RTP Radom?<\/h2>\t\t\t\t<\/div>\n\t\t\t\t<div class=\"elementor-element elementor-element-6bf9def elementor-widget elementor-widget-text-editor\" data-id=\"6bf9def\" data-element_type=\"widget\" data-e-type=\"widget\" data-widget_type=\"text-editor.default\">\n\t\t\t\t\t\t\t\t\t<p data-path-to-node=\"7\">Vi specialiserar oss p\u00e5 att <strong>utrusta industritv\u00e4tterier, sjukhus, hotell och livsmedelsf\u00f6r\u00e4dlingsanl\u00e4ggningar<\/strong>. V\u00e5r portf\u00f6lj omfattar: <\/p>\t\t\t\t\t\t\t\t<\/div>\n\t\t\t\t\t<\/div>\n\t\t\t\t<\/div>\n\t\t<div class=\"elementor-element elementor-element-590e2275 e-flex e-con-boxed e-con e-parent\" data-id=\"590e2275\" data-element_type=\"container\" data-e-type=\"container\">\n\t\t\t\t\t<div class=\"e-con-inner\">\n\t\t<div class=\"elementor-element elementor-element-3690afab e-flex e-con-boxed e-con e-child\" data-id=\"3690afab\" data-element_type=\"container\" data-e-type=\"container\">\n\t\t\t\t\t<div class=\"e-con-inner\">\n\t\t\t\t<div class=\"elementor-element elementor-element-7f9c86bc elementor-view-framed animated-slow elementor-shape-circle elementor-position-block-start elementor-mobile-position-block-start elementor-widget elementor-widget-icon-box\" data-id=\"7f9c86bc\" data-element_type=\"widget\" data-e-type=\"widget\" data-settings=\"{&quot;_animation&quot;:&quot;none&quot;}\" data-widget_type=\"icon-box.default\">\n\t\t\t\t\t\t\t<div class=\"elementor-icon-box-wrapper\">\n\n\t\t\t\t\t\t<div class=\"elementor-icon-box-icon\">\n\t\t\t\t<span  class=\"elementor-icon elementor-animation-bob\">\n\t\t\t\t<i aria-hidden=\"true\" class=\"fas fa-check\"><\/i>\t\t\t\t<\/span>\n\t\t\t<\/div>\n\t\t\t\n\t\t\t\t\t\t<div class=\"elementor-icon-box-content\">\n\n\t\t\t\t\t\t\t\t\t<h4 class=\"elementor-icon-box-title\">\n\t\t\t\t\t\t<span  >\n\t\t\t\t\t\t\tSpecialiserade tv\u00e4tts\u00e4ckar\t\t\t\t\t\t<\/span>\n\t\t\t\t\t<\/h4>\n\t\t\t\t\n\t\t\t\t\t\t\t\t\t<p class=\"elementor-icon-box-description\">\n\t\t\t\t\t\tMotst\u00e5ndskraftiga mot h\u00f6ga temperaturer och intensiv anv\u00e4ndning.\t\t\t\t\t<\/p>\n\t\t\t\t\n\t\t\t<\/div>\n\t\t\t\n\t\t<\/div>\n\t\t\t\t\t\t<\/div>\n\t\t\t\t\t<\/div>\n\t\t\t\t<\/div>\n\t\t<div class=\"elementor-element elementor-element-45f1c494 e-flex e-con-boxed e-con e-child\" data-id=\"45f1c494\" data-element_type=\"container\" data-e-type=\"container\">\n\t\t\t\t\t<div class=\"e-con-inner\">\n\t\t\t\t<div class=\"elementor-element elementor-element-47c3f8a6 elementor-view-framed animated-slow elementor-shape-circle elementor-position-block-start elementor-mobile-position-block-start elementor-widget elementor-widget-icon-box\" data-id=\"47c3f8a6\" data-element_type=\"widget\" data-e-type=\"widget\" data-settings=\"{&quot;_animation&quot;:&quot;none&quot;}\" data-widget_type=\"icon-box.default\">\n\t\t\t\t\t\t\t<div class=\"elementor-icon-box-wrapper\">\n\n\t\t\t\t\t\t<div class=\"elementor-icon-box-icon\">\n\t\t\t\t<span  class=\"elementor-icon elementor-animation-bob\">\n\t\t\t\t<i aria-hidden=\"true\" class=\"fas fa-check\"><\/i>\t\t\t\t<\/span>\n\t\t\t<\/div>\n\t\t\t\n\t\t\t\t\t\t<div class=\"elementor-icon-box-content\">\n\n\t\t\t\t\t\t\t\t\t<h4 class=\"elementor-icon-box-title\">\n\t\t\t\t\t\t<span  >\n\t\t\t\t\t\t\tLufttransportsystem\t\t\t\t\t\t<\/span>\n\t\t\t\t\t<\/h4>\n\t\t\t\t\n\t\t\t\t\t\t\t\t\t<p class=\"elementor-icon-box-description\">\n\t\t\t\t\t\tEgna textill\u00f6sningar dedikerade till automatiska transportsystem.\t\t\t\t\t<\/p>\n\t\t\t\t\n\t\t\t<\/div>\n\t\t\t\n\t\t<\/div>\n\t\t\t\t\t\t<\/div>\n\t\t\t\t\t<\/div>\n\t\t\t\t<\/div>\n\t\t<div class=\"elementor-element elementor-element-5dc5745b e-flex e-con-boxed e-con e-child\" data-id=\"5dc5745b\" data-element_type=\"container\" data-e-type=\"container\">\n\t\t\t\t\t<div class=\"e-con-inner\">\n\t\t\t\t<div class=\"elementor-element elementor-element-3a37dfd7 elementor-view-framed animated-slow elementor-shape-circle elementor-position-block-start elementor-mobile-position-block-start elementor-widget elementor-widget-icon-box\" data-id=\"3a37dfd7\" data-element_type=\"widget\" data-e-type=\"widget\" data-settings=\"{&quot;_animation&quot;:&quot;none&quot;}\" data-widget_type=\"icon-box.default\">\n\t\t\t\t\t\t\t<div class=\"elementor-icon-box-wrapper\">\n\n\t\t\t\t\t\t<div class=\"elementor-icon-box-icon\">\n\t\t\t\t<span  class=\"elementor-icon elementor-animation-bob\">\n\t\t\t\t<i aria-hidden=\"true\" class=\"fas fa-check\"><\/i>\t\t\t\t<\/span>\n\t\t\t<\/div>\n\t\t\t\n\t\t\t\t\t\t<div class=\"elementor-icon-box-content\">\n\n\t\t\t\t\t\t\t\t\t<h4 class=\"elementor-icon-box-title\">\n\t\t\t\t\t\t<span  >\n\t\t\t\t\t\t\t\u00d6verdrag f\u00f6r transportvagnar\t\t\t\t\t\t<\/span>\n\t\t\t\t\t<\/h4>\n\t\t\t\t\n\t\t\t\t\t\t\t\t\t<p class=\"elementor-icon-box-description\">\n\t\t\t\t\t\tS\u00e4kerst\u00e4ller h\u00f6gsta niv\u00e5 av hygien och skydd av rent sortiment mot externa f\u00f6roreningar.\t\t\t\t\t<\/p>\n\t\t\t\t\n\t\t\t<\/div>\n\t\t\t\n\t\t<\/div>\n\t\t\t\t\t\t<\/div>\n\t\t\t\t\t<\/div>\n\t\t\t\t<\/div>\n\t\t\t\t\t<\/div>\n\t\t\t\t<\/div>\n\t\t<div class=\"elementor-element elementor-element-43294bb e-flex e-con-boxed e-con e-parent\" data-id=\"43294bb\" data-element_type=\"container\" data-e-type=\"container\">\n\t\t\t\t\t<div class=\"e-con-inner\">\n\t\t\t\t<div class=\"elementor-element elementor-element-d5abb4f elementor-widget elementor-widget-video\" data-id=\"d5abb4f\" data-element_type=\"widget\" data-e-type=\"widget\" data-settings=\"{&quot;youtube_url&quot;:&quot;https:\\\/\\\/youtu.be\\\/RxV1ZUydlx4&quot;,&quot;autoplay&quot;:&quot;yes&quot;,&quot;mute&quot;:&quot;yes&quot;,&quot;video_type&quot;:&quot;youtube&quot;,&quot;controls&quot;:&quot;yes&quot;}\" data-widget_type=\"video.default\">\n\t\t\t\t\t\t\t<div class=\"elementor-wrapper elementor-open-inline\">\n\t\t\t<div class=\"elementor-video\"><\/div>\t\t<\/div>\n\t\t\t\t\t\t<\/div>\n\t\t\t\t\t<\/div>\n\t\t\t\t<\/div>\n\t\t<div class=\"elementor-element elementor-element-561fbdd e-flex e-con-boxed e-con e-parent\" data-id=\"561fbdd\" data-element_type=\"container\" data-e-type=\"container\">\n\t\t\t\t\t<div class=\"e-con-inner\">\n\t\t<div class=\"elementor-element elementor-element-8299047 e-con-full e-flex e-con e-child\" data-id=\"8299047\" data-element_type=\"container\" data-e-type=\"container\">\n\t\t\t\t<div class=\"elementor-element elementor-element-8b99f66 elementor-widget elementor-widget-heading\" data-id=\"8b99f66\" data-element_type=\"widget\" data-e-type=\"widget\" data-widget_type=\"heading.default\">\n\t\t\t\t\t<h2 class=\"elementor-heading-title elementor-size-default\">V\u00e5r r\u00e4ckvidd och h\u00e5llbara utveckling<\/h2>\t\t\t\t<\/div>\n\t\t\t\t<div class=\"elementor-element elementor-element-a6fecc7 elementor-widget elementor-widget-text-editor\" data-id=\"a6fecc7\" data-element_type=\"widget\" data-e-type=\"widget\" data-widget_type=\"text-editor.default\">\n\t\t\t\t\t\t\t\t\t<p>Det f\u00f6rtroende som hundratals tv\u00e4tterier i hela Europa har visat oss motiverar oss till st\u00e4ndig utveckling. Vi fokuserar p\u00e5 att implementera slutna kretslopp och hj\u00e4lper v\u00e5ra kunder att verkligen minska f\u00f6rbrukningen av eng\u00e5ngsplast samt minimera koldioxidavtrycket. V\u00e5ra kunder uppskattar oss framf\u00f6r allt f\u00f6r:  <\/p>\t\t\t\t\t\t\t\t<\/div>\n\t\t\t\t<\/div>\n\t\t<div class=\"elementor-element elementor-element-d7a9742 e-con-full e-flex e-con e-child\" data-id=\"d7a9742\" data-element_type=\"container\" data-e-type=\"container\">\n\t\t\t\t<div class=\"elementor-element elementor-element-fd1f407 animated-slow elementor-view-default elementor-position-block-start elementor-mobile-position-block-start elementor-invisible elementor-widget elementor-widget-icon-box\" data-id=\"fd1f407\" data-element_type=\"widget\" data-e-type=\"widget\" data-settings=\"{&quot;_animation&quot;:&quot;zoomInRight&quot;}\" data-widget_type=\"icon-box.default\">\n\t\t\t\t\t\t\t<div class=\"elementor-icon-box-wrapper\">\n\n\t\t\t\t\t\t<div class=\"elementor-icon-box-icon\">\n\t\t\t\t<span  class=\"elementor-icon elementor-animation-bob\">\n\t\t\t\t<i aria-hidden=\"true\" class=\"fas fa-check-double\"><\/i>\t\t\t\t<\/span>\n\t\t\t<\/div>\n\t\t\t\n\t\t\t\t\t\t<div class=\"elementor-icon-box-content\">\n\n\t\t\t\t\t\t\t\t\t<h3 class=\"elementor-icon-box-title\">\n\t\t\t\t\t\t<span  >\n\t\t\t\t\t\t\tTillf\u00f6rlitlighet\t\t\t\t\t\t<\/span>\n\t\t\t\t\t<\/h3>\n\t\t\t\t\n\t\t\t\t\t\t\t\t\t<p class=\"elementor-icon-box-description\">\n\t\t\t\t\t\tSolid utf\u00f6rande g\u00e5r hand i hand med punktliga leveranser.\t\t\t\t\t<\/p>\n\t\t\t\t\n\t\t\t<\/div>\n\t\t\t\n\t\t<\/div>\n\t\t\t\t\t\t<\/div>\n\t\t\t\t<\/div>\n\t\t<div class=\"elementor-element elementor-element-7b8eba3 e-con-full e-flex e-con e-child\" data-id=\"7b8eba3\" data-element_type=\"container\" data-e-type=\"container\">\n\t\t\t\t<div class=\"elementor-element elementor-element-732b1d7 animated-slow elementor-view-default elementor-position-block-start elementor-mobile-position-block-start elementor-invisible elementor-widget elementor-widget-icon-box\" data-id=\"732b1d7\" data-element_type=\"widget\" data-e-type=\"widget\" data-settings=\"{&quot;_animation&quot;:&quot;zoomInRight&quot;}\" data-widget_type=\"icon-box.default\">\n\t\t\t\t\t\t\t<div class=\"elementor-icon-box-wrapper\">\n\n\t\t\t\t\t\t<div class=\"elementor-icon-box-icon\">\n\t\t\t\t<span  class=\"elementor-icon elementor-animation-bob\">\n\t\t\t\t<i aria-hidden=\"true\" class=\"fas fa-check-double\"><\/i>\t\t\t\t<\/span>\n\t\t\t<\/div>\n\t\t\t\n\t\t\t\t\t\t<div class=\"elementor-icon-box-content\">\n\n\t\t\t\t\t\t\t\t\t<h3 class=\"elementor-icon-box-title\">\n\t\t\t\t\t\t<span  >\n\t\t\t\t\t\t\tEkonomi\t\t\t\t\t\t<\/span>\n\t\t\t\t\t<\/h3>\n\t\t\t\t\n\t\t\t\t\t\t\t\t\t<p class=\"elementor-icon-box-description\">\n\t\t\t\t\t\tVi erbjuder marknadens b\u00e4sta f\u00f6rh\u00e5llande mellan pris och produktens livsl\u00e4ngd.\t\t\t\t\t<\/p>\n\t\t\t\t\n\t\t\t<\/div>\n\t\t\t\n\t\t<\/div>\n\t\t\t\t\t\t<\/div>\n\t\t\t\t<\/div>\n\t\t<div class=\"elementor-element elementor-element-49c50be e-con-full e-flex e-con e-child\" data-id=\"49c50be\" data-element_type=\"container\" data-e-type=\"container\">\n\t\t\t\t<div class=\"elementor-element elementor-element-1436777 animated-slow elementor-view-default elementor-position-block-start elementor-mobile-position-block-start elementor-invisible elementor-widget elementor-widget-icon-box\" data-id=\"1436777\" data-element_type=\"widget\" data-e-type=\"widget\" data-settings=\"{&quot;_animation&quot;:&quot;zoomInRight&quot;}\" data-widget_type=\"icon-box.default\">\n\t\t\t\t\t\t\t<div class=\"elementor-icon-box-wrapper\">\n\n\t\t\t\t\t\t<div class=\"elementor-icon-box-icon\">\n\t\t\t\t<span  class=\"elementor-icon elementor-animation-bob\">\n\t\t\t\t<i aria-hidden=\"true\" class=\"fas fa-check-double\"><\/i>\t\t\t\t<\/span>\n\t\t\t<\/div>\n\t\t\t\n\t\t\t\t\t\t<div class=\"elementor-icon-box-content\">\n\n\t\t\t\t\t\t\t\t\t<h3 class=\"elementor-icon-box-title\">\n\t\t\t\t\t\t<span  >\n\t\t\t\t\t\t\tSupport\t\t\t\t\t\t<\/span>\n\t\t\t\t\t<\/h3>\n\t\t\t\t\n\t\t\t\t\t\t\t\t\t<p class=\"elementor-icon-box-description\">\n\t\t\t\t\t\tExpertr\u00e5dgivning i varje steg \u2013 fr\u00e5n val av tyg till slutlig implementering.\t\t\t\t\t<\/p>\n\t\t\t\t\n\t\t\t<\/div>\n\t\t\t\n\t\t<\/div>\n\t\t\t\t\t\t<\/div>\n\t\t\t\t<\/div>\n\t\t\t\t\t<\/div>\n\t\t\t\t<\/div>\n\t\t<div class=\"elementor-element elementor-element-6dc87ac8 e-con-full e-flex e-con e-parent\" data-id=\"6dc87ac8\" data-element_type=\"container\" data-e-type=\"container\">\n\t\t<div class=\"elementor-element elementor-element-3c068e60 e-con-full e-flex e-con e-child\" data-id=\"3c068e60\" data-element_type=\"container\" data-e-type=\"container\">\n\t\t\t\t<div class=\"elementor-element elementor-element-6435da68 elementor-widget elementor-widget-heading\" data-id=\"6435da68\" data-element_type=\"widget\" data-e-type=\"widget\" data-widget_type=\"heading.default\">\n\t\t\t\t\t<h4 class=\"elementor-heading-title elementor-size-default\">Bli en av RTP Radoms n\u00f6jda partners.<\/h4>\t\t\t\t<\/div>\n\t\t\t\t<div class=\"elementor-element elementor-element-20860b67 elementor-widget elementor-widget-text-editor\" data-id=\"20860b67\" data-element_type=\"widget\" data-e-type=\"widget\" data-widget_type=\"text-editor.default\">\n\t\t\t\t\t\t\t\t\t<p>Bli en av RTP Radoms n\u00f6jda partners och se hur v\u00e5r m\u00e5ng\u00e5riga erfarenhet inom textilbranschen kan effektivisera de dagliga processerna i ert f\u00f6retag. Vi inbjuder er till direkt kontakt med v\u00e5r specialiserade f\u00f6rs\u00e4ljningsavdelning som hj\u00e4lper till att anpassa l\u00f6sningar perfekt skr\u00e4ddarsydda efter era behov, samt till att bes\u00f6ka v\u00e5r moderna webbutik f\u00f6r tv\u00e4tterier. <\/p>\t\t\t\t\t\t\t\t<\/div>\n\t\t\t\t<div class=\"elementor-element elementor-element-1cead9c elementor-align-center elementor-mobile-align-center elementor-widget elementor-widget-button\" data-id=\"1cead9c\" data-element_type=\"widget\" data-e-type=\"widget\" data-widget_type=\"button.default\">\n\t\t\t\t\t\t\t\t\t\t<a class=\"elementor-button elementor-button-link elementor-size-sm\" href=\"https:\/\/www.rtp-radom.eu\/sklep\/\">\n\t\t\t\t\t\t<span class=\"elementor-button-content-wrapper\">\n\t\t\t\t\t\t\t\t\t<span class=\"elementor-button-text\">G\u00e5 till butiken<\/span>\n\t\t\t\t\t<\/span>\n\t\t\t\t\t<\/a>\n\t\t\t\t\t\t\t\t<\/div>\n\t\t\t\t<div class=\"elementor-element elementor-element-144fc440 elementor-align-center elementor-mobile-align-center elementor-widget elementor-widget-button\" data-id=\"144fc440\" data-element_type=\"widget\" data-e-type=\"widget\" data-widget_type=\"button.default\">\n\t\t\t\t\t\t\t\t\t\t<a class=\"elementor-button elementor-button-link elementor-size-sm\" href=\"https:\/\/rtp-radom.eu\/sv\/kontakt\/\">\n\t\t\t\t\t\t<span class=\"elementor-button-content-wrapper\">\n\t\t\t\t\t\t\t\t\t<span class=\"elementor-button-text\">Kontakt<\/span>\n\t\t\t\t\t<\/span>\n\t\t\t\t\t<\/a>\n\t\t\t\t\t\t\t\t<\/div>\n\t\t\t\t<\/div>\n\t\t\t\t<\/div>\n\t\t<div class=\"elementor-element elementor-element-289aa8e e-con-full e-flex e-con e-parent\" data-id=\"289aa8e\" data-element_type=\"container\" data-e-type=\"container\">\n\t\t<div class=\"elementor-element elementor-element-7664ab0 e-con-full e-flex e-con e-child\" data-id=\"7664ab0\" data-element_type=\"container\" data-e-type=\"container\">\n\t\t\t\t<div class=\"elementor-element elementor-element-efc0bcc elementor-widget elementor-widget-heading\" data-id=\"efc0bcc\" data-element_type=\"widget\" data-e-type=\"widget\" data-widget_type=\"heading.default\">\n\t\t\t\t\t<h2 class=\"elementor-heading-title elementor-size-default\">V\u00e5ra partners<\/h2>\t\t\t\t<\/div>\n\t\t\t\t<div class=\"elementor-element elementor-element-89d8261 loga elementor-arrows-position-outside elementor-widget elementor-widget-image-carousel\" data-id=\"89d8261\" data-element_type=\"widget\" data-e-type=\"widget\" data-settings=\"{&quot;slides_to_show&quot;:&quot;3&quot;,&quot;slides_to_scroll&quot;:&quot;1&quot;,&quot;navigation&quot;:&quot;arrows&quot;,&quot;autoplay&quot;:&quot;yes&quot;,&quot;pause_on_hover&quot;:&quot;yes&quot;,&quot;pause_on_interaction&quot;:&quot;yes&quot;,&quot;autoplay_speed&quot;:5000,&quot;infinite&quot;:&quot;yes&quot;,&quot;speed&quot;:500}\" data-widget_type=\"image-carousel.default\">\n\t\t\t\t\t\t\t<div class=\"elementor-image-carousel-wrapper swiper\" role=\"region\" aria-roledescription=\"carousel\" aria-label=\"Karuzela obrazk\u00f3w\" dir=\"ltr\">\n\t\t\t<div class=\"elementor-image-carousel swiper-wrapper\" aria-live=\"off\">\n\t\t\t\t\t\t\t\t<div class=\"swiper-slide\" role=\"group\" aria-roledescription=\"slide\" aria-label=\"1 av 7\"><figure class=\"swiper-slide-inner\"><img decoding=\"async\" class=\"swiper-slide-image\" src=\"https:\/\/rtp-radom.eu\/wp-content\/uploads\/2026\/04\/rtp-partnerzy-1.jpg\" alt=\"RTP-partners (1)\" \/><\/figure><\/div><div class=\"swiper-slide\" role=\"group\" aria-roledescription=\"slide\" aria-label=\"2 av 7\"><figure class=\"swiper-slide-inner\"><img decoding=\"async\" class=\"swiper-slide-image\" src=\"https:\/\/rtp-radom.eu\/wp-content\/uploads\/2026\/04\/rtp-partnerzy-2.jpg\" alt=\"RTP-partners (2)\" \/><\/figure><\/div><div class=\"swiper-slide\" role=\"group\" aria-roledescription=\"slide\" aria-label=\"3 av 7\"><figure class=\"swiper-slide-inner\"><img decoding=\"async\" class=\"swiper-slide-image\" src=\"https:\/\/rtp-radom.eu\/wp-content\/uploads\/2026\/04\/rtp-partnerzy-5.jpg\" alt=\"RTP-partners (5)\" \/><\/figure><\/div><div class=\"swiper-slide\" role=\"group\" aria-roledescription=\"slide\" aria-label=\"4 av 7\"><figure class=\"swiper-slide-inner\"><img decoding=\"async\" class=\"swiper-slide-image\" src=\"https:\/\/rtp-radom.eu\/wp-content\/uploads\/2026\/04\/wspolpraca-rtp-1.jpg\" alt=\"samarbete-rtp\" \/><\/figure><\/div><div class=\"swiper-slide\" role=\"group\" aria-roledescription=\"slide\" aria-label=\"5 av 7\"><figure class=\"swiper-slide-inner\"><img decoding=\"async\" class=\"swiper-slide-image\" src=\"https:\/\/rtp-radom.eu\/wp-content\/uploads\/2026\/04\/rtp-partnerzy-3.jpg\" alt=\"RTP-partners (3)\" \/><\/figure><\/div><div class=\"swiper-slide\" role=\"group\" aria-roledescription=\"slide\" aria-label=\"6 av 7\"><figure class=\"swiper-slide-inner\"><img decoding=\"async\" class=\"swiper-slide-image\" src=\"https:\/\/rtp-radom.eu\/wp-content\/uploads\/2026\/04\/rtp-partnerzy-4.jpg\" alt=\"RTP-partners (4)\" \/><\/figure><\/div><div class=\"swiper-slide\" role=\"group\" aria-roledescription=\"slide\" aria-label=\"7 av 7\"><figure class=\"swiper-slide-inner\"><img decoding=\"async\" class=\"swiper-slide-image\" src=\"https:\/\/rtp-radom.eu\/wp-content\/uploads\/2026\/04\/wspolpraca-rtp.jpg\" alt=\"samarbete-rtp\" \/><\/figure><\/div>\t\t\t<\/div>\n\t\t\t\t\t\t\t\t\t\t\t\t<div class=\"elementor-swiper-button elementor-swiper-button-prev\" role=\"button\" tabindex=\"0\">\n\t\t\t\t\t\t<i aria-hidden=\"true\" class=\"eicon-chevron-left\"><\/i>\t\t\t\t\t<\/div>\n\t\t\t\t\t<div class=\"elementor-swiper-button elementor-swiper-button-next\" role=\"button\" tabindex=\"0\">\n\t\t\t\t\t\t<i aria-hidden=\"true\" class=\"eicon-chevron-right\"><\/i>\t\t\t\t\t<\/div>\n\t\t\t\t\n\t\t\t\t\t\t\t\t\t<\/div>\n\t\t\t\t\t\t<\/div>\n\t\t\t\t<\/div>\n\t\t\t\t<\/div>\n\t\t<div class=\"elementor-element elementor-element-6e29a23 e-con-full e-flex e-con e-parent\" data-id=\"6e29a23\" data-element_type=\"container\" data-e-type=\"container\">\n\t\t<div class=\"elementor-element elementor-element-1dbeebd e-con-full e-flex e-con e-child\" data-id=\"1dbeebd\" data-element_type=\"container\" data-e-type=\"container\">\n\t\t\t\t<div class=\"elementor-element elementor-element-349794e elementor-widget elementor-widget-shortcode\" data-id=\"349794e\" data-element_type=\"widget\" data-e-type=\"widget\" data-widget_type=\"shortcode.default\">\n\t\t\t\t\t\t\t<div class=\"elementor-shortcode\">\t\t<div data-elementor-type=\"section\" data-elementor-id=\"422\" class=\"elementor elementor-422\" data-elementor-post-type=\"elementor_library\">\n\t\t\t<div class=\"elementor-element elementor-element-0ebc8da e-flex e-con-boxed e-con e-parent\" data-id=\"0ebc8da\" data-element_type=\"container\" data-e-type=\"container\" id=\"katalog\" data-settings=\"{&quot;background_background&quot;:&quot;classic&quot;}\">\n\t\t\t\t\t<div class=\"e-con-inner\">\n\t\t<div class=\"elementor-element elementor-element-56a2fde e-con-full e-flex e-con e-child\" data-id=\"56a2fde\" data-element_type=\"container\" data-e-type=\"container\">\n\t\t\t\t<div class=\"elementor-element elementor-element-23cd19b elementor-align-center elementor-widget elementor-widget-button\" data-id=\"23cd19b\" data-element_type=\"widget\" data-e-type=\"widget\" data-widget_type=\"button.default\">\n\t\t\t\t\t\t\t\t\t\t<a class=\"elementor-button elementor-button-link elementor-size-sm\" href=\"https:\/\/rtp-radom.eu\/wp-content\/uploads\/2026\/04\/RTP-katalog-PL.pdf\" target=\"_blank\">\n\t\t\t\t\t\t<span class=\"elementor-button-content-wrapper\">\n\t\t\t\t\t\t\t\t\t<span class=\"elementor-button-text\">Zobacz katalog on-line<\/span>\n\t\t\t\t\t<\/span>\n\t\t\t\t\t<\/a>\n\t\t\t\t\t\t\t\t<\/div>\n\t\t\t\t<\/div>\n\t\t\t\t\t<\/div>\n\t\t\t\t<\/div>\n\t\t\t\t<\/div>\n\t\t<\/div>\n\t\t\t\t\t\t<\/div>\n\t\t\t\t<\/div>\n\t\t\t\t<\/div>\n\t\t\t\t<\/div>\n\t\t","protected":false},"excerpt":{"rendered":"<p>Om oss \u2013 RTP Radom Vi skapar standarder f\u00f6r modern tv\u00e4ttlogistik Radomskie Tekstylia Przemys\u0142owe \u00e4r ett varum\u00e4rke som sedan 2004 kontinuerligt formar marknaden f\u00f6r professionella&hellip;<\/p>\n","protected":false},"author":82,"featured_media":0,"parent":0,"menu_order":0,"comment_status":"closed","ping_status":"closed","template":"elementor_header_footer","meta":{"inline_featured_image":false,"footnotes":""},"class_list":["post-6805","page","type-page","status-publish","hentry"],"_links":{"self":[{"href":"https:\/\/rtp-radom.eu\/sv\/wp-json\/wp\/v2\/pages\/6805","targetHints":{"allow":["GET"]}}],"collection":[{"href":"https:\/\/rtp-radom.eu\/sv\/wp-json\/wp\/v2\/pages"}],"about":[{"href":"https:\/\/rtp-radom.eu\/sv\/wp-json\/wp\/v2\/types\/page"}],"author":[{"embeddable":true,"href":"https:\/\/rtp-radom.eu\/sv\/wp-json\/wp\/v2\/users\/82"}],"replies":[{"embeddable":true,"href":"https:\/\/rtp-radom.eu\/sv\/wp-json\/wp\/v2\/comments?post=6805"}],"version-history":[{"count":0,"href":"https:\/\/rtp-radom.eu\/sv\/wp-json\/wp\/v2\/pages\/6805\/revisions"}],"wp:attachment":[{"href":"https:\/\/rtp-radom.eu\/sv\/wp-json\/wp\/v2\/media?parent=6805"}],"curies":[{"name":"wp","href":"https:\/\/api.w.org\/{rel}","templated":true}]}}