{"id":10021,"date":"2026-03-23T21:11:30","date_gmt":"2026-03-23T20:11:30","guid":{"rendered":"https:\/\/rtp-radom.eu\/produkt\/medicinsk-tvattsack-med-intelligent-stangning-90x43-cm\/"},"modified":"2026-03-23T21:11:30","modified_gmt":"2026-03-23T20:11:30","slug":"medicinsk-tvattsack-med-intelligent-stangning-90x43-cm","status":"publish","type":"product","link":"https:\/\/rtp-radom.eu\/sv\/produkt\/medicinsk-tvattsack-med-intelligent-stangning-90x43-cm\/","title":{"rendered":"Medicinsk tv\u00e4tts\u00e4ck med intelligent st\u00e4ngning | 90&#215;43 cm|"},"content":{"rendered":"","protected":false},"excerpt":{"rendered":"<p>Specialiserad transports\u00e4ck utformad f\u00f6r sjukhusens rigor\u00f6sa behov, som kombinerar ett innovativt st\u00e4ngningssystem med h\u00f6g termisk best\u00e4ndighet.<\/p>\n<h3 style=\"color: #1d389f;\">Produktspecifikation<\/h3>\n<p>&#x1f4cf; <strong>Storlek:<\/strong> 90&#215;43 cm <\/p>\n<p>&#x1f512; <strong>St\u00e4ngning:<\/strong> Intelligent bandsystem som eliminerar behovet av att knyta och l\u00f6sa upp sn\u00f6ren<\/p>\n<p>&#x1f321;&#xfe0f; <strong>Egenskaper \/ Tv\u00e4tt:<\/strong> Kan tv\u00e4ttas i temperaturer upp till 95\u00b0C och torkas i 60\u00b0C<\/p>\n<p>&#x1f455; <strong>Material \/ Vikt:<\/strong> H\u00f6gkvalitativt tekniskt tyg som t\u00e5l steriliserings- och industritv\u00e4ttprocesser<\/p>\n<p>&#x1f91d; <strong>Handtag \/ Tillbeh\u00f6r:<\/strong> Bekv\u00e4mt handtag inbyggt i s\u00e4ckens botten som underl\u00e4ttar t\u00f6mning<\/p>\n<p>&#x1f3a8; <strong>Tillg\u00e4ngliga f\u00e4rger:<\/strong> Brett f\u00e4rgutbud (finns i m\u00e5nga f\u00e4rger)<\/p>\n<p>&#x1f4e6; <strong>Minsta best\u00e4llning:<\/strong> 20 st.<\/p>\n<h3 style=\"color: #1d389f;\">Unika produktegenskaper<\/h3>\n<ul>\n<li><strong>Garanti f\u00f6r h\u00f6gsta hygien:<\/strong> M\u00f6jligheten att tv\u00e4tta i 95\u00b0C m\u00f6jligg\u00f6r effektiv termisk desinfektion, vilket \u00e4r avg\u00f6rande f\u00f6r att f\u00f6rhindra v\u00e5rdrelaterade infektioner.<\/li>\n<li><strong>Felfritt kl\u00e4msystem:<\/strong> Den egenutvecklade bandst\u00e4ngningen f\u00f6rst\u00f6rs inte i tv\u00e4tten och garanterar fullst\u00e4ndig t\u00e4thet \u2013 inneh\u00e5llet kommer inte ut \u00e4ven om s\u00e4cken v\u00e4nds upp och ner.<\/li>\n<li><strong>Effektivisering av logistikprocesser:<\/strong> Snabb \u00f6ppning och st\u00e4ngning utan besv\u00e4rliga sn\u00f6ren samt dedikerat handtag f\u00f6r t\u00f6mning f\u00f6rkortar avsev\u00e4rt hanteringstiden f\u00f6r medicinsk personal.<\/li>\n<\/ul>\n","protected":false},"featured_media":7173,"template":"","meta":{"inline_featured_image":false},"product_brand":[],"product_cat":[148],"product_tag":[358,357,387],"class_list":{"0":"post-10021","1":"product","2":"type-product","3":"status-publish","4":"has-post-thumbnail","6":"product_cat-okategoriserad","7":"product_tag-tvatterisack","8":"product_tag-tvattsack","9":"product_tag-tvattsack-for-transport","11":"first","12":"instock","13":"taxable","14":"shipping-taxable","15":"purchasable","16":"product-type-variable","17":"customify-col"},"_links":{"self":[{"href":"https:\/\/rtp-radom.eu\/sv\/wp-json\/wp\/v2\/product\/10021","targetHints":{"allow":["GET"]}}],"collection":[{"href":"https:\/\/rtp-radom.eu\/sv\/wp-json\/wp\/v2\/product"}],"about":[{"href":"https:\/\/rtp-radom.eu\/sv\/wp-json\/wp\/v2\/types\/product"}],"version-history":[{"count":0,"href":"https:\/\/rtp-radom.eu\/sv\/wp-json\/wp\/v2\/product\/10021\/revisions"}],"wp:featuredmedia":[{"embeddable":true,"href":"https:\/\/rtp-radom.eu\/sv\/wp-json\/wp\/v2\/media\/7173"}],"wp:attachment":[{"href":"https:\/\/rtp-radom.eu\/sv\/wp-json\/wp\/v2\/media?parent=10021"}],"wp:term":[{"taxonomy":"product_brand","embeddable":true,"href":"https:\/\/rtp-radom.eu\/sv\/wp-json\/wp\/v2\/product_brand?post=10021"},{"taxonomy":"product_cat","embeddable":true,"href":"https:\/\/rtp-radom.eu\/sv\/wp-json\/wp\/v2\/product_cat?post=10021"},{"taxonomy":"product_tag","embeddable":true,"href":"https:\/\/rtp-radom.eu\/sv\/wp-json\/wp\/v2\/product_tag?post=10021"}],"curies":[{"name":"wp","href":"https:\/\/api.w.org\/{rel}","templated":true}]}}