{"id":10071,"date":"2026-03-23T18:57:45","date_gmt":"2026-03-23T17:57:45","guid":{"rendered":"https:\/\/rtp-radom.eu\/produkt\/sjalvoppnande-sjukhustvattpase-100x58-cm-polyester\/"},"modified":"2026-03-23T18:57:45","modified_gmt":"2026-03-23T17:57:45","slug":"sjalvoppnande-sjukhustvattpase-100x58-cm-polyester","status":"publish","type":"product","link":"https:\/\/rtp-radom.eu\/sv\/produkt\/sjalvoppnande-sjukhustvattpase-100x58-cm-polyester\/","title":{"rendered":"Sj\u00e4lv\u00f6ppnande sjukhustv\u00e4ttp\u00e5se | 100&#215;58 cm | Polyester"},"content":{"rendered":"","protected":false},"excerpt":{"rendered":"<p>En innovativ l\u00f6sning f\u00f6r den medicinska sektorn, som automatiskt \u00f6ppnar sig inuti tv\u00e4ttmaskinen, vilket s\u00e4kerst\u00e4ller h\u00f6gsta hygienstandard och fullst\u00e4ndig personals\u00e4kerhet.<\/p>\n<h3 style=\"color: #1d389f;\">Produktspecifikation<\/h3>\n<p>&#x1f4cf; <strong>Storlek:<\/strong> standard 100&#215;58 cm (\u00e4ven anpassade m\u00e5tt tillg\u00e4ngliga enligt kundens krav) <\/p>\n<p>&#x1f512; <strong>St\u00e4ngning:<\/strong> Sj\u00e4lv\u00f6ppnande system som aktiveras automatiskt under tv\u00e4ttprocessen<\/p>\n<p>&#x1f321;&#xfe0f; <strong>Egenskaper \/ Tv\u00e4tt:<\/strong> Kapacitet 12 kg torrtv\u00e4tt; konstruktion som eliminerar behovet av manuell kontakt med smutsiga kl\u00e4der<\/p>\n<p>&#x1f455; <strong>Material \/ Vikt:<\/strong> H\u00f6gkvalitativ polyester avsedd f\u00f6r sjukhus och v\u00e5rdhem<\/p>\n<p>&#x1f91d; <strong>Handtag \/ Tillbeh\u00f6r:<\/strong> M\u00f6jlighet att applicera logotyp med v\u00e4rme\u00f6verf\u00f6ringsmetod (fr\u00e5n 20 st.)<\/p>\n<p>&#x1f4e6; <strong>Minsta best\u00e4llning:<\/strong> 20 st.<\/p>\n<h3 style=\"color: #1d389f;\">Unika produktegenskaper<\/h3>\n<ul>\n<li><strong>Maximal sanitetss\u00e4kerhet:<\/strong> Den automatiska \u00f6ppningsmekanismen inuti tv\u00e4ttmaskinens trumma eliminerar helt behovet f\u00f6r personal att r\u00f6ra smutsigt linne, vilket drastiskt minskar risken f\u00f6r \u00f6verf\u00f6ring av mikroorganismer.<\/li>\n<li><strong>Optimering av tv\u00e4ttkapacitet:<\/strong> Elimineringen av steget med manuell uppl\u00f6sning av p\u00e5sarna p\u00e5skyndar maskinlastningsprocessen avsev\u00e4rt, vilket m\u00f6jligg\u00f6r smidigare hantering av stora partier medicinska textilier.<\/li>\n<li><strong>Produktionsflexibilitet:<\/strong> M\u00f6jligheten att tillverka p\u00e5sar i valfri storlek och med logotypanpassning g\u00f6r det m\u00f6jligt att perfekt anpassa produkten till den specifika logistiken f\u00f6r varje anl\u00e4ggning.<\/li>\n<\/ul>\n","protected":false},"featured_media":7167,"template":"","meta":{"inline_featured_image":false},"product_brand":[],"product_cat":[148],"product_tag":[358,357,387],"class_list":{"0":"post-10071","1":"product","2":"type-product","3":"status-publish","4":"has-post-thumbnail","6":"product_cat-okategoriserad","7":"product_tag-tvatterisack","8":"product_tag-tvattsack","9":"product_tag-tvattsack-for-transport","11":"first","12":"onbackorder","13":"taxable","14":"shipping-taxable","15":"purchasable","16":"product-type-simple","17":"customify-col"},"_links":{"self":[{"href":"https:\/\/rtp-radom.eu\/sv\/wp-json\/wp\/v2\/product\/10071","targetHints":{"allow":["GET"]}}],"collection":[{"href":"https:\/\/rtp-radom.eu\/sv\/wp-json\/wp\/v2\/product"}],"about":[{"href":"https:\/\/rtp-radom.eu\/sv\/wp-json\/wp\/v2\/types\/product"}],"version-history":[{"count":0,"href":"https:\/\/rtp-radom.eu\/sv\/wp-json\/wp\/v2\/product\/10071\/revisions"}],"wp:featuredmedia":[{"embeddable":true,"href":"https:\/\/rtp-radom.eu\/sv\/wp-json\/wp\/v2\/media\/7167"}],"wp:attachment":[{"href":"https:\/\/rtp-radom.eu\/sv\/wp-json\/wp\/v2\/media?parent=10071"}],"wp:term":[{"taxonomy":"product_brand","embeddable":true,"href":"https:\/\/rtp-radom.eu\/sv\/wp-json\/wp\/v2\/product_brand?post=10071"},{"taxonomy":"product_cat","embeddable":true,"href":"https:\/\/rtp-radom.eu\/sv\/wp-json\/wp\/v2\/product_cat?post=10071"},{"taxonomy":"product_tag","embeddable":true,"href":"https:\/\/rtp-radom.eu\/sv\/wp-json\/wp\/v2\/product_tag?post=10071"}],"curies":[{"name":"wp","href":"https:\/\/api.w.org\/{rel}","templated":true}]}}