{"id":12100,"date":"2026-04-16T09:17:36","date_gmt":"2026-04-16T07:17:36","guid":{"rendered":"https:\/\/rtp-radom.eu\/?post_type=product&#038;p=12100"},"modified":"2026-04-20T08:49:27","modified_gmt":"2026-04-20T06:49:27","slug":"yttre-overdrag-for-transportvagnar-kopia","status":"publish","type":"product","link":"https:\/\/rtp-radom.eu\/sv\/produkt\/yttre-overdrag-for-transportvagnar-kopia\/","title":{"rendered":"P\u00e5sar f\u00f6r pneumatisk transport"},"content":{"rendered":"","protected":false},"excerpt":{"rendered":"<p data-path-to-node=\"3\"><b data-path-to-node=\"3\" data-index-in-node=\"0\">Ge ditt tv\u00e4tteri den h\u00f6gsta standarden av effektivitet och s\u00e4kerhet med RTP:s specialiserade transports\u00e4ckar.<\/b><\/p>\n<p data-path-to-node=\"4\">Monorails\u00e4ckar \u00e4r en nyckelkomponent i moderna upph\u00e4ngda tv\u00e4ttsystem. V\u00e5r l\u00f6sning m\u00f6jligg\u00f6r fullt utnyttjande av luftutrymmet, eliminerar bel\u00e4ggning av v\u00e4rdefull golvyta och effektiviserar logistiken f\u00f6r b\u00e5de smutsig och ren tv\u00e4tt. Som tillverkare garanterar vi extrem h\u00e5llbarhet, vilket \u00e4r n\u00f6dv\u00e4ndigt vid daglig transport av hundratals kilo textilier ovanf\u00f6r personalens huvuden.  <\/p>\n<h3 style=\"color: #1d389f;\">Produktspecifikation<\/h3>\n<p>&#x1f4cf; <strong>Storlek: <\/strong>Individuella kundriktlinjer (anpassade till varje typ av system) <\/p>\n<p>&#x1f512; <strong>St\u00e4ngning: <\/strong>Starka dragkedjor, sn\u00f6re eller metallhalvringar (D-ringar)<\/p>\n<p>&#x1f321;&#xfe0f; <strong>Egenskaper \/ Tv\u00e4tt: <\/strong>Material som t\u00e5l frekventa reng\u00f6rings- och desinfektionsprocesser<\/p>\n<p>&#x1f91d; <strong>Handtag \/ Tillbeh\u00f6r:<\/strong>Metall- eller plast-D-ringar, fickor f\u00f6r vikter, f\u00f6rst\u00e4rkningar<\/p>\n<p>&#x1f4e6; <strong>Minsta best\u00e4llning: V\u00e4nligen kontakta oss f\u00f6r att fastst\u00e4lla produktionsdetaljer<\/strong><\/p>\n<h3 style=\"color: #1d389f;\">Unika produktegenskaper<\/h3>\n<ul>\n<li>\n<p data-path-to-node=\"8,0,0\"><b data-path-to-node=\"8,0,0\" data-index-in-node=\"0\">Kompatibilitet:<\/b> Passar alla popul\u00e4ra lufttransportsystem som finns p\u00e5 marknaden.<\/p>\n<\/li>\n<li>\n<p data-path-to-node=\"8,1,0\"><b data-path-to-node=\"8,1,0\" data-index-in-node=\"0\">Robust konstruktion:<\/b> Anv\u00e4ndning av dubbla eller tredubbla s\u00f6mmar garanterar motst\u00e5ndskraft mot rivning \u00e4ven vid maximal belastning.<\/p>\n<\/li>\n<li>\n<p data-path-to-node=\"8,2,0\"><b data-path-to-node=\"8,2,0\" data-index-in-node=\"0\">Full personalisering:<\/b> M\u00f6jlighet att applicera kundens logotyp och nummer<\/p>\n<\/li>\n<li>\n<p data-path-to-node=\"8,3,0\"><b data-path-to-node=\"8,3,0\" data-index-in-node=\"0\">S\u00e4kerhet:<\/b> Material med h\u00f6g v\u00e4vt\u00e4thet s\u00e4kerst\u00e4ller tillf\u00f6rlitlighet, vilket \u00e4r avg\u00f6rande i system som arbetar \u00f6ver kommunikationsg\u00e5ngar.<\/p>\n<\/li>\n<li>\n<p data-path-to-node=\"8,4,0\"><b data-path-to-node=\"8,4,0\" data-index-in-node=\"0\">Funktionalitet:<\/b> Speciella fickor f\u00f6r vikter underl\u00e4ttar stabilisering och automatisk \u00f6ppning\/st\u00e4ngning av s\u00e4ckar i Monorailsystem.<\/p>\n<\/li>\n<li><strong>Material:<\/strong> 100% polyester 190-220 g\/m\u00b2, nylon 160-190 g\/m\u00b2<\/li>\n<\/ul>\n","protected":false},"featured_media":12134,"template":"","meta":{"inline_featured_image":false},"product_brand":[],"product_cat":[630],"product_tag":[],"class_list":{"0":"post-12100","1":"product","2":"type-product","3":"status-publish","4":"has-post-thumbnail","6":"product_cat-pasar-for-pneumatisk-transport","8":"first","9":"onbackorder","10":"taxable","11":"shipping-taxable","12":"purchasable","13":"product-type-simple","14":"customify-col"},"_links":{"self":[{"href":"https:\/\/rtp-radom.eu\/sv\/wp-json\/wp\/v2\/product\/12100","targetHints":{"allow":["GET"]}}],"collection":[{"href":"https:\/\/rtp-radom.eu\/sv\/wp-json\/wp\/v2\/product"}],"about":[{"href":"https:\/\/rtp-radom.eu\/sv\/wp-json\/wp\/v2\/types\/product"}],"version-history":[{"count":0,"href":"https:\/\/rtp-radom.eu\/sv\/wp-json\/wp\/v2\/product\/12100\/revisions"}],"wp:featuredmedia":[{"embeddable":true,"href":"https:\/\/rtp-radom.eu\/sv\/wp-json\/wp\/v2\/media\/12134"}],"wp:attachment":[{"href":"https:\/\/rtp-radom.eu\/sv\/wp-json\/wp\/v2\/media?parent=12100"}],"wp:term":[{"taxonomy":"product_brand","embeddable":true,"href":"https:\/\/rtp-radom.eu\/sv\/wp-json\/wp\/v2\/product_brand?post=12100"},{"taxonomy":"product_cat","embeddable":true,"href":"https:\/\/rtp-radom.eu\/sv\/wp-json\/wp\/v2\/product_cat?post=12100"},{"taxonomy":"product_tag","embeddable":true,"href":"https:\/\/rtp-radom.eu\/sv\/wp-json\/wp\/v2\/product_tag?post=12100"}],"curies":[{"name":"wp","href":"https:\/\/api.w.org\/{rel}","templated":true}]}}