{"id":8300,"date":"2026-03-24T10:09:50","date_gmt":"2026-03-24T09:09:50","guid":{"rendered":"https:\/\/rtp-radom.eu\/produkt\/reklamvaska-av-upcyklad-polyester\/"},"modified":"2026-03-24T10:09:50","modified_gmt":"2026-03-24T09:09:50","slug":"reklamvaska-av-upcyklad-polyester","status":"publish","type":"product","link":"https:\/\/rtp-radom.eu\/sv\/produkt\/reklamvaska-av-upcyklad-polyester\/","title":{"rendered":"Reklamv\u00e4ska av upcyklad polyester"},"content":{"rendered":"","protected":false},"excerpt":{"rendered":"<p>En unik v\u00e4ska skapad i en anda av h\u00e5llbarhet fr\u00e5n restmaterial fr\u00e5n produktionen, som kombinerar industriell robusthet med ett estetiskt utseende.<\/p>\n<h3 style=\"color: #1d389f;\">Produktspecifikation<\/h3>\n<p>&#x1f4cf; <strong>Storlek:<\/strong> Standardformat f\u00f6r shopping-\/reklamv\u00e4ska <\/p>\n<p>&#x1f321;&#xfe0f; <strong>Egenskaper \/ Tv\u00e4tt:<\/strong> H\u00f6g krympmotst\u00e5nd; beh\u00e5ller sin ursprungliga form \u00e4ven efter upprepad tv\u00e4tt<\/p>\n<p>&#x1f455; <strong>Material \/ Vikt:<\/strong> Slitstark upcyklad polyester, motst\u00e5ndskraftig mot n\u00f6tning och intensiv anv\u00e4ndning<\/p>\n<p>&#x1f91d; <strong>Handtag \/ Tillbeh\u00f6r:<\/strong> Robusta handtag tillg\u00e4ngliga i olika f\u00e4rger; m\u00f6jlighet att applicera logotyp (tryck eller brodyr)<\/p>\n<p>&#x1f3a8; <strong>Tillg\u00e4ngliga f\u00e4rger:<\/strong> Vit stomme med f\u00e4rgade handtag (bl.a. gr\u00f6n, bl\u00e5, beige, svart)<\/p>\n<p>&#x1f4e6; <strong>Minsta best\u00e4llning:<\/strong> 50 stycken<\/p>\n<h3 style=\"color: #1d389f;\">Unika produktegenskaper<\/h3>\n<ul>\n<li><strong>Ekologisk varum\u00e4rkesprofil:<\/strong> Anv\u00e4ndningen av upcyklade material bidrar reellt till att minska textilavfall, vilket g\u00f6r att ert f\u00f6retag kan bygga en profil som ett socialt ansvarstagande f\u00f6retag.<\/li>\n<li><strong>H\u00e5llbarhet inom industrisektorn:<\/strong> Tack vare att materialen kommer fr\u00e5n produktion av tv\u00e4ttp\u00e5sar f\u00f6r industritv\u00e4ttar, k\u00e4nnetecknas v\u00e4skan av betydligt h\u00f6gre mekanisk motst\u00e5ndskraft \u00e4n standardreklamv\u00e4skor.<\/li>\n<li><strong>Fullst\u00e4ndig visuell anpassning:<\/strong> M\u00f6jligheten att v\u00e4lja f\u00e4rg p\u00e5 handtagen och m\u00e4rkningsteknik (brodyr\/tryck) g\u00f6r det m\u00f6jligt att perfekt anpassa produkten till ert varum\u00e4rkes visuella identitet eller ett specifikt evenemang.<\/li>\n<\/ul>\n","protected":false},"featured_media":7848,"template":"","meta":{"inline_featured_image":false},"product_brand":[],"product_cat":[190],"product_tag":[194,192,193,191],"class_list":{"0":"post-8300","1":"product","2":"type-product","3":"status-publish","4":"has-post-thumbnail","6":"product_cat-tvatteritillbehor","7":"product_tag-avfall","8":"product_tag-forvaring","9":"product_tag-reklamvaska","10":"product_tag-vaska","12":"first","13":"instock","14":"taxable","15":"shipping-taxable","16":"purchasable","17":"product-type-simple","18":"customify-col"},"_links":{"self":[{"href":"https:\/\/rtp-radom.eu\/sv\/wp-json\/wp\/v2\/product\/8300","targetHints":{"allow":["GET"]}}],"collection":[{"href":"https:\/\/rtp-radom.eu\/sv\/wp-json\/wp\/v2\/product"}],"about":[{"href":"https:\/\/rtp-radom.eu\/sv\/wp-json\/wp\/v2\/types\/product"}],"version-history":[{"count":0,"href":"https:\/\/rtp-radom.eu\/sv\/wp-json\/wp\/v2\/product\/8300\/revisions"}],"wp:featuredmedia":[{"embeddable":true,"href":"https:\/\/rtp-radom.eu\/sv\/wp-json\/wp\/v2\/media\/7848"}],"wp:attachment":[{"href":"https:\/\/rtp-radom.eu\/sv\/wp-json\/wp\/v2\/media?parent=8300"}],"wp:term":[{"taxonomy":"product_brand","embeddable":true,"href":"https:\/\/rtp-radom.eu\/sv\/wp-json\/wp\/v2\/product_brand?post=8300"},{"taxonomy":"product_cat","embeddable":true,"href":"https:\/\/rtp-radom.eu\/sv\/wp-json\/wp\/v2\/product_cat?post=8300"},{"taxonomy":"product_tag","embeddable":true,"href":"https:\/\/rtp-radom.eu\/sv\/wp-json\/wp\/v2\/product_tag?post=8300"}],"curies":[{"name":"wp","href":"https:\/\/api.w.org\/{rel}","templated":true}]}}