{"id":8358,"date":"2026-03-24T09:37:20","date_gmt":"2026-03-24T08:37:20","guid":{"rendered":"https:\/\/rtp-radom.eu\/produkt\/transportvaska-for-handdukar\/"},"modified":"2026-03-24T09:37:20","modified_gmt":"2026-03-24T08:37:20","slug":"transportvaska-for-handdukar","status":"publish","type":"product","link":"https:\/\/rtp-radom.eu\/sv\/produkt\/transportvaska-for-handdukar\/","title":{"rendered":"Transportv\u00e4ska f\u00f6r handdukar"},"content":{"rendered":"","protected":false},"excerpt":{"rendered":"<p>Professionell logistikl\u00f6sning utformad f\u00f6r skrymmande leveranser, idealisk f\u00f6r transport av handdukar direkt till kund, \u00e4ven till v\u00e5ningsplan.<\/p>\n<h3 style=\"color: #1d389f;\">Produktspecifikation<\/h3>\n<p>&#x1f4cf; <strong>Storlek:<\/strong> 69 cm B x 46 cm D x 46 cm H  <\/p>\n<p>&#x1f512; <strong>St\u00e4ngning:<\/strong> Klaff med remmar och sp\u00e4nnen; \u00e4ven stegsp\u00e4nnen, instickssp\u00e4nnen eller dragkedjor finns tillg\u00e4ngliga<\/p>\n<p>&#x1f321;&#xfe0f; <strong>Egenskaper \/ Tv\u00e4tt:<\/strong> Ribbad bandstruktur som f\u00f6rhindrar att f\u00e4stet lossnar n\u00e4r det b\u00e4rs \u00f6ver axeln<\/p>\n<p>&#x1f455; <strong>Material \/ Vikt:<\/strong> 100% slitstarkt polyestertyg<\/p>\n<p>&#x1f91d; <strong>Handtag \/ Tillbeh\u00f6r:<\/strong> M\u00f6jlighet att best\u00e4lla en dedikerad vagn f\u00f6r enklare packning och transport<\/p>\n<p>&#x1f4e6; <strong>Minsta best\u00e4llning:<\/strong> 50 st<\/p>\n<h3 style=\"color: #1d389f;\">Unika produktegenskaper<\/h3>\n<ul>\n<li><strong>Laststabiliseringssystem:<\/strong> Den speciella strukturen p\u00e5 remmarna med stegsp\u00e4nne l\u00e5ser sig automatiskt under vikt, vilket f\u00f6rhindrar att v\u00e4skan \u00f6ppnas n\u00e4r den b\u00e4rs \u00f6ver axeln.<\/li>\n<li><strong>Maximalt skydd av inneh\u00e5llet:<\/strong> Anv\u00e4ndningen av en klaff och ett sp\u00e4nnsystem f\u00f6r att s\u00e4kra inneh\u00e5llet garanterar att de transporterade handdukarna f\u00f6rblir s\u00e4kert skyddade mot smuts och att de faller ut.<\/li>\n<li><strong>H\u00f6g leveransergonomi:<\/strong> V\u00e4skans design har optimerats f\u00f6r att b\u00e4ra tv\u00e4tt till v\u00e5ningsplan, vilket erbjuder ett bekv\u00e4mt alternativ till styva korgar eller otympliga vagnar p\u00e5 sv\u00e5r\u00e5tkomliga platser.<\/li>\n<\/ul>\n","protected":false},"featured_media":7191,"template":"","meta":{"inline_featured_image":false},"product_brand":[],"product_cat":[252],"product_tag":[],"class_list":{"0":"post-8358","1":"product","2":"type-product","3":"status-publish","4":"has-post-thumbnail","6":"product_cat-vagnoverdrag","8":"first","9":"onbackorder","10":"taxable","11":"shipping-taxable","12":"purchasable","13":"product-type-simple","14":"customify-col"},"_links":{"self":[{"href":"https:\/\/rtp-radom.eu\/sv\/wp-json\/wp\/v2\/product\/8358","targetHints":{"allow":["GET"]}}],"collection":[{"href":"https:\/\/rtp-radom.eu\/sv\/wp-json\/wp\/v2\/product"}],"about":[{"href":"https:\/\/rtp-radom.eu\/sv\/wp-json\/wp\/v2\/types\/product"}],"version-history":[{"count":0,"href":"https:\/\/rtp-radom.eu\/sv\/wp-json\/wp\/v2\/product\/8358\/revisions"}],"wp:featuredmedia":[{"embeddable":true,"href":"https:\/\/rtp-radom.eu\/sv\/wp-json\/wp\/v2\/media\/7191"}],"wp:attachment":[{"href":"https:\/\/rtp-radom.eu\/sv\/wp-json\/wp\/v2\/media?parent=8358"}],"wp:term":[{"taxonomy":"product_brand","embeddable":true,"href":"https:\/\/rtp-radom.eu\/sv\/wp-json\/wp\/v2\/product_brand?post=8358"},{"taxonomy":"product_cat","embeddable":true,"href":"https:\/\/rtp-radom.eu\/sv\/wp-json\/wp\/v2\/product_cat?post=8358"},{"taxonomy":"product_tag","embeddable":true,"href":"https:\/\/rtp-radom.eu\/sv\/wp-json\/wp\/v2\/product_tag?post=8358"}],"curies":[{"name":"wp","href":"https:\/\/api.w.org\/{rel}","templated":true}]}}