{"id":8666,"date":"2026-03-23T11:28:15","date_gmt":"2026-03-23T10:28:15","guid":{"rendered":"https:\/\/rtp-radom.eu\/produkt\/platt-tvattsack-for-transport-63x100-cm-polyester\/"},"modified":"2026-03-23T11:28:15","modified_gmt":"2026-03-23T10:28:15","slug":"platt-tvattsack-for-transport-63x100-cm-polyester","status":"publish","type":"product","link":"https:\/\/rtp-radom.eu\/sv\/produkt\/platt-tvattsack-for-transport-63x100-cm-polyester\/","title":{"rendered":"Platt tv\u00e4tts\u00e4ck f\u00f6r transport | 63&#215;100 cm | Polyester"},"content":{"rendered":"","protected":false},"excerpt":{"rendered":"<p>Professionell, f\u00f6rst\u00e4rkt transportv\u00e4ska i kraftigt material, avsedd f\u00f6r daglig, intensiv anv\u00e4ndning p\u00e5 sjukhus och hotell med de h\u00f6gsta hygienstandarderna.<\/p>\n<h3 style=\"color: #1d389f;\">Produktspecifikation<\/h3>\n<p>&#x1f4cf; <strong>Storlek:<\/strong> 63&#215;100 cm <\/p>\n<p>&#x1f512; <strong>St\u00e4ngning:<\/strong> Funktionellt och slitstarkt kardborreband<\/p>\n<p>&#x1f321;&#xfe0f; <strong>Egenskaper \/ Tv\u00e4tt:<\/strong> Exceptionellt rymlig och slitstark modell, optimerad f\u00f6r s\u00e4ker transport av tung tv\u00e4tt<\/p>\n<p>&#x1f455; <strong>Material \/ Gramvikt:<\/strong> 100% polyester med f\u00f6rh\u00f6jd gramvikt 200 g\/m\u00b2<\/p>\n<p>&#x1f91d; <strong>Handtag \/ Tillbeh\u00f6r:<\/strong> 2 starka handtag insydda i s\u00e4ckens botten, vilket underl\u00e4ttar transport och ergonomisk t\u00f6mning<\/p>\n<p>&#x1f4e6; <strong>Minsta best\u00e4llning:<\/strong> 50 st.<\/p>\n<h3 style=\"color: #1d389f;\">Unika produktegenskaper<\/h3>\n<ul>\n<li><strong>Exceptionell mekanisk h\u00e5llbarhet:<\/strong> Anv\u00e4ndningen av tyg med en gramvikt p\u00e5 200 g\/m\u00b2 g\u00f6r s\u00e4cken motst\u00e5ndskraftig mot revor och n\u00f6tning, vilket avsev\u00e4rt f\u00f6rl\u00e4nger produktens livscykel i industriell anv\u00e4ndning.<\/li>\n<li><strong>Ergonomiskt t\u00f6mningssystem:<\/strong> Det dubbla handtagssystemet i botten m\u00f6jligg\u00f6r ett s\u00e4kert grepp och snabb t\u00f6mning av inneh\u00e5llet i tv\u00e4ttmaskiner, vilket minimerar personalens anstr\u00e4ngning och p\u00e5skyndar operativa processer.<\/li>\n<li><strong>Snabb och s\u00e4ker st\u00e4ngning:<\/strong> Anv\u00e4ndningen av kardborreband som st\u00e4ngningssystem eliminerar problemet med trassliga sn\u00f6ren och m\u00f6jligg\u00f6r omedelbar s\u00e4kring av inneh\u00e5llet f\u00f6re transport till tv\u00e4tteriet.<\/li>\n<\/ul>\n","protected":false},"featured_media":5183,"template":"","meta":{"inline_featured_image":false},"product_brand":[],"product_cat":[148],"product_tag":[388,358,357,387],"class_list":{"0":"post-8666","1":"product","2":"type-product","3":"status-publish","4":"has-post-thumbnail","6":"product_cat-okategoriserad","7":"product_tag-platt-sack","8":"product_tag-tvatterisack","9":"product_tag-tvattsack","10":"product_tag-tvattsack-for-transport","12":"first","13":"instock","14":"taxable","15":"shipping-taxable","16":"purchasable","17":"product-type-variable","18":"customify-col"},"_links":{"self":[{"href":"https:\/\/rtp-radom.eu\/sv\/wp-json\/wp\/v2\/product\/8666","targetHints":{"allow":["GET"]}}],"collection":[{"href":"https:\/\/rtp-radom.eu\/sv\/wp-json\/wp\/v2\/product"}],"about":[{"href":"https:\/\/rtp-radom.eu\/sv\/wp-json\/wp\/v2\/types\/product"}],"version-history":[{"count":0,"href":"https:\/\/rtp-radom.eu\/sv\/wp-json\/wp\/v2\/product\/8666\/revisions"}],"wp:featuredmedia":[{"embeddable":true,"href":"https:\/\/rtp-radom.eu\/sv\/wp-json\/wp\/v2\/media\/5183"}],"wp:attachment":[{"href":"https:\/\/rtp-radom.eu\/sv\/wp-json\/wp\/v2\/media?parent=8666"}],"wp:term":[{"taxonomy":"product_brand","embeddable":true,"href":"https:\/\/rtp-radom.eu\/sv\/wp-json\/wp\/v2\/product_brand?post=8666"},{"taxonomy":"product_cat","embeddable":true,"href":"https:\/\/rtp-radom.eu\/sv\/wp-json\/wp\/v2\/product_cat?post=8666"},{"taxonomy":"product_tag","embeddable":true,"href":"https:\/\/rtp-radom.eu\/sv\/wp-json\/wp\/v2\/product_tag?post=8666"}],"curies":[{"name":"wp","href":"https:\/\/api.w.org\/{rel}","templated":true}]}}