{"id":9542,"date":"2026-03-24T09:57:16","date_gmt":"2026-03-24T08:57:16","guid":{"rendered":"https:\/\/rtp-radom.eu\/produkt\/plaggskydd-for-galge-130x58-cm\/"},"modified":"2026-03-24T09:57:16","modified_gmt":"2026-03-24T08:57:16","slug":"plaggskydd-for-galge-130x58-cm","status":"publish","type":"product","link":"https:\/\/rtp-radom.eu\/sv\/produkt\/plaggskydd-for-galge-130x58-cm\/","title":{"rendered":"Plaggskydd f\u00f6r galge | 130&#215;58 cm |"},"content":{"rendered":"","protected":false},"excerpt":{"rendered":"<p>Estetiskt och slitstarkt skyddsfodral som s\u00e4kerst\u00e4ller s\u00e4ker f\u00f6rvaring och transport av kl\u00e4der, skyddar dem mot damm och skrynklor.<\/p>\n<h3 style=\"color: #1d389f;\">Produktspecifikation<\/h3>\n<p>&#x1f4cf; <strong>Storlek:<\/strong> 130&#215;58 cm <\/p>\n<p>&#x1f512; <strong>St\u00e4ngning:<\/strong> Central dragkedja f\u00f6r snabb \u00e5tkomst till kl\u00e4derna<\/p>\n<p>&#x1f321;&#xfe0f; <strong>Egenskaper \/ Tv\u00e4tt:<\/strong> Effektivt skydd mot yttre smuts och fukt<\/p>\n<p>&#x1f455; <strong>Material \/ Gramvikt:<\/strong> Slitstarkt tekniskt tyg med elegant finish<\/p>\n<p>&#x1f91d; <strong>Handtag \/ Tillbeh\u00f6r:<\/strong> Transparent ID-f\u00f6nster och m\u00f6jlighet att v\u00e4rma p\u00e5 logotyp (fr\u00e5n 20 st.)<\/p>\n<p>&#x1f4e6; <strong>Minsta best\u00e4llning:<\/strong> 50 st.<\/p>\n<h3 style=\"color: #1d389f;\">Unika produktegenskaper<\/h3>\n<ul>\n<li><strong>Professionell sortimentsidentifiering:<\/strong> Den integrerade transparenta fickan m\u00f6jligg\u00f6r placering av en beskrivande etikett, vilket avsev\u00e4rt underl\u00e4ttar hanteringen av garderober p\u00e5 hotell, teatrar eller uthyrningsf\u00f6retag.<\/li>\n<li><strong>H\u00f6g brandingpotential:<\/strong> M\u00f6jligheten att anpassa plaggskyddet genom att v\u00e4rma p\u00e5 f\u00f6retagets logotyp m\u00f6jligg\u00f6r byggandet av en konsekvent varum\u00e4rkesimage inom premium B2B-segmentet.<\/li>\n<li><strong>Optimerat kl\u00e4dskydd:<\/strong> Den speciella designen anpassad f\u00f6r standardgalgar och en robust dragkedja garanterar att kl\u00e4derna f\u00f6rblir i perfekt skick under upprepad transport.<\/li>\n<\/ul>\n","protected":false},"featured_media":7886,"template":"","meta":{"inline_featured_image":false},"product_brand":[],"product_cat":[190],"product_tag":[],"class_list":{"0":"post-9542","1":"product","2":"type-product","3":"status-publish","4":"has-post-thumbnail","6":"product_cat-tvatteritillbehor","8":"first","9":"onbackorder","10":"taxable","11":"shipping-taxable","12":"purchasable","13":"product-type-simple","14":"customify-col"},"_links":{"self":[{"href":"https:\/\/rtp-radom.eu\/sv\/wp-json\/wp\/v2\/product\/9542","targetHints":{"allow":["GET"]}}],"collection":[{"href":"https:\/\/rtp-radom.eu\/sv\/wp-json\/wp\/v2\/product"}],"about":[{"href":"https:\/\/rtp-radom.eu\/sv\/wp-json\/wp\/v2\/types\/product"}],"version-history":[{"count":0,"href":"https:\/\/rtp-radom.eu\/sv\/wp-json\/wp\/v2\/product\/9542\/revisions"}],"wp:featuredmedia":[{"embeddable":true,"href":"https:\/\/rtp-radom.eu\/sv\/wp-json\/wp\/v2\/media\/7886"}],"wp:attachment":[{"href":"https:\/\/rtp-radom.eu\/sv\/wp-json\/wp\/v2\/media?parent=9542"}],"wp:term":[{"taxonomy":"product_brand","embeddable":true,"href":"https:\/\/rtp-radom.eu\/sv\/wp-json\/wp\/v2\/product_brand?post=9542"},{"taxonomy":"product_cat","embeddable":true,"href":"https:\/\/rtp-radom.eu\/sv\/wp-json\/wp\/v2\/product_cat?post=9542"},{"taxonomy":"product_tag","embeddable":true,"href":"https:\/\/rtp-radom.eu\/sv\/wp-json\/wp\/v2\/product_tag?post=9542"}],"curies":[{"name":"wp","href":"https:\/\/api.w.org\/{rel}","templated":true}]}}