{"id":9582,"date":"2026-03-24T09:49:02","date_gmt":"2026-03-24T08:49:02","guid":{"rendered":"https:\/\/rtp-radom.eu\/produkt\/gymhandduk-tillverkad-av-hogkvalitativ-mikrofiber\/"},"modified":"2026-03-24T09:49:02","modified_gmt":"2026-03-24T08:49:02","slug":"gymhandduk-tillverkad-av-hogkvalitativ-mikrofiber","status":"publish","type":"product","link":"https:\/\/rtp-radom.eu\/sv\/produkt\/gymhandduk-tillverkad-av-hogkvalitativ-mikrofiber\/","title":{"rendered":"Gymhandduk tillverkad av h\u00f6gkvalitativ mikrofiber"},"content":{"rendered":"","protected":false},"excerpt":{"rendered":"<p>Modern reklamhandduk i sl\u00e4t mikrofiber som tack vare h\u00f6g absorptionsf\u00f6rm\u00e5ga och l\u00e4tt konstruktion \u00e4r den perfekta f\u00f6ljeslagaren f\u00f6r tr\u00e4ning och resor.<\/p>\n<h3 style=\"color: #1d389f;\">Produktspecifikation<\/h3>\n<p>&#x1f4cf; <strong>Storlek:<\/strong> 53 x 100 cm <\/p>\n<p>&#x1f321;&#xfe0f; <strong>Egenskaper \/ Tv\u00e4tt:<\/strong> Snabbtorkande material som blixtsnabbt absorberar fukt under intensiv anstr\u00e4ngning<\/p>\n<p>&#x1f455; <strong>Material \/ Vikt:<\/strong> Mjuk, sl\u00e4t mikrofiber med h\u00f6gkvalitativ tillverkning<\/p>\n<p>&#x1f91d; <strong>Handtag \/ Tillbeh\u00f6r:<\/strong> Tv\u00e5 stilfulla versioner av finish \u2013 med diskret logotyp eller dekorativt band<\/p>\n<p>&#x1f3a8; <strong>Tillg\u00e4ngliga f\u00e4rger:<\/strong> Brett f\u00e4rgspektrum<\/p>\n<p>&#x1f4e6; <strong>Minsta best\u00e4llning:<\/strong> 50 st. (produkten \u00e4r perfekt som reklamg\u00e5va) <\/p>\n<h3 style=\"color: #1d389f;\">Unika produktegenskaper<\/h3>\n<ul>\n<li><strong>Utm\u00e4rkta absorptionsegenskaper:<\/strong> Anv\u00e4ndningen av sl\u00e4t mikrofiber m\u00f6jligg\u00f6r blixtsnabb torkning av huden och ger exceptionell komfort \u00e4ven under de mest intensiva tr\u00e4ningspassen p\u00e5 gymmet eller utomhustr\u00e4ning.<\/li>\n<li><strong>H\u00f6g mobilitet och l\u00e4tthet:<\/strong> Tack vare kompakta m\u00e5tt och l\u00e5g vikt tar handduken minimal plats i tr\u00e4ningsv\u00e4skan eller bagaget, vilket g\u00f6r den till en oumb\u00e4rlig l\u00f6sning f\u00f6r aktiva personer och resen\u00e4rer.<\/li>\n<li><strong>Bred personaliseringsm\u00f6jlighet:<\/strong> Tillg\u00e5ngen till m\u00e5nga f\u00e4rgvarianter samt m\u00f6jligheten att utf\u00f6ra enf\u00e4rgad logotyp g\u00f6r att produkten \u00e4r en utm\u00e4rkt reklamb\u00e4rare som bygger en professionell varum\u00e4rkesimage.<\/li>\n<\/ul>\n","protected":false},"featured_media":7760,"template":"","meta":{"inline_featured_image":false},"product_brand":[],"product_cat":[190],"product_tag":[516,517,515],"class_list":{"0":"post-9582","1":"product","2":"type-product","3":"status-publish","4":"has-post-thumbnail","6":"product_cat-tvatteritillbehor","7":"product_tag-gymhandduk","8":"product_tag-mikrofiberhandduk","9":"product_tag-reklamgava","11":"first","12":"instock","13":"taxable","14":"shipping-taxable","15":"purchasable","16":"product-type-simple","17":"customify-col"},"_links":{"self":[{"href":"https:\/\/rtp-radom.eu\/sv\/wp-json\/wp\/v2\/product\/9582","targetHints":{"allow":["GET"]}}],"collection":[{"href":"https:\/\/rtp-radom.eu\/sv\/wp-json\/wp\/v2\/product"}],"about":[{"href":"https:\/\/rtp-radom.eu\/sv\/wp-json\/wp\/v2\/types\/product"}],"version-history":[{"count":0,"href":"https:\/\/rtp-radom.eu\/sv\/wp-json\/wp\/v2\/product\/9582\/revisions"}],"wp:featuredmedia":[{"embeddable":true,"href":"https:\/\/rtp-radom.eu\/sv\/wp-json\/wp\/v2\/media\/7760"}],"wp:attachment":[{"href":"https:\/\/rtp-radom.eu\/sv\/wp-json\/wp\/v2\/media?parent=9582"}],"wp:term":[{"taxonomy":"product_brand","embeddable":true,"href":"https:\/\/rtp-radom.eu\/sv\/wp-json\/wp\/v2\/product_brand?post=9582"},{"taxonomy":"product_cat","embeddable":true,"href":"https:\/\/rtp-radom.eu\/sv\/wp-json\/wp\/v2\/product_cat?post=9582"},{"taxonomy":"product_tag","embeddable":true,"href":"https:\/\/rtp-radom.eu\/sv\/wp-json\/wp\/v2\/product_tag?post=9582"}],"curies":[{"name":"wp","href":"https:\/\/api.w.org\/{rel}","templated":true}]}}